
{"id":38370,"date":"2019-11-06T20:20:16","date_gmt":"2019-11-06T20:20:16","guid":{"rendered":"http:\/\/marshallradio.com\/eu\/product\/recipients-ez-torsion\/"},"modified":"2023-12-20T17:22:34","modified_gmt":"2023-12-20T17:22:34","slug":"recipients-ez-torsion","status":"publish","type":"product","link":"https:\/\/marshallradio.com\/eu\/product\/recipients-ez-torsion\/?lang=fr","title":{"rendered":"R\u00e9cipients EZ Torsion"},"content":{"rendered":"<p>Voici Marshall Radio Telemetry, nous usinons les pi\u00e8ces du r\u00e9ceptacle dans notre propre atelier.<\/p>\n<p>Nous n&#8217;avons pas les bewits disponibles.<br \/>\nLa vid\u00e9o suivante montre une excellente option de bricolage pour cr\u00e9er un simple souvenir.<br \/>\nSi vous pr\u00e9f\u00e9rez qu&#8217;un artisan cr\u00e9e un objet bien fait pour vous, nous avons notre <a href=\"https:\/\/marshallradio.com\/eu\/produit\/ez-torsion-bewits\/?lang=fr\">liste de recommandations ici<\/a>.<br \/>\nhttps:\/\/vimeo.com\/896373437<\/p>\n","protected":false},"excerpt":{"rendered":"<p><strong>La EZ Twist<\/strong><\/p>\n<p>Le moyen le plus simple et le plus rapide d\u2019installer un \u00e9metteur mont\u00e9 sur patte ou de le d\u00e9placer entre plusieurs oiseaux. Installation simple d&#8217;une main de votre \u00e9metteur avant vol, avec quelques tours, l&#8217;\u00e9metteur est s\u00e9curis\u00e9 en place sur la jambe. L&#8217;achat ne comprend que le r\u00e9cipient. Disponible d\u00e8s maintenant pour RT-GPS, ainsi que pour tous les \u00e9metteurs Marshall 1 \/ 3N aliment\u00e9s par batterie, y compris les mod\u00e8les RT Standard, RT UHF et RT Plus (2005+).<\/p>\n<p>Ceci est pour le r\u00e9ceptacle seulement.<\/p>\n<div class=\"read-more\"><a href=\"https:\/\/marshallradio.com\/eu\/product\/recipients-ez-torsion\/?lang=fr\">Read more <span class=\"screen-reader-text\">R\u00e9cipients EZ Torsion<\/span><span class=\"meta-nav\"> &#8250;<\/span><\/a><\/div>\n<p><!-- end of .read-more --><\/p>\n","protected":false},"featured_media":44194,"template":"","meta":{"_acf_changed":false},"product_brand":[],"product_cat":[61],"product_tag":[],"class_list":{"0":"post-38370","1":"product","2":"type-product","3":"status-publish","4":"has-post-thumbnail","6":"product_cat-worldwide-accessories-excluding-gulf-fr","8":"first","9":"instock","10":"taxable","11":"shipping-taxable","12":"purchasable","13":"product-type-simple"},"acf":[],"_links":{"self":[{"href":"https:\/\/marshallradio.com\/eu\/wp-json\/wp\/v2\/product\/38370","targetHints":{"allow":["GET"]}}],"collection":[{"href":"https:\/\/marshallradio.com\/eu\/wp-json\/wp\/v2\/product"}],"about":[{"href":"https:\/\/marshallradio.com\/eu\/wp-json\/wp\/v2\/types\/product"}],"wp:featuredmedia":[{"embeddable":true,"href":"https:\/\/marshallradio.com\/eu\/wp-json\/wp\/v2\/media\/44194"}],"wp:attachment":[{"href":"https:\/\/marshallradio.com\/eu\/wp-json\/wp\/v2\/media?parent=38370"}],"wp:term":[{"taxonomy":"product_brand","embeddable":true,"href":"https:\/\/marshallradio.com\/eu\/wp-json\/wp\/v2\/product_brand?post=38370"},{"taxonomy":"product_cat","embeddable":true,"href":"https:\/\/marshallradio.com\/eu\/wp-json\/wp\/v2\/product_cat?post=38370"},{"taxonomy":"product_tag","embeddable":true,"href":"https:\/\/marshallradio.com\/eu\/wp-json\/wp\/v2\/product_tag?post=38370"}],"curies":[{"name":"wp","href":"https:\/\/api.w.org\/{rel}","templated":true}]}}