
{"id":38371,"date":"2019-11-06T20:20:16","date_gmt":"2019-11-06T20:20:16","guid":{"rendered":"http:\/\/marshallradio.com\/eu\/product\/ez-twist-buchsen\/"},"modified":"2023-12-20T17:23:53","modified_gmt":"2023-12-20T17:23:53","slug":"ez-twist-buchsen","status":"publish","type":"product","link":"https:\/\/marshallradio.com\/eu\/product\/ez-twist-buchsen\/?lang=de","title":{"rendered":"EZ Twist-Buchsen"},"content":{"rendered":"<p>Bei Marshall Radio Telemetry bearbeiten wir die Beh\u00e4lterteile in unserer eigenen Werkstatt.<\/p>\n<p>Wir haben die Bewits nicht zur Verf\u00fcgung.<br \/>\nDas folgende Video zeigt eine tolle DIY-Option zum Basteln einer einfachen Verzierung.<br \/>\nWenn Sie es vorziehen, dass ein Handwerker eine gut gemachte Verzierung f\u00fcr Sie anfertigt, haben wir unsere <a href=\"https:\/\/marshallradio.com\/eu\/produkt\/ez-twist-bewits\/?lang=de\">Liste der Empfehlungen hier<\/a>.<br \/>\nhttps:\/\/vimeo.com\/896373437<\/p>\n","protected":false},"excerpt":{"rendered":"<p><strong>Der EZ Twist <\/strong><\/p>\n<p>Die einfachste und schnellste M\u00f6glichkeit, einen am Bein montierten Sender zu installieren oder ihn zwischen mehreren V\u00f6geln zu bewegen. Einfache Installation Ihres Senders mit einer Hand vor dem Flug. Mit wenigen Umdrehungen wird der Sender am Bein befestigt. Kauf schlie\u00dft nur Beh\u00e4lter ein. Verf\u00fcgbar ab sofort f\u00fcr RT-GPS sowie f\u00fcr alle batteriebetriebenen Marshall 1 \/ 3N-Sender, einschlie\u00dflich der Modelle RT Standard, RT UHF und RT Plus (2005+).<\/p>\n<p>Dies gilt nur f\u00fcr das Aufnahmest\u00fcck.<\/p>\n<div class=\"read-more\"><a href=\"https:\/\/marshallradio.com\/eu\/product\/ez-twist-buchsen\/?lang=de\">Read more <span class=\"screen-reader-text\">EZ Twist-Buchsen<\/span><span class=\"meta-nav\"> &#8250;<\/span><\/a><\/div>\n<p><!-- end of .read-more --><\/p>\n","protected":false},"featured_media":44195,"template":"","meta":{"_acf_changed":false},"product_brand":[],"product_cat":[62],"product_tag":[],"class_list":{"0":"post-38371","1":"product","2":"type-product","3":"status-publish","4":"has-post-thumbnail","6":"product_cat-worldwide-accessories-excluding-gulf-de","8":"first","9":"instock","10":"taxable","11":"shipping-taxable","12":"purchasable","13":"product-type-simple"},"acf":[],"_links":{"self":[{"href":"https:\/\/marshallradio.com\/eu\/wp-json\/wp\/v2\/product\/38371","targetHints":{"allow":["GET"]}}],"collection":[{"href":"https:\/\/marshallradio.com\/eu\/wp-json\/wp\/v2\/product"}],"about":[{"href":"https:\/\/marshallradio.com\/eu\/wp-json\/wp\/v2\/types\/product"}],"wp:featuredmedia":[{"embeddable":true,"href":"https:\/\/marshallradio.com\/eu\/wp-json\/wp\/v2\/media\/44195"}],"wp:attachment":[{"href":"https:\/\/marshallradio.com\/eu\/wp-json\/wp\/v2\/media?parent=38371"}],"wp:term":[{"taxonomy":"product_brand","embeddable":true,"href":"https:\/\/marshallradio.com\/eu\/wp-json\/wp\/v2\/product_brand?post=38371"},{"taxonomy":"product_cat","embeddable":true,"href":"https:\/\/marshallradio.com\/eu\/wp-json\/wp\/v2\/product_cat?post=38371"},{"taxonomy":"product_tag","embeddable":true,"href":"https:\/\/marshallradio.com\/eu\/wp-json\/wp\/v2\/product_tag?post=38371"}],"curies":[{"name":"wp","href":"https:\/\/api.w.org\/{rel}","templated":true}]}}