
{"id":38373,"date":"2019-11-06T20:20:16","date_gmt":"2019-11-06T20:20:16","guid":{"rendered":"http:\/\/marshallradio.com\/eu\/product\/receptaculos-ez-giro\/"},"modified":"2023-12-20T17:26:26","modified_gmt":"2023-12-20T17:26:26","slug":"receptaculos-ez-giro","status":"publish","type":"product","link":"https:\/\/marshallradio.com\/eu\/product\/receptaculos-ez-giro\/?lang=es","title":{"rendered":"Recept\u00e1culos EZ Giro"},"content":{"rendered":"<p>Aqu\u00ed est\u00e1 Marshall Radio Telemetry, mecanizamos las piezas del recept\u00e1culo en nuestro propio taller.<\/p>\n<p>No tenemos los bewits disponibles.<br \/>\nEl siguiente v\u00eddeo muestra una excelente opci\u00f3n de bricolaje para hacer un adorno sencillo.<br \/>\nSi prefiere que un artesano cree un adorno bien hecho para usted, tenemos nuestro <a href=\"https:\/\/marshallradio.com\/eu\/producto\/ez-giro-bewits\/?lang=es\">lista de recomendaciones aqu\u00ed<\/a>.<br \/>\nhttps:\/\/vimeo.com\/896373437<\/p>\n","protected":false},"excerpt":{"rendered":"<p><strong>The EZ Twist\u00a0<\/strong><\/p>\n<p>La forma m\u00e1s simple y r\u00e1pida de instalar un transmisor montado en una pata o moverlo entre varias aves. Instalaci\u00f3n simple con una mano de su transmisor antes del vuelo, con algunas revoluciones, el transmisor est\u00e1 asegurado en su lugar en la pierna. La compra incluye solo recept\u00e1culo. Disponible ahora para RT-GPS, as\u00ed como para todos los transmisores Marshall 1 \/ 3N a bater\u00eda, incluidos los modelos RT Standard, RT UHF y RT Plus (2005+).<\/p>\n<p>Esto es solo para la pieza del recept\u00e1culo.<\/p>\n<div class=\"read-more\"><a href=\"https:\/\/marshallradio.com\/eu\/product\/receptaculos-ez-giro\/?lang=es\">Read more <span class=\"screen-reader-text\">Recept\u00e1culos EZ Giro<\/span><span class=\"meta-nav\"> &#8250;<\/span><\/a><\/div>\n<p><!-- end of .read-more --><\/p>\n","protected":false},"featured_media":44197,"template":"","meta":{"_acf_changed":false},"product_brand":[],"product_cat":[64],"product_tag":[],"class_list":{"0":"post-38373","1":"product","2":"type-product","3":"status-publish","4":"has-post-thumbnail","6":"product_cat-worldwide-accessories-excluding-gulf-es","8":"first","9":"instock","10":"taxable","11":"shipping-taxable","12":"purchasable","13":"product-type-simple"},"acf":[],"_links":{"self":[{"href":"https:\/\/marshallradio.com\/eu\/wp-json\/wp\/v2\/product\/38373","targetHints":{"allow":["GET"]}}],"collection":[{"href":"https:\/\/marshallradio.com\/eu\/wp-json\/wp\/v2\/product"}],"about":[{"href":"https:\/\/marshallradio.com\/eu\/wp-json\/wp\/v2\/types\/product"}],"wp:featuredmedia":[{"embeddable":true,"href":"https:\/\/marshallradio.com\/eu\/wp-json\/wp\/v2\/media\/44197"}],"wp:attachment":[{"href":"https:\/\/marshallradio.com\/eu\/wp-json\/wp\/v2\/media?parent=38373"}],"wp:term":[{"taxonomy":"product_brand","embeddable":true,"href":"https:\/\/marshallradio.com\/eu\/wp-json\/wp\/v2\/product_brand?post=38373"},{"taxonomy":"product_cat","embeddable":true,"href":"https:\/\/marshallradio.com\/eu\/wp-json\/wp\/v2\/product_cat?post=38373"},{"taxonomy":"product_tag","embeddable":true,"href":"https:\/\/marshallradio.com\/eu\/wp-json\/wp\/v2\/product_tag?post=38373"}],"curies":[{"name":"wp","href":"https:\/\/api.w.org\/{rel}","templated":true}]}}