
{"id":38435,"date":"2019-11-06T23:17:28","date_gmt":"2019-11-06T23:17:28","guid":{"rendered":"http:\/\/marshallradio.com\/eu\/product\/poignee-du-recepteur\/"},"modified":"2021-04-21T19:05:36","modified_gmt":"2021-04-21T19:05:36","slug":"poignee-du-recepteur","status":"publish","type":"product","link":"https:\/\/marshallradio.com\/eu\/product\/poignee-du-recepteur\/?lang=fr","title":{"rendered":"Poign\u00e9e du r\u00e9cepteur"},"content":{"rendered":"","protected":false},"excerpt":{"rendered":"<p>Poign\u00e9e de remplacement pour votre Field Marshall num\u00e9rique (2007 ou plus r\u00e9cent)<\/p>\n<div class=\"read-more\"><a href=\"https:\/\/marshallradio.com\/eu\/product\/poignee-du-recepteur\/?lang=fr\">Read more <span class=\"screen-reader-text\">Poign\u00e9e du r\u00e9cepteur<\/span><span class=\"meta-nav\"> &#8250;<\/span><\/a><\/div>\n<p><!-- end of .read-more --><\/p>\n","protected":false},"featured_media":44159,"template":"","meta":{"_acf_changed":false},"product_brand":[],"product_cat":[61,84],"product_tag":[],"class_list":{"0":"post-38435","1":"product","2":"type-product","3":"status-publish","4":"has-post-thumbnail","6":"product_cat-worldwide-accessories-excluding-gulf-fr","7":"product_cat-recepteurs","9":"first","10":"instock","11":"taxable","12":"shipping-taxable","13":"purchasable","14":"product-type-variable"},"acf":[],"_links":{"self":[{"href":"https:\/\/marshallradio.com\/eu\/wp-json\/wp\/v2\/product\/38435","targetHints":{"allow":["GET"]}}],"collection":[{"href":"https:\/\/marshallradio.com\/eu\/wp-json\/wp\/v2\/product"}],"about":[{"href":"https:\/\/marshallradio.com\/eu\/wp-json\/wp\/v2\/types\/product"}],"wp:featuredmedia":[{"embeddable":true,"href":"https:\/\/marshallradio.com\/eu\/wp-json\/wp\/v2\/media\/44159"}],"wp:attachment":[{"href":"https:\/\/marshallradio.com\/eu\/wp-json\/wp\/v2\/media?parent=38435"}],"wp:term":[{"taxonomy":"product_brand","embeddable":true,"href":"https:\/\/marshallradio.com\/eu\/wp-json\/wp\/v2\/product_brand?post=38435"},{"taxonomy":"product_cat","embeddable":true,"href":"https:\/\/marshallradio.com\/eu\/wp-json\/wp\/v2\/product_cat?post=38435"},{"taxonomy":"product_tag","embeddable":true,"href":"https:\/\/marshallradio.com\/eu\/wp-json\/wp\/v2\/product_tag?post=38435"}],"curies":[{"name":"wp","href":"https:\/\/api.w.org\/{rel}","templated":true}]}}