
{"id":38462,"date":"2019-11-07T15:24:32","date_gmt":"2022-04-01T16:37:07","guid":{"rendered":"http:\/\/marshallradio.com\/eu\/?post_type=product&#038;p=38462"},"modified":"2023-07-31T20:32:06","modified_gmt":"2023-07-31T20:32:06","slug":"ez-kroutit-kluci","status":"publish","type":"product","link":"https:\/\/marshallradio.com\/eu\/product\/ez-kroutit-kluci\/?lang=cs","title":{"rendered":"EZ Kroutit Kluci"},"content":{"rendered":"<p><strong>EZ Twist\u00a0<\/strong><\/p>\n<p>Nejjednodu\u0161\u0161\u00ed a nejrychlej\u0161\u00ed zp\u016fsob instalace vys\u00edla\u010de na noze nebo jeho p\u0159esunu mezi n\u011bkolika pt\u00e1ky. Jednoduch\u00e1 instalace vys\u00edla\u010de jednou rukou p\u0159ed letem, n\u011bkolika ot\u00e1\u010dkami, vys\u00edla\u010d je zaji\u0161t\u011bn na m\u00edst\u011b na noze. Nyn\u00ed k dispozici pro RT-GPS a tak\u00e9 pro v\u0161echny vys\u00edla\u010de Marshall 1\/3N nap\u00e1jen\u00e9 bateri\u00ed, v\u010detn\u011b model\u016f: RT Standard, RT UHF a RT Plus (2005+).<\/p>\n<p>Doporu\u010dujeme zaj\u00edt k jednomu ze skv\u011bl\u00fdch dodavatel\u016f (uveden\u00fdch v\u00fd\u0161e), abyste si nechali vyrobit vlastn\u00ed EZ twist bewits nebo si prohl\u00e9dn\u011bte n\u00e1sleduj\u00edc\u00ed odkaz, kde najdete kusy z\u00e1suvek, kter\u00e9 si m\u016f\u017eete vyrobit sami.<\/p>\n<p> <a href=\"https:\/\/marshallradio.com\/ww\/product\/ez-twist-receptacles\/\">Klikn\u011bte zde<\/a> pro EZ Twist Receptacles, abyste si vytvo\u0159ili sv\u00e9 vlastn\u00ed kouzlo. <\/p>\n<p>&nbsp;<\/p>\n","protected":false},"excerpt":{"rendered":"<h3><strong>\u0160pan\u011blsko<\/strong><\/h3>\n<p><a href=\"https:\/\/api.whatsapp.com\/send?phone=34649765200&#038;text=\" target=\"_blank\" rel=\"noopener\">Enrique Sola<\/a><br \/>\nWhatApp: +34 649 76 52 00       webov\u00e1 str\u00e1nka: <a href=\"https:\/\/api.whatsapp.com\/send?phone=34649765200&#038;text=\" target=\"_blank\" rel=\"noopener\">Enrique Sola<\/a><\/p>\n<h3><strong>Spojen\u00e9 kr\u00e1lovstv\u00ed<\/strong><\/h3>\n<p><a href=\"https:\/\/hoodedtalons.co.uk\/product\/ez-twist-bewit\/\" target=\"_blank\" rel=\"noopener\">Hooded Talons<\/a><br \/>\nTelefon: 07723442669        E-mailem: kevin@hoodedtalons.co.uk      webov\u00e1 str\u00e1nka: <a href=\"https:\/\/hoodedtalons.co.uk\/product\/ez-twist-bewit\/\" target=\"_blank\" rel=\"noopener\">Hooded Talons<\/a><\/p>\n<h3><strong>Polsko<\/strong><\/h3>\n<p><a href=\"https:\/\/www.facebook.com\/media\/set\/?set=a.295684242064467&#038;type=3\" target=\"_blank\" rel=\"noopener\">Baba Yaga<\/a><br \/>\nFacebook: <a href=\"https:\/\/www.facebook.com\/media\/set\/?set=a.295684242064467&#038;type=3\" target=\"_blank\" rel=\"noopener\">Baba Yaga<\/a>      Instagram: <a href=\"https:\/\/www.instagram.com\/babayagagoshawk\/\" target=\"_blank\" rel=\"noopener\">Baba Yaga<\/a><\/p>\n<p>Telefon: + 48 533 470 420<\/p>\n<div class=\"read-more\"><a href=\"https:\/\/marshallradio.com\/eu\/product\/ez-kroutit-kluci\/?lang=cs\">Read more <span class=\"screen-reader-text\">EZ Kroutit Kluci<\/span><span class=\"meta-nav\"> &#8250;<\/span><\/a><\/div>\n<p><!-- end of .read-more --><\/p>\n","protected":false},"featured_media":52702,"template":"","meta":{"_acf_changed":false},"product_brand":[],"product_cat":[59],"product_tag":[],"class_list":{"0":"post-38462","1":"product","2":"type-product","3":"status-publish","4":"has-post-thumbnail","6":"product_cat-worldwide-accessories-excluding-gulf","8":"first","9":"outofstock","10":"taxable","11":"shipping-taxable","12":"product-type-simple"},"acf":[],"_links":{"self":[{"href":"https:\/\/marshallradio.com\/eu\/wp-json\/wp\/v2\/product\/38462","targetHints":{"allow":["GET"]}}],"collection":[{"href":"https:\/\/marshallradio.com\/eu\/wp-json\/wp\/v2\/product"}],"about":[{"href":"https:\/\/marshallradio.com\/eu\/wp-json\/wp\/v2\/types\/product"}],"wp:featuredmedia":[{"embeddable":true,"href":"https:\/\/marshallradio.com\/eu\/wp-json\/wp\/v2\/media\/52702"}],"wp:attachment":[{"href":"https:\/\/marshallradio.com\/eu\/wp-json\/wp\/v2\/media?parent=38462"}],"wp:term":[{"taxonomy":"product_brand","embeddable":true,"href":"https:\/\/marshallradio.com\/eu\/wp-json\/wp\/v2\/product_brand?post=38462"},{"taxonomy":"product_cat","embeddable":true,"href":"https:\/\/marshallradio.com\/eu\/wp-json\/wp\/v2\/product_cat?post=38462"},{"taxonomy":"product_tag","embeddable":true,"href":"https:\/\/marshallradio.com\/eu\/wp-json\/wp\/v2\/product_tag?post=38462"}],"curies":[{"name":"wp","href":"https:\/\/api.w.org\/{rel}","templated":true}]}}