
{"id":38478,"date":"2019-11-07T15:24:32","date_gmt":"2022-04-01T16:41:05","guid":{"rendered":"http:\/\/marshallradio.com\/eu\/?post_type=product&#038;p=38478"},"modified":"2023-07-31T20:33:56","modified_gmt":"2023-07-31T20:33:56","slug":"ez-torsion-bewits","status":"publish","type":"product","link":"https:\/\/marshallradio.com\/eu\/product\/ez-torsion-bewits\/?lang=fr","title":{"rendered":"EZ Torsion Bewits"},"content":{"rendered":"<p><strong>La torsion EZ\u00a0<\/strong><\/p>\n<p>Le moyen le plus simple et le plus rapide d&#8217;installer un \u00e9metteur mont\u00e9 sur patte ou de le d\u00e9placer entre plusieurs oiseaux. Installation simple d&#8217;une seule main de votre \u00e9metteur avant le vol, en quelques tours, l&#8217;\u00e9metteur est fix\u00e9 en place sur la jambe. Disponible d\u00e8s maintenant pour le RT-GPS, ainsi que tous les \u00e9metteurs aliment\u00e9s par batterie Marshall 1\/3N, y compris : les mod\u00e8les RT Standard, RT UHF et RT Plus (2005+).<\/p>\n<p>Nous vous recommandons de vous rendre chez l&#8217;un des grands fournisseurs (\u00e9num\u00e9r\u00e9s ci-dessus) pour obtenir vos bewits EZ twist personnalis\u00e9s ou de consulter le lien suivant pour les pi\u00e8ces de r\u00e9ceptacle \u00e0 fabriquer vous-m\u00eame.<\/p>\n<p> <a href=\"https:\/\/marshallradio.com\/ww\/product\/ez-twist-receptacles\/\">Cliquez ici<\/a> pour les prises EZ Twist pour cr\u00e9er vos propres bewits. <\/p>\n<p>&nbsp;<\/p>\n","protected":false},"excerpt":{"rendered":"<h3><strong>Espagne<\/strong><\/h3>\n<p><a href=\"https:\/\/api.whatsapp.com\/send?phone=34649765200&#038;text=\" target=\"_blank\" rel=\"noopener\">Enrique Sola<\/a><br \/>\nWhatApp: +34 649 76 52 00        Site Internet: <a href=\"https:\/\/api.whatsapp.com\/send?phone=34649765200&#038;text=\" target=\"_blank\" rel=\"noopener\">Enrique Sola<\/a><\/p>\n<h3><strong>Royaume-Uni<\/strong><\/h3>\n<p><a href=\"https:\/\/hoodedtalons.co.uk\/product\/ez-twist-bewit\/\" target=\"_blank\" rel=\"noopener\">Hooded Talons<\/a><br \/>\nT\u00e9l\u00e9phoner: 07723442669        Email: kevin@hoodedtalons.co.uk      Site Internet: <a href=\"https:\/\/hoodedtalons.co.uk\/product\/ez-twist-bewit\/\" target=\"_blank\" rel=\"noopener\">Hooded Talons<\/a><\/p>\n<h3><strong>Pologne<\/strong><\/h3>\n<p><a href=\"https:\/\/www.facebook.com\/media\/set\/?set=a.295684242064467&#038;type=3\" target=\"_blank\" rel=\"noopener\">Baba Yaga<\/a><br \/>\nFacebook: <a href=\"https:\/\/www.facebook.com\/media\/set\/?set=a.295684242064467&#038;type=3\" target=\"_blank\" rel=\"noopener\">Baba Yaga<\/a>      Instagram: <a href=\"https:\/\/www.instagram.com\/babayagagoshawk\/\" target=\"_blank\" rel=\"noopener\">Baba Yaga<\/a><\/p>\n<p>T\u00e9l\u00e9phoner: + 48 533 470 420<\/p>\n<div class=\"read-more\"><a href=\"https:\/\/marshallradio.com\/eu\/product\/ez-torsion-bewits\/?lang=fr\">Read more <span class=\"screen-reader-text\">EZ Torsion Bewits<\/span><span class=\"meta-nav\"> &#8250;<\/span><\/a><\/div>\n<p><!-- end of .read-more --><\/p>\n","protected":false},"featured_media":52704,"template":"","meta":{"_acf_changed":false},"product_brand":[],"product_cat":[61],"product_tag":[],"class_list":{"0":"post-38478","1":"product","2":"type-product","3":"status-publish","4":"has-post-thumbnail","6":"product_cat-worldwide-accessories-excluding-gulf-fr","8":"first","9":"outofstock","10":"taxable","11":"shipping-taxable","12":"product-type-simple"},"acf":[],"_links":{"self":[{"href":"https:\/\/marshallradio.com\/eu\/wp-json\/wp\/v2\/product\/38478","targetHints":{"allow":["GET"]}}],"collection":[{"href":"https:\/\/marshallradio.com\/eu\/wp-json\/wp\/v2\/product"}],"about":[{"href":"https:\/\/marshallradio.com\/eu\/wp-json\/wp\/v2\/types\/product"}],"wp:featuredmedia":[{"embeddable":true,"href":"https:\/\/marshallradio.com\/eu\/wp-json\/wp\/v2\/media\/52704"}],"wp:attachment":[{"href":"https:\/\/marshallradio.com\/eu\/wp-json\/wp\/v2\/media?parent=38478"}],"wp:term":[{"taxonomy":"product_brand","embeddable":true,"href":"https:\/\/marshallradio.com\/eu\/wp-json\/wp\/v2\/product_brand?post=38478"},{"taxonomy":"product_cat","embeddable":true,"href":"https:\/\/marshallradio.com\/eu\/wp-json\/wp\/v2\/product_cat?post=38478"},{"taxonomy":"product_tag","embeddable":true,"href":"https:\/\/marshallradio.com\/eu\/wp-json\/wp\/v2\/product_tag?post=38478"}],"curies":[{"name":"wp","href":"https:\/\/api.w.org\/{rel}","templated":true}]}}