
{"id":38486,"date":"2019-11-07T15:24:32","date_gmt":"2020-06-24T09:02:59","guid":{"rendered":"http:\/\/marshallradio.com\/eu\/?post_type=product&#038;p=38486"},"modified":"2023-07-31T20:34:38","modified_gmt":"2023-07-31T20:34:38","slug":"ez-twist-bewits","status":"publish","type":"product","link":"https:\/\/marshallradio.com\/eu\/product\/ez-twist-bewits\/?lang=de","title":{"rendered":"EZ Twist Riemchen"},"content":{"rendered":"<p><strong>Der EZ-Twist\u00a0<\/strong><\/p>\n<p>Der einfachste und schnellste Weg, einen am Bein montierten Sender zu installieren oder zwischen mehreren V\u00f6geln zu platzieren. Einfache Einhandmontage Ihres Senders vor dem Flug, mit wenigen Umdrehungen ist der Sender am Bein fixiert. Jetzt erh\u00e4ltlich f\u00fcr RT-GPS sowie alle batteriebetriebenen Marshall 1\/3N-Sender, einschlie\u00dflich der Modelle RT Standard, RT UHF und RT Plus (2005+).<\/p>\n<p>Wir empfehlen Ihnen, zu einem der gro\u00dfartigen Lieferanten (oben aufgef\u00fchrt) zu gehen, um Ihre individuelle EZ Twist Bewits zu erhalten, oder sehen Sie sich den folgenden Link an, um die Beh\u00e4lterteile zu finden, die Sie selbst herstellen k\u00f6nnen.<\/p>\n<p> <a href=\"https:\/\/marshallradio.com\/ww\/product\/ez-twist-receptacles\/\">Klicken Sie hier<\/a> f\u00fcr EZ Twist Receptacles, um Ihre eigenen Bewits zu machen. <\/p>\n<p>&nbsp;<\/p>\n","protected":false},"excerpt":{"rendered":"<h3><strong>Spanien<\/strong><\/h3>\n<p><a href=\"https:\/\/api.whatsapp.com\/send?phone=34649765200&#038;text=\" target=\"_blank\" rel=\"noopener\">Enrique Sola<\/a><br \/>\nWhatApp: +34 649 76 52 00        Webseite: <a href=\"https:\/\/api.whatsapp.com\/send?phone=34649765200&#038;text=\" target=\"_blank\" rel=\"noopener\">Enrique Sola<\/a><\/p>\n<h3><strong>Gro\u00dfbritannien<\/strong><\/h3>\n<p><a href=\"https:\/\/hoodedtalons.co.uk\/product\/ez-twist-bewit\/\" target=\"_blank\" rel=\"noopener\">Hooded Talons<\/a><br \/>\nTelefon: 07723442669        Email: kevin@hoodedtalons.co.uk      Webseite: <a href=\"https:\/\/hoodedtalons.co.uk\/product\/ez-twist-bewit\/\" target=\"_blank\" rel=\"noopener\">Hooded Talons<\/a><\/p>\n<h3><strong>Polen<\/strong><\/h3>\n<p><a href=\"https:\/\/www.facebook.com\/media\/set\/?set=a.295684242064467&#038;type=3\" target=\"_blank\" rel=\"noopener\">Baba Yaga<\/a><br \/>\nFacebook: <a href=\"https:\/\/www.facebook.com\/media\/set\/?set=a.295684242064467&#038;type=3\" target=\"_blank\" rel=\"noopener\">Baba Yaga<\/a>      Instagram: <a href=\"https:\/\/www.instagram.com\/babayagagoshawk\/\" target=\"_blank\" rel=\"noopener\">Baba Yaga<\/a><\/p>\n<p>Telefon: + 48 533 470 420<\/p>\n<div class=\"read-more\"><a href=\"https:\/\/marshallradio.com\/eu\/product\/ez-twist-bewits\/?lang=de\">Read more <span class=\"screen-reader-text\">EZ Twist Riemchen<\/span><span class=\"meta-nav\"> &#8250;<\/span><\/a><\/div>\n<p><!-- end of .read-more --><\/p>\n","protected":false},"featured_media":52705,"template":"","meta":{"_acf_changed":false},"product_brand":[],"product_cat":[62],"product_tag":[],"class_list":{"0":"post-38486","1":"product","2":"type-product","3":"status-publish","4":"has-post-thumbnail","6":"product_cat-worldwide-accessories-excluding-gulf-de","8":"first","9":"outofstock","10":"taxable","11":"shipping-taxable","12":"product-type-simple"},"acf":[],"_links":{"self":[{"href":"https:\/\/marshallradio.com\/eu\/wp-json\/wp\/v2\/product\/38486","targetHints":{"allow":["GET"]}}],"collection":[{"href":"https:\/\/marshallradio.com\/eu\/wp-json\/wp\/v2\/product"}],"about":[{"href":"https:\/\/marshallradio.com\/eu\/wp-json\/wp\/v2\/types\/product"}],"wp:featuredmedia":[{"embeddable":true,"href":"https:\/\/marshallradio.com\/eu\/wp-json\/wp\/v2\/media\/52705"}],"wp:attachment":[{"href":"https:\/\/marshallradio.com\/eu\/wp-json\/wp\/v2\/media?parent=38486"}],"wp:term":[{"taxonomy":"product_brand","embeddable":true,"href":"https:\/\/marshallradio.com\/eu\/wp-json\/wp\/v2\/product_brand?post=38486"},{"taxonomy":"product_cat","embeddable":true,"href":"https:\/\/marshallradio.com\/eu\/wp-json\/wp\/v2\/product_cat?post=38486"},{"taxonomy":"product_tag","embeddable":true,"href":"https:\/\/marshallradio.com\/eu\/wp-json\/wp\/v2\/product_tag?post=38486"}],"curies":[{"name":"wp","href":"https:\/\/api.w.org\/{rel}","templated":true}]}}