
{"id":38494,"date":"2019-11-07T15:24:32","date_gmt":"2022-04-01T16:44:39","guid":{"rendered":"http:\/\/marshallradio.com\/eu\/?post_type=product&#038;p=38494"},"modified":"2023-07-31T20:35:14","modified_gmt":"2023-07-31T20:35:14","slug":"ez-twist-bewits","status":"publish","type":"product","link":"https:\/\/marshallradio.com\/eu\/product\/ez-twist-bewits\/?lang=it","title":{"rendered":"EZ Twist Bewits"},"content":{"rendered":"<p><strong>L&#8217;EZ Twist\u00a0<\/strong><\/p>\n<p>Il modo pi\u00f9 semplice e veloce per installare un trasmettitore montato su una gamba o spostarlo tra pi\u00f9 uccelli. Semplice installazione con una sola mano del trasmettitore prima del volo, con pochi giri, il trasmettitore \u00e8 fissato in posizione sulla gamba. Disponibile ora per RT-GPS, cos\u00ec come per tutti i trasmettitori Marshall 1\/3N alimentati a batteria, inclusi: modelli RT Standard, RT UHF e RT Plus (2005+).<\/p>\n<p>Ti consigliamo di rivolgerti a uno dei grandi fornitori (elencati sopra) per ottenere i tuoi EZ twist bewits personalizzati o visualizzare il seguente link per i pezzi del recipiente per crearne uno tuo.<\/p>\n<p> <a href=\"https:\/\/marshallradio.com\/ww\/product\/ez-twist-receptacles\/\">Clicca qui<\/a> per EZ Twist Receptacles per creare i tuoi incantesimi. <\/p>\n<p>&nbsp;<\/p>\n","protected":false},"excerpt":{"rendered":"<h3><strong>Spagna<\/strong><\/h3>\n<p><a href=\"https:\/\/api.whatsapp.com\/send?phone=34649765200&#038;text=\" target=\"_blank\" rel=\"noopener\">Enrique Sola<\/a><br \/>\nWhatApp: +34 649 76 52 00        Sito web: <a href=\"https:\/\/api.whatsapp.com\/send?phone=34649765200&#038;text=\" target=\"_blank\" rel=\"noopener\">Enrique Sola<\/a><\/p>\n<h3><strong>Regno Unito<\/strong><\/h3>\n<p><a href=\"https:\/\/hoodedtalons.co.uk\/product\/ez-twist-bewit\/\" target=\"_blank\" rel=\"noopener\">Hooded Talons<\/a><br \/>\nTelefono: 07723442669        Email: kevin@hoodedtalons.co.uk      Sito web: <a href=\"https:\/\/hoodedtalons.co.uk\/product\/ez-twist-bewit\/\" target=\"_blank\" rel=\"noopener\">Hooded Talons<\/a><\/p>\n<h3><strong>Polonia<\/strong><\/h3>\n<p><a href=\"https:\/\/www.facebook.com\/media\/set\/?set=a.295684242064467&#038;type=3\" target=\"_blank\" rel=\"noopener\">Baba Yaga<\/a><br \/>\nFacebook: <a href=\"https:\/\/www.facebook.com\/media\/set\/?set=a.295684242064467&#038;type=3\" target=\"_blank\" rel=\"noopener\">Baba Yaga<\/a>      Instagram: <a href=\"https:\/\/www.instagram.com\/babayagagoshawk\/\" target=\"_blank\" rel=\"noopener\">Baba Yaga<\/a><\/p>\n<p>Telefono: + 48 533 470 420<\/p>\n<div class=\"read-more\"><a href=\"https:\/\/marshallradio.com\/eu\/product\/ez-twist-bewits\/?lang=it\">Read more <span class=\"screen-reader-text\">EZ Twist Bewits<\/span><span class=\"meta-nav\"> &#8250;<\/span><\/a><\/div>\n<p><!-- end of .read-more --><\/p>\n","protected":false},"featured_media":52706,"template":"","meta":{"_acf_changed":false},"product_brand":[],"product_cat":[63],"product_tag":[],"class_list":{"0":"post-38494","1":"product","2":"type-product","3":"status-publish","4":"has-post-thumbnail","6":"product_cat-worldwide-accessories-excluding-gulf-it","8":"first","9":"outofstock","10":"taxable","11":"shipping-taxable","12":"product-type-simple"},"acf":[],"_links":{"self":[{"href":"https:\/\/marshallradio.com\/eu\/wp-json\/wp\/v2\/product\/38494","targetHints":{"allow":["GET"]}}],"collection":[{"href":"https:\/\/marshallradio.com\/eu\/wp-json\/wp\/v2\/product"}],"about":[{"href":"https:\/\/marshallradio.com\/eu\/wp-json\/wp\/v2\/types\/product"}],"wp:featuredmedia":[{"embeddable":true,"href":"https:\/\/marshallradio.com\/eu\/wp-json\/wp\/v2\/media\/52706"}],"wp:attachment":[{"href":"https:\/\/marshallradio.com\/eu\/wp-json\/wp\/v2\/media?parent=38494"}],"wp:term":[{"taxonomy":"product_brand","embeddable":true,"href":"https:\/\/marshallradio.com\/eu\/wp-json\/wp\/v2\/product_brand?post=38494"},{"taxonomy":"product_cat","embeddable":true,"href":"https:\/\/marshallradio.com\/eu\/wp-json\/wp\/v2\/product_cat?post=38494"},{"taxonomy":"product_tag","embeddable":true,"href":"https:\/\/marshallradio.com\/eu\/wp-json\/wp\/v2\/product_tag?post=38494"}],"curies":[{"name":"wp","href":"https:\/\/api.w.org\/{rel}","templated":true}]}}