
{"id":39288,"date":"2020-01-24T17:47:11","date_gmt":"2020-01-24T17:47:11","guid":{"rendered":"http:\/\/marshallradio.com\/eu\/product\/baguette-magnetique\/"},"modified":"2021-04-21T19:34:24","modified_gmt":"2021-04-21T19:34:24","slug":"baguette-magnetique","status":"publish","type":"product","link":"https:\/\/marshallradio.com\/eu\/product\/baguette-magnetique\/?lang=fr","title":{"rendered":"Baguette magn\u00e9tique"},"content":{"rendered":"","protected":false},"excerpt":{"rendered":"<p>La baguette magn\u00e9tique vous permet d&#8217;allumer et d&#8217;\u00e9teindre vos \u00e9metteurs de t\u00e9l\u00e9m\u00e9trie \u00e0 bip.<br \/>\nVous pouvez \u00e9galement l&#8217;utiliser avec l&#8217;\u00e9metteur GPS pour mettre votre \u00e9metteur en veille ou pour le r\u00e9veiller. <\/p>\n<div class=\"read-more\"><a href=\"https:\/\/marshallradio.com\/eu\/product\/baguette-magnetique\/?lang=fr\">Read more <span class=\"screen-reader-text\">Baguette magn\u00e9tique<\/span><span class=\"meta-nav\"> &#8250;<\/span><\/a><\/div>\n<p><!-- end of .read-more --><\/p>\n","protected":false},"featured_media":44216,"template":"","meta":{"_acf_changed":false},"product_brand":[],"product_cat":[61,153],"product_tag":[],"class_list":{"0":"post-39288","1":"product","2":"type-product","3":"status-publish","4":"has-post-thumbnail","6":"product_cat-worldwide-accessories-excluding-gulf-fr","7":"product_cat-produits-parrot","9":"first","10":"instock","11":"taxable","12":"shipping-taxable","13":"purchasable","14":"product-type-simple"},"acf":[],"_links":{"self":[{"href":"https:\/\/marshallradio.com\/eu\/wp-json\/wp\/v2\/product\/39288","targetHints":{"allow":["GET"]}}],"collection":[{"href":"https:\/\/marshallradio.com\/eu\/wp-json\/wp\/v2\/product"}],"about":[{"href":"https:\/\/marshallradio.com\/eu\/wp-json\/wp\/v2\/types\/product"}],"wp:featuredmedia":[{"embeddable":true,"href":"https:\/\/marshallradio.com\/eu\/wp-json\/wp\/v2\/media\/44216"}],"wp:attachment":[{"href":"https:\/\/marshallradio.com\/eu\/wp-json\/wp\/v2\/media?parent=39288"}],"wp:term":[{"taxonomy":"product_brand","embeddable":true,"href":"https:\/\/marshallradio.com\/eu\/wp-json\/wp\/v2\/product_brand?post=39288"},{"taxonomy":"product_cat","embeddable":true,"href":"https:\/\/marshallradio.com\/eu\/wp-json\/wp\/v2\/product_cat?post=39288"},{"taxonomy":"product_tag","embeddable":true,"href":"https:\/\/marshallradio.com\/eu\/wp-json\/wp\/v2\/product_tag?post=39288"}],"curies":[{"name":"wp","href":"https:\/\/api.w.org\/{rel}","templated":true}]}}