
{"id":39291,"date":"2020-01-24T17:47:11","date_gmt":"2020-01-24T17:47:11","guid":{"rendered":"http:\/\/marshallradio.com\/eu\/product\/bacchetta-magnetica\/"},"modified":"2021-04-21T19:35:02","modified_gmt":"2021-04-21T19:35:02","slug":"varita-magnetica","status":"publish","type":"product","link":"https:\/\/marshallradio.com\/eu\/product\/varita-magnetica\/?lang=es","title":{"rendered":"Varita magn\u00e9tica"},"content":{"rendered":"","protected":false},"excerpt":{"rendered":"<p>La varilla magn\u00e9tica le permite encender y apagar sus transmisores de telemetr\u00eda.<br \/>\nTambi\u00e9n puede usar esto con el transmisor GPS para poner su transmisor en modo de suspensi\u00f3n o para reactivarlo. <\/p>\n<div class=\"read-more\"><a href=\"https:\/\/marshallradio.com\/eu\/product\/varita-magnetica\/?lang=es\">Read more <span class=\"screen-reader-text\">Varita magn\u00e9tica<\/span><span class=\"meta-nav\"> &#8250;<\/span><\/a><\/div>\n<p><!-- end of .read-more --><\/p>\n","protected":false},"featured_media":44219,"template":"","meta":{"_acf_changed":false},"product_brand":[],"product_cat":[64,156],"product_tag":[],"class_list":{"0":"post-39291","1":"product","2":"type-product","3":"status-publish","4":"has-post-thumbnail","6":"product_cat-worldwide-accessories-excluding-gulf-es","7":"product_cat-productos-para-loros","9":"first","10":"instock","11":"taxable","12":"shipping-taxable","13":"purchasable","14":"product-type-simple"},"acf":[],"_links":{"self":[{"href":"https:\/\/marshallradio.com\/eu\/wp-json\/wp\/v2\/product\/39291","targetHints":{"allow":["GET"]}}],"collection":[{"href":"https:\/\/marshallradio.com\/eu\/wp-json\/wp\/v2\/product"}],"about":[{"href":"https:\/\/marshallradio.com\/eu\/wp-json\/wp\/v2\/types\/product"}],"wp:featuredmedia":[{"embeddable":true,"href":"https:\/\/marshallradio.com\/eu\/wp-json\/wp\/v2\/media\/44219"}],"wp:attachment":[{"href":"https:\/\/marshallradio.com\/eu\/wp-json\/wp\/v2\/media?parent=39291"}],"wp:term":[{"taxonomy":"product_brand","embeddable":true,"href":"https:\/\/marshallradio.com\/eu\/wp-json\/wp\/v2\/product_brand?post=39291"},{"taxonomy":"product_cat","embeddable":true,"href":"https:\/\/marshallradio.com\/eu\/wp-json\/wp\/v2\/product_cat?post=39291"},{"taxonomy":"product_tag","embeddable":true,"href":"https:\/\/marshallradio.com\/eu\/wp-json\/wp\/v2\/product_tag?post=39291"}],"curies":[{"name":"wp","href":"https:\/\/api.w.org\/{rel}","templated":true}]}}