
{"id":39577,"date":"2020-03-16T18:34:42","date_gmt":"2020-03-16T18:34:42","guid":{"rendered":"http:\/\/marshallradio.com\/eu\/product\/vysilaci-sluzby\/"},"modified":"2024-02-20T19:56:54","modified_gmt":"2024-02-20T19:56:54","slug":"vysilaci-sluzby","status":"publish","type":"product","link":"https:\/\/marshallradio.com\/eu\/product\/vysilaci-sluzby\/?lang=cs","title":{"rendered":"Vys\u00edlac\u00ed slu\u017eby"},"content":{"rendered":"<p> <strong> Slu\u017eby vys\u00edla\u010de <\/strong> ka\u017ed\u00fd po 35\u20ac: zahrnuj\u00ed novou ant\u00e9nu, novou zadn\u00ed pru\u017einu, \u010dist\u00e9 kontakty baterie a celkovou zkou\u0161ku v\u00fdkonu. Pokud m\u00e1te n\u011bjak\u00e9 probl\u00e9my s vys\u00edla\u010dem (vys\u00edla\u010di), uve\u010fte tyto informace do pozn\u00e1mek p\u0159i odhl\u00e1\u0161en\u00ed. <\/p>\n<p> Zadejte spr\u00e1vn\u00e9 mno\u017estv\u00ed odes\u00edlan\u00fdch polo\u017eek. Slu\u017eby nebudou poskytov\u00e1ny, dokud nebude p\u0159ijata platba. <br \/>\nBudete odpov\u00eddat za p\u0159epravu sv\u00fdch polo\u017eek za slu\u017eby. <br \/>\nPokud n\u011bkter\u00fd z produkt\u016f zas\u00edlan\u00fdch pro slu\u017eby nen\u00ed opraviteln\u00fd, m\u016f\u017eete do 90 dn\u016f p\u0159ipsat kredit na jak\u00fdkoli produkt Marshall Radio. <\/p>\n<p> Za tuto slu\u017ebu v\u00e1m bude \u00fa\u010dtov\u00e1na cena za dopravu, tak\u017ee kdy\u017e budete p\u0159ipraveni k vr\u00e1cen\u00ed, nebudete muset platit za odesl\u00e1n\u00ed polo\u017eek. Pokud si chcete p\u0159i n\u00e1kupu t\u011bchto slu\u017eeb objednat dal\u0161\u00ed polo\u017eky, budou va\u0161e dal\u0161\u00ed polo\u017eky dr\u017eeny, dokud v\u00e1m je nebudeme moci zaslat v\u0161echny zp\u011bt spole\u010dn\u011b. Pokud budete pot\u0159ebovat dal\u0161\u00ed polo\u017eky d\u0159\u00edve, budete muset zadat samostatnou objedn\u00e1vku nebo v\u00e1m bude \u00fa\u010dtov\u00e1no, \u017ee tyto polo\u017eky budou odesl\u00e1ny odd\u011blen\u011b od va\u0161ich opraven\u00fdch polo\u017eek. <\/p>\n<p> <strong> Mezi n\u00e1vrhy sez\u00f3ny <\/strong> <br \/>\nTyto jednoduch\u00e9 kroky k ulo\u017een\u00ed vys\u00edla\u010d\u016f v mimosez\u00f3n\u011b pomohou prodlou\u017eit \u017eivotnost va\u0161eho sledovac\u00edho za\u0159\u00edzen\u00ed. <\/p>\n<p> Odstra\u0148te ne\u010distoty a zbytky z d\u0159\u00edv\u011bj\u0161\u00edch jest\u0159\u00e1b\u016f. <br \/>\nSkladujte za\u0159\u00edzen\u00ed na chladn\u00e9m a such\u00e9m m\u00edst\u011b, kde nem\u016f\u017ee hromadit prach, ne\u010distoty nebo \u0161p\u00ednu. <br \/>\nP\u0159ed uskladn\u011bn\u00edm vyjm\u011bte baterie a baterie se lehce dotkne t\u0159ec\u00edm alkoholem na vatov\u00e9m tamponu. M\u016f\u017eete tak\u00e9 pou\u017e\u00edt navlh\u010den\u00fd had\u0159\u00edk k ot\u0159en\u00ed vn\u011bj\u0161\u00edho povrchu. <br \/>\nZkontrolujte ant\u00e9ny a vym\u011b\u0148te v\u0161echny, kter\u00e9 jsou zauzlen\u00e9, po\u0161kozen\u00e9 nebo vykazuj\u00ed odhalen\u00e1 kovov\u00e1 vl\u00e1kna. <\/p>\n<p> V\u0161echny baterie by m\u011bly b\u00fdt skladov\u00e1ny v chladn\u00e9m a such\u00e9m prost\u0159ed\u00ed. Pokud se nach\u00e1z\u00edte v prost\u0159ed\u00ed s vysokou vlhkost\u00ed nebo pokud existuje riziko kondenzace (v\u010detn\u011b v lednici), baterie uchov\u00e1vejte v parot\u011bsn\u00e9 n\u00e1dob\u011b. Izolujte baterie tak, aby se nedot\u00fdkaly navz\u00e1jem, co\u017e m\u016f\u017ee zp\u016fsobit zkrat a po\u0161kozen\u00ed bateri\u00ed nebo zp\u016fsobit nadm\u011brn\u00e9 generov\u00e1n\u00ed tepla. <br \/>\nPokud jde o dob\u00edjec\u00ed baterie, krom\u011b skladov\u00e1n\u00ed na chladn\u00e9m a such\u00e9m m\u00edst\u011b, m\u011bli byste je p\u0159ed uskladn\u011bn\u00edm pro offseason pln\u011b nab\u00edt. <\/p>\n<p><strong>Pokud si zakoup\u00edte na\u0161e slu\u017eby, za\u0161lete pros\u00edm sv\u00e9 polo\u017eky do 3-4 t\u00fddn\u016f od data n\u00e1kupu.<\/strong> Pokud va\u0161e polo\u017eky b\u011bhem t\u00e9to doby neobdr\u017e\u00edme, pokus\u00edme se v\u00e1s kontaktovat ohledn\u011b aktualizac\u00ed. N\u00e1kupy slu\u017eeb budou automaticky vr\u00e1ceny do 4 t\u00fddn\u016f, pokud b\u011bhem t\u00e9to doby neobdr\u017e\u00edme va\u0161e polo\u017eky a neobdr\u017e\u00edme aktualizaci. Pokud budou va\u0161e polo\u017eky odesl\u00e1ny po zpracov\u00e1n\u00ed refundace, budete kontaktov\u00e1ni, abyste zaplatili za p\u0159ijat\u00e9 slu\u017eby.<\/p>\n<p>P\u0159i odes\u00edl\u00e1n\u00ed opravovan\u00fdch polo\u017eek do Spojen\u00e9ho kr\u00e1lovstv\u00ed uve\u010fte na celn\u00edch formul\u00e1\u0159\u00edch, \u017ee se jedn\u00e1 o vr\u00e1cen\u00ed k oprav\u011b. Vezm\u011bte pros\u00edm na v\u011bdom\u00ed, \u017ee v\u0161echny celn\u00ed poplatky za polo\u017eky zaslan\u00e9 spole\u010dnosti Marshall hrad\u00ed odes\u00edlatel. Pokud nebudou zaplaceny celn\u00ed poplatky, m\u016f\u017ee to m\u00edt za n\u00e1sledek zpo\u017ed\u011bn\u00ed nebo vr\u00e1cen\u00ed va\u0161eho vybaven\u00ed. Pokud m\u00e1te n\u011bjak\u00e9 probl\u00e9my nebo pot\u0159ebujete dal\u0161\u00ed informace, kontaktujte n\u00e1s a my v\u00e1m pom\u016f\u017eeme s vypln\u011bn\u00edm celn\u00edch prohl\u00e1\u0161en\u00ed.<br \/>\n<strong>Celn\u00ed org\u00e1ny by m\u011bly uv\u00e9st pouze n\u00e1klady na opravu, nikoli celkov\u00e9 n\u00e1klady na vracen\u00e9 za\u0159\u00edzen\u00ed.<\/strong><\/p>\n","protected":false},"excerpt":{"rendered":"<p> Pokud va\u0161e za\u0159\u00edzen\u00ed aktivn\u011b nepot\u0159ebujete, je skv\u011bl\u00fd \u010das nechat n\u00e1s zkontrolovat, vy\u010distit, vyzkou\u0161et a znovu vyladit va\u0161e za\u0159\u00edzen\u00ed. Tuto slu\u017ebu m\u016f\u017eete tak\u00e9 pou\u017e\u00edt pro v\u0161echny vys\u00edla\u010de, kter\u00e9 pot\u0159ebujete opravit. <\/p>\n<div class=\"read-more\"><a href=\"https:\/\/marshallradio.com\/eu\/product\/vysilaci-sluzby\/?lang=cs\">Read more <span class=\"screen-reader-text\">Vys\u00edlac\u00ed slu\u017eby<\/span><span class=\"meta-nav\"> &#8250;<\/span><\/a><\/div>\n<p><!-- end of .read-more --><\/p>\n","protected":false},"featured_media":30358,"template":"","meta":{"_acf_changed":false},"product_brand":[],"product_cat":[141],"product_tag":[],"class_list":{"0":"post-39577","1":"product","2":"type-product","3":"status-publish","4":"has-post-thumbnail","6":"product_cat-sluzby","8":"first","9":"instock","10":"taxable","11":"shipping-taxable","12":"purchasable","13":"product-type-simple"},"acf":[],"_links":{"self":[{"href":"https:\/\/marshallradio.com\/eu\/wp-json\/wp\/v2\/product\/39577","targetHints":{"allow":["GET"]}}],"collection":[{"href":"https:\/\/marshallradio.com\/eu\/wp-json\/wp\/v2\/product"}],"about":[{"href":"https:\/\/marshallradio.com\/eu\/wp-json\/wp\/v2\/types\/product"}],"wp:featuredmedia":[{"embeddable":true,"href":"https:\/\/marshallradio.com\/eu\/wp-json\/wp\/v2\/media\/30358"}],"wp:attachment":[{"href":"https:\/\/marshallradio.com\/eu\/wp-json\/wp\/v2\/media?parent=39577"}],"wp:term":[{"taxonomy":"product_brand","embeddable":true,"href":"https:\/\/marshallradio.com\/eu\/wp-json\/wp\/v2\/product_brand?post=39577"},{"taxonomy":"product_cat","embeddable":true,"href":"https:\/\/marshallradio.com\/eu\/wp-json\/wp\/v2\/product_cat?post=39577"},{"taxonomy":"product_tag","embeddable":true,"href":"https:\/\/marshallradio.com\/eu\/wp-json\/wp\/v2\/product_tag?post=39577"}],"curies":[{"name":"wp","href":"https:\/\/api.w.org\/{rel}","templated":true}]}}