
{"id":39580,"date":"2020-03-16T18:34:42","date_gmt":"2020-03-16T18:34:42","guid":{"rendered":"http:\/\/marshallradio.com\/eu\/product\/senderdienste\/"},"modified":"2024-02-20T19:58:07","modified_gmt":"2024-02-20T19:58:07","slug":"senderdienste","status":"publish","type":"product","link":"https:\/\/marshallradio.com\/eu\/product\/senderdienste\/?lang=de","title":{"rendered":"Sender Wartung"},"content":{"rendered":"<p><strong> Sender Wartung &lt;\/ strong&gt; jeweils 35\u20ac: Enthalten eine neue Antenne, eine neue Sto\u00dffeder,\u00a0S\u00e4uberung der Batteriekontakte und ein Gesamttest f\u00fcr die Leistung. Wenn Sie Probleme mit dem \/ den Sender (n) haben, geben Sie diese Informationen beim Auschecken in den Hinweisen an. &lt;\/ P&gt;<\/strong><\/p>\n<p>Bitte geben Sie die richtige Menge an Artikeln ein, die gesendet werden. Dienstleistungen werden erst nach Zahlungseingang erbracht.<br \/>\nSie sind f\u00fcr den Versand Ihrer Artikel f\u00fcr die Dienstleistungen verantwortlich.<br \/>\nWenn eines der f\u00fcr Dienstleistungen eingesandten Produkte nicht reparierbar ist, k\u00f6nnen Sie die Gutschrift innerhalb von 90 Tagen auf jedes Marshall Radio-Produkt anwenden. &lt;\/ p&gt;<\/p>\n<p>F\u00fcr diesen Service wird Ihnen der Versand an der Kasse in Rechnung gestellt, sodass Sie nicht f\u00fcr den Versand der Artikel bezahlen m\u00fcssen, wenn diese zur R\u00fccksendung bereit sind. Wenn Sie beim Kauf dieser Dienstleistungen zus\u00e4tzliche Artikel bestellen m\u00f6chten, werden Ihre zus\u00e4tzlichen Artikel aufbewahrt, bis wir Ihnen alles zusammen zur\u00fccksenden k\u00f6nnen. Wenn Sie die zus\u00e4tzlichen Artikel fr\u00fcher ben\u00f6tigen, m\u00fcssen Sie eine separate Bestellung aufgeben, oder es wird Ihnen in Rechnung gestellt, dass diese Artikel separat von Ihren Serviceartikeln versendet werden. &lt;\/ p&gt;<\/p>\n<p><strong> Vorschl\u00e4ge f\u00fcr die Schonzeit&lt;\/ strong&gt;<br \/>\nDiese einfachen Schritte zum Aufbewahren Ihrer Sender in der Schonzeit verl\u00e4ngern die Lebensdauer Ihrer Tracking-Ausr\u00fcstung. &lt;\/ P&gt;<\/strong><\/p>\n<p>Entfernen Sie jeglichen Schmutz oder Ablagerungen von den Falken der vorherigen Saison.<br \/>\nLagern Sie Ger\u00e4te an einem k\u00fchlen und trockenen Ort, an dem sich kein Staub, Schmutz oder Schmutz ansammeln kann.<br \/>\nEntfernen Sie die Batterien vor dem Lagern und die Batterie ber\u00fchrt leicht mit Alkohol auf einem Wattest\u00e4bchen. Sie k\u00f6nnen auch ein angefeuchtetes Tuch verwenden, um das \u00c4u\u00dfere abzuwischen.<br \/>\n\u00dcberpr\u00fcfen Sie die Antennen und ersetzen Sie alle geknickten, besch\u00e4digten oder freiliegenden Metallfilamente. &lt;\/ p&gt;<\/p>\n<p>Alle Batterien sollten in einer k\u00fchlen und trockenen Umgebung gelagert werden. Bewahren Sie die Batterien in einem dampfdichten Beh\u00e4lter auf, wenn Sie sich in einer Umgebung mit hoher Luftfeuchtigkeit befinden oder wenn die Gefahr der Kondensation besteht (auch im K\u00fchlschrank). Isolieren Sie die Batterien, damit sie nicht miteinander in Kontakt kommen. Dies kann einen Kurzschluss verursachen und die Batterien besch\u00e4digen oder eine \u00fcberm\u00e4\u00dfige W\u00e4rmeentwicklung verursachen.<br \/>\nBei wiederaufladbaren Batterien sollten Sie diese zus\u00e4tzlich zur Aufbewahrung an einem k\u00fchlen und trockenen Ort vollst\u00e4ndig aufladen, bevor Sie sie f\u00fcr die Nebensaison aufbewahren. &lt;\/ P&gt;<\/p>\n<p><strong>Wenn Sie unsere Dienstleistungen in Anspruch nehmen, senden Sie Ihre Artikel bitte innerhalb von 3-4 Wochen ab Kaufdatum ein.<\/strong> Wenn Ihre Artikel nicht innerhalb dieser Zeit eingehen, werden wir versuchen, Sie f\u00fcr Aktualisierungen zu kontaktieren. Servicek\u00e4ufe werden innerhalb von 4 Wochen automatisch zur\u00fcckerstattet, wenn wir Ihre Artikel nicht innerhalb dieser Zeit erhalten und keine Aktualisierung erhalten haben. Wenn Ihre Artikel nach Bearbeitung einer R\u00fcckerstattung eingesandt werden, werden Sie kontaktiert, um die erhaltenen Dienstleistungen zu bezahlen.<\/p>\n<p>Wenn Sie Reparaturartikel in das Vereinigte K\u00f6nigreich versenden, geben Sie bitte auf den Zollformularen an, dass es sich um eine R\u00fccksendung zur Reparatur handelt. Bitte beachten Sie, dass alle Zollgeb\u00fchren f\u00fcr Artikel, die an Marshall gesendet werden, vom Absender zu tragen sind. Wenn die Zollgeb\u00fchren nicht bezahlt werden, kann es zu Verz\u00f6gerungen oder zur R\u00fccksendung Ihrer Ausr\u00fcstung kommen. Wenn Sie Probleme haben oder weitere Informationen ben\u00f6tigen, kontaktieren Sie uns bitte und wir helfen Ihnen bei der Beantragung der Zollanmeldungsformulare.<br \/>\n<strong>Der Zoll sollte nur die Kosten der Reparatur angeben, nicht die Gesamtkosten der zur\u00fcckgesandten Ausr\u00fcstung.<\/strong><\/p>\n","protected":false},"excerpt":{"rendered":"<p>Wenn Sie Ihre Ausr\u00fcstung nicht aktiv ben\u00f6tigen, ist eine gute Zeit, um Ihre Ausr\u00fcstung von uns \u00fcberpr\u00fcfen, reinigen, testen und neu einstellen zu lassen. Sie k\u00f6nnen diesen Service auch f\u00fcr alle Sender verwenden, bei denen Reparaturen erforderlich sind. &lt;\/ p&gt;<\/p>\n<div class=\"read-more\"><a href=\"https:\/\/marshallradio.com\/eu\/product\/senderdienste\/?lang=de\">Read more <span class=\"screen-reader-text\">Sender Wartung<\/span><span class=\"meta-nav\"> &#8250;<\/span><\/a><\/div>\n<p><!-- end of .read-more --><\/p>\n","protected":false},"featured_media":30361,"template":"","meta":{"_acf_changed":false},"product_brand":[],"product_cat":[144],"product_tag":[],"class_list":{"0":"post-39580","1":"product","2":"type-product","3":"status-publish","4":"has-post-thumbnail","6":"product_cat-dienstleistungen","8":"first","9":"instock","10":"taxable","11":"shipping-taxable","12":"purchasable","13":"product-type-simple"},"acf":[],"_links":{"self":[{"href":"https:\/\/marshallradio.com\/eu\/wp-json\/wp\/v2\/product\/39580","targetHints":{"allow":["GET"]}}],"collection":[{"href":"https:\/\/marshallradio.com\/eu\/wp-json\/wp\/v2\/product"}],"about":[{"href":"https:\/\/marshallradio.com\/eu\/wp-json\/wp\/v2\/types\/product"}],"wp:featuredmedia":[{"embeddable":true,"href":"https:\/\/marshallradio.com\/eu\/wp-json\/wp\/v2\/media\/30361"}],"wp:attachment":[{"href":"https:\/\/marshallradio.com\/eu\/wp-json\/wp\/v2\/media?parent=39580"}],"wp:term":[{"taxonomy":"product_brand","embeddable":true,"href":"https:\/\/marshallradio.com\/eu\/wp-json\/wp\/v2\/product_brand?post=39580"},{"taxonomy":"product_cat","embeddable":true,"href":"https:\/\/marshallradio.com\/eu\/wp-json\/wp\/v2\/product_cat?post=39580"},{"taxonomy":"product_tag","embeddable":true,"href":"https:\/\/marshallradio.com\/eu\/wp-json\/wp\/v2\/product_tag?post=39580"}],"curies":[{"name":"wp","href":"https:\/\/api.w.org\/{rel}","templated":true}]}}