
{"id":39582,"date":"2020-03-16T18:34:42","date_gmt":"2020-03-16T18:34:42","guid":{"rendered":"http:\/\/marshallradio.com\/eu\/product\/servicios-de-transmisor\/"},"modified":"2024-02-20T19:59:00","modified_gmt":"2024-02-20T19:59:00","slug":"servicios-de-transmisor","status":"publish","type":"product","link":"https:\/\/marshallradio.com\/eu\/product\/servicios-de-transmisor\/?lang=es","title":{"rendered":"Servicios de transmisor"},"content":{"rendered":"<p> <strong> Servicios de transmisor <\/strong> 35\u20ac cada uno: incluye una antena nueva, un nuevo muelle trasero, contactos limpios de la bater\u00eda y una prueba general de rendimiento. Si tiene alg\u00fan problema con el (los) transmisor (es), proporcione esta informaci\u00f3n en las notas cuando realice el pago. <\/p>\n<p> Indique la cantidad correcta de art\u00edculos que se env\u00edan. Los servicios no se proporcionar\u00e1n hasta que se reciba el pago. <br \/>\nUsted ser\u00e1 responsable de enviar sus art\u00edculos por los servicios. <br \/>\nSi alguno de los productos enviados para servicios no es reparable, puede aplicar el cr\u00e9dito a cualquier producto Marshall Radio dentro de los 90 d\u00edas. <\/p>\n<p> Se le cobrar\u00e1 el env\u00edo al finalizar la compra de este servicio, por lo que no tendr\u00e1 que pagar el env\u00edo de los art\u00edculos cuando est\u00e9n listos para ser devueltos. Si desea pedir art\u00edculos adicionales con la compra de estos servicios, sus art\u00edculos adicionales se retendr\u00e1n hasta que podamos envi\u00e1rselos todos juntos. Si necesita los art\u00edculos adicionales antes, tendr\u00e1 que hacer un pedido por separado o se le cobrar\u00e1 por estos art\u00edculos que se enviar\u00e1n por separado de los art\u00edculos atendidos. <\/p>\n<p> <strong> Sugerencias entre temporadas <\/strong> <br \/>\nEstos sencillos pasos para almacenar sus transmisores durante la temporada baja ayudar\u00e1n a extender la vida \u00fatil de su equipo de rastreo. <\/p>\n<p> Elimine la suciedad o los escombros de la venta ambulante de temporadas anteriores. <br \/>\nAlmacene el equipo en un lugar fresco y seco, donde no puedan acumular polvo, suciedad o mugre. <br \/>\nRetire las bater\u00edas antes de guardarlas y la bater\u00eda entra en contacto ligeramente con alcohol sobre un bastoncillo de algod\u00f3n. Tambi\u00e9n puede usar un pa\u00f1o humedecido para limpiar el exterior. <br \/>\nInspeccione las antenas y reemplace las que est\u00e9n dobladas, da\u00f1adas o que muestren filamentos met\u00e1licos expuestos. <\/p>\n<p> Todas las bater\u00edas deben almacenarse en un ambiente fresco y seco. Mantenga las bater\u00edas en un recipiente a prueba de vapor si se encuentra en un ambiente de alta humedad o si existe el riesgo de condensaci\u00f3n (incluso en el refrigerador). A\u00edsle las bater\u00edas para que no entren en contacto entre s\u00ed, lo que puede provocar un cortocircuito y da\u00f1ar las bater\u00edas o causar un exceso de generaci\u00f3n de calor. <br \/>\nPara las bater\u00edas recargables, adem\u00e1s de almacenarlas en un lugar fresco y seco, debe cargarlas por completo antes de almacenarlas durante la temporada baja. <\/p>\n<p><strong>Si compra nuestros servicios, env\u00ede sus art\u00edculos dentro de 3 a 4 semanas a partir de la fecha de compra.<\/strong>Si sus art\u00edculos no se reciben dentro de ese tiempo, intentaremos comunicarnos con usted para obtener actualizaciones. Las compras de servicios se reembolsar\u00e1n autom\u00e1ticamente en 4 semanas si no hemos recibido sus art\u00edculos dentro de ese tiempo y no hemos recibido una actualizaci\u00f3n. Si sus art\u00edculos se env\u00edan despu\u00e9s de que se haya procesado un reembolso, se le contactar\u00e1 para pagar los servicios recibidos.<\/p>\n<p>Cuando env\u00ede cualquier art\u00edculo de reparaci\u00f3n al Reino Unido, indique en los formularios de aduanas que se trata de una devoluci\u00f3n para reparaci\u00f3n. Tenga en cuenta que todos los aranceles aduaneros de los art\u00edculos enviados a Marshall ser\u00e1n cubiertos por el remitente. Si no se pagan los aranceles aduaneros, esto puede provocar un retraso o la devoluci\u00f3n de su equipo. Si tiene alg\u00fan problema o necesita m\u00e1s informaci\u00f3n, cont\u00e1ctenos y lo ayudaremos con los formularios de declaraci\u00f3n de aduanas.<br \/>\n<strong>La Aduana solo debe declarar el costo de la reparaci\u00f3n, no el costo total del equipo que se devuelve.<\/strong><\/p>\n","protected":false},"excerpt":{"rendered":"<p> Cuando no necesita activamente su equipo, es un buen momento para hacernos revisar, limpiar, probar y volver a sintonizar su equipo. Tambi\u00e9n puede usar este servicio para cualquier transmisor que necesite reparar. <\/p>\n<div class=\"read-more\"><a href=\"https:\/\/marshallradio.com\/eu\/product\/servicios-de-transmisor\/?lang=es\">Read more <span class=\"screen-reader-text\">Servicios de transmisor<\/span><span class=\"meta-nav\"> &#8250;<\/span><\/a><\/div>\n<p><!-- end of .read-more --><\/p>\n","protected":false},"featured_media":30363,"template":"","meta":{"_acf_changed":false},"product_brand":[],"product_cat":[146],"product_tag":[],"class_list":{"0":"post-39582","1":"product","2":"type-product","3":"status-publish","4":"has-post-thumbnail","6":"product_cat-servicios","8":"first","9":"instock","10":"taxable","11":"shipping-taxable","12":"purchasable","13":"product-type-simple"},"acf":[],"_links":{"self":[{"href":"https:\/\/marshallradio.com\/eu\/wp-json\/wp\/v2\/product\/39582","targetHints":{"allow":["GET"]}}],"collection":[{"href":"https:\/\/marshallradio.com\/eu\/wp-json\/wp\/v2\/product"}],"about":[{"href":"https:\/\/marshallradio.com\/eu\/wp-json\/wp\/v2\/types\/product"}],"wp:featuredmedia":[{"embeddable":true,"href":"https:\/\/marshallradio.com\/eu\/wp-json\/wp\/v2\/media\/30363"}],"wp:attachment":[{"href":"https:\/\/marshallradio.com\/eu\/wp-json\/wp\/v2\/media?parent=39582"}],"wp:term":[{"taxonomy":"product_brand","embeddable":true,"href":"https:\/\/marshallradio.com\/eu\/wp-json\/wp\/v2\/product_brand?post=39582"},{"taxonomy":"product_cat","embeddable":true,"href":"https:\/\/marshallradio.com\/eu\/wp-json\/wp\/v2\/product_cat?post=39582"},{"taxonomy":"product_tag","embeddable":true,"href":"https:\/\/marshallradio.com\/eu\/wp-json\/wp\/v2\/product_tag?post=39582"}],"curies":[{"name":"wp","href":"https:\/\/api.w.org\/{rel}","templated":true}]}}