
{"id":39590,"date":"2020-03-16T18:42:35","date_gmt":"2020-03-16T18:42:35","guid":{"rendered":"http:\/\/marshallradio.com\/eu\/product\/empfangerdienste\/"},"modified":"2024-02-20T19:55:03","modified_gmt":"2024-02-20T19:55:03","slug":"empfangerdienste","status":"publish","type":"product","link":"https:\/\/marshallradio.com\/eu\/product\/empfangerdienste\/?lang=de","title":{"rendered":"Empf\u00e4nger Wartung"},"content":{"rendered":"<p><strong> Empf\u00e4nger Wartung &lt;\/ strong&gt; jeweils 75\u20ac: Test, Reinigung und Abstimmung sowie eine Gesamtpr\u00fcfung auf mechanische Sch\u00e4den. Wenn zus\u00e4tzliche Teile ben\u00f6tigt werden, werden wir Sie kontaktieren. Wenn Sie Probleme mit dem \/ den Empf\u00e4nger (n) haben, geben Sie diese Informationen beim Auschecken in den Hinweisen an. &lt;\/ P&gt;<\/strong><\/p>\n<p>Bitte geben Sie die richtige Menge an Artikeln ein, die gesendet werden. Dienstleistungen werden erst nach Zahlungseingang erbracht.<br \/>\nSie sind f\u00fcr den Versand Ihrer Artikel f\u00fcr die Dienstleistungen verantwortlich.<br \/>\nWenn eines der f\u00fcr Dienstleistungen eingesandten Produkte nicht reparierbar ist, k\u00f6nnen Sie die Gutschrift innerhalb von 90 Tagen auf jedes Marshall Radio-Produkt anwenden. &lt;\/ P&gt;<\/p>\n<p>F\u00fcr diesen Service wird Ihnen der Versand an der Kasse in Rechnung gestellt, sodass Sie nicht f\u00fcr den Versand der Artikel bezahlen m\u00fcssen, wenn diese zur R\u00fccksendung bereit sind. Wenn Sie beim Kauf dieser Dienstleistungen zus\u00e4tzliche Artikel bestellen m\u00f6chten, werden Ihre zus\u00e4tzlichen Artikel aufbewahrt, bis wir Ihnen alles zusammen zur\u00fccksenden k\u00f6nnen. Wenn Sie die zus\u00e4tzlichen Artikel fr\u00fcher ben\u00f6tigen, m\u00fcssen Sie eine separate Bestellung aufgeben, oder es wird Ihnen in Rechnung gestellt, dass diese Artikel separat von Ihren Serviceartikeln versendet werden. &lt;\/ P&gt;<\/p>\n<p><strong> Vorschl\u00e4ge f\u00fcr Zwischensaison &lt;\/ strong&gt;<br \/>\nDiese einfachen Schritte zum Aufbewahren Ihrer Empf\u00e4nger in der Nebensaison verl\u00e4ngern die Lebensdauer Ihrer Tracking-Ausr\u00fcstung. &lt;\/ P&gt;<\/strong><\/p>\n<p>Entfernen Sie Schmutz oder Ablagerungen von den Falken der vorherigen Saison, insbesondere von den beweglichen Antennenteilen.<br \/>\nLagern Sie Ger\u00e4te an einem k\u00fchlen und trockenen Ort, an dem sich kein Staub, Schmutz oder Schmutz ansammeln kann.<br \/>\nWichtig: Entfernen Sie die Batterien vor dem Lagern. Andernfalls kann es zu einem Auslaufen und Anschwellen der Batterie kommen, ein ernstes Problem, das sp\u00e4ter behoben werden muss.<br \/>\nBewahren Sie das Ger\u00e4t in einem gepolsterten Holster oder W\u00fcstenetui auf, in dem die Antenne und die Elemente vor Besch\u00e4digungen gesch\u00fctzt sind. &lt;\/ P&gt;<\/p>\n<p>Alle Batterien sollten in einer k\u00fchlen und trockenen Umgebung gelagert werden. Bewahren Sie die Batterien in einem dampfdichten Beh\u00e4lter auf, wenn Sie sich in einer Umgebung mit hoher Luftfeuchtigkeit befinden oder wenn die Gefahr der Kondensation besteht (auch im K\u00fchlschrank). Isolieren Sie die Batterien, damit sie nicht miteinander in Kontakt kommen. Dies kann einen Kurzschluss verursachen und die Batterien besch\u00e4digen oder eine \u00fcberm\u00e4\u00dfige W\u00e4rmeentwicklung verursachen. &lt;\/ P&#038;gt<\/p>\n<p><strong>Wenn Sie unsere Dienstleistungen in Anspruch nehmen, senden Sie Ihre Artikel bitte innerhalb von 3-4 Wochen ab Kaufdatum ein.<\/strong> Wenn Ihre Artikel nicht innerhalb dieser Zeit eingehen, werden wir versuchen, Sie f\u00fcr Aktualisierungen zu kontaktieren. Servicek\u00e4ufe werden innerhalb von 4 Wochen automatisch zur\u00fcckerstattet, wenn wir Ihre Artikel nicht innerhalb dieser Zeit erhalten und keine Aktualisierung erhalten haben. Wenn Ihre Artikel nach Bearbeitung einer R\u00fcckerstattung eingesandt werden, werden Sie kontaktiert, um die erhaltenen Dienstleistungen zu bezahlen.<\/p>\n<p>;<\/p>\n<p>Wenn Sie Reparaturartikel in das Vereinigte K\u00f6nigreich versenden, geben Sie bitte auf den Zollformularen an, dass es sich um eine R\u00fccksendung zur Reparatur handelt. Bitte beachten Sie, dass alle Zollgeb\u00fchren f\u00fcr Artikel, die an Marshall gesendet werden, vom Absender zu tragen sind. Wenn die Zollgeb\u00fchren nicht bezahlt werden, kann es zu Verz\u00f6gerungen oder zur R\u00fccksendung Ihrer Ausr\u00fcstung kommen. Wenn Sie Probleme haben oder weitere Informationen ben\u00f6tigen, kontaktieren Sie uns bitte und wir helfen Ihnen bei der Beantragung der Zollanmeldungsformulare.<br \/>\n<strong>Der Zoll sollte nur die Kosten der Reparatur angeben, nicht die Gesamtkosten der zur\u00fcckgesandten Ausr\u00fcstung.<\/strong><\/p>\n","protected":false},"excerpt":{"rendered":"<p>Wenn Sie Ihre Ausr\u00fcstung nicht aktiv ben\u00f6tigen, ist eine gute Zeit, um Ihre Ausr\u00fcstung von uns \u00fcberpr\u00fcfen, reinigen, testen und neu einstellen zu lassen. Sie k\u00f6nnen diesen Service auch f\u00fcr alle Marshall-Receiver nutzen, die repariert werden m\u00fcssen. &lt;\/ p&gt;<\/p>\n<div class=\"read-more\"><a href=\"https:\/\/marshallradio.com\/eu\/product\/empfangerdienste\/?lang=de\">Read more <span class=\"screen-reader-text\">Empf\u00e4nger Wartung<\/span><span class=\"meta-nav\"> &#8250;<\/span><\/a><\/div>\n<p><!-- end of .read-more --><\/p>\n","protected":false},"featured_media":39591,"template":"","meta":{"_acf_changed":false},"product_brand":[],"product_cat":[144],"product_tag":[],"class_list":{"0":"post-39590","1":"product","2":"type-product","3":"status-publish","4":"has-post-thumbnail","6":"product_cat-dienstleistungen","8":"first","9":"instock","10":"taxable","11":"shipping-taxable","12":"purchasable","13":"product-type-simple"},"acf":[],"_links":{"self":[{"href":"https:\/\/marshallradio.com\/eu\/wp-json\/wp\/v2\/product\/39590","targetHints":{"allow":["GET"]}}],"collection":[{"href":"https:\/\/marshallradio.com\/eu\/wp-json\/wp\/v2\/product"}],"about":[{"href":"https:\/\/marshallradio.com\/eu\/wp-json\/wp\/v2\/types\/product"}],"wp:featuredmedia":[{"embeddable":true,"href":"https:\/\/marshallradio.com\/eu\/wp-json\/wp\/v2\/media\/39591"}],"wp:attachment":[{"href":"https:\/\/marshallradio.com\/eu\/wp-json\/wp\/v2\/media?parent=39590"}],"wp:term":[{"taxonomy":"product_brand","embeddable":true,"href":"https:\/\/marshallradio.com\/eu\/wp-json\/wp\/v2\/product_brand?post=39590"},{"taxonomy":"product_cat","embeddable":true,"href":"https:\/\/marshallradio.com\/eu\/wp-json\/wp\/v2\/product_cat?post=39590"},{"taxonomy":"product_tag","embeddable":true,"href":"https:\/\/marshallradio.com\/eu\/wp-json\/wp\/v2\/product_tag?post=39590"}],"curies":[{"name":"wp","href":"https:\/\/api.w.org\/{rel}","templated":true}]}}