
{"id":39881,"date":"2020-04-28T22:28:19","date_gmt":"2020-04-28T22:28:19","guid":{"rendered":"http:\/\/marshallradio.com\/eu\/product\/jarni-podlozka\/"},"modified":"2021-04-21T19:31:55","modified_gmt":"2021-04-21T19:31:55","slug":"jarni-podlozka","status":"publish","type":"product","link":"https:\/\/marshallradio.com\/eu\/product\/jarni-podlozka\/?lang=cs","title":{"rendered":"Jarn\u00ed podlo\u017eka"},"content":{"rendered":"","protected":false},"excerpt":{"rendered":"<p>Pru\u017einov\u00e1 podlo\u017eka je mal\u00e1 kruhov\u00e1 \u010d\u00e1st ur\u010den\u00e1 k dr\u017een\u00ed ocasn\u00ed pru\u017einy na m\u00edst\u011b ve va\u0161em vys\u00edla\u010di (modely RT \/ GPS 2018 a nov\u011bj\u0161\u00ed). To jde p\u0159es z\u00e1vitov\u00e1n\u00ed a zaklapne na m\u00edsto.<\/p>\n<p>Cena je za ka\u017edou jednotlivou podlo\u017eku.<\/p>\n<div class=\"read-more\"><a href=\"https:\/\/marshallradio.com\/eu\/product\/jarni-podlozka\/?lang=cs\">Read more <span class=\"screen-reader-text\">Jarn\u00ed podlo\u017eka<\/span><span class=\"meta-nav\"> &#8250;<\/span><\/a><\/div>\n<p><!-- end of .read-more --><\/p>\n","protected":false},"featured_media":44207,"template":"","meta":{"_acf_changed":false},"product_brand":[],"product_cat":[59,151],"product_tag":[],"class_list":{"0":"post-39881","1":"product","2":"type-product","3":"status-publish","4":"has-post-thumbnail","6":"product_cat-worldwide-accessories-excluding-gulf","7":"product_cat-produkty-papouska","9":"first","10":"instock","11":"taxable","12":"shipping-taxable","13":"purchasable","14":"product-type-simple"},"acf":[],"_links":{"self":[{"href":"https:\/\/marshallradio.com\/eu\/wp-json\/wp\/v2\/product\/39881","targetHints":{"allow":["GET"]}}],"collection":[{"href":"https:\/\/marshallradio.com\/eu\/wp-json\/wp\/v2\/product"}],"about":[{"href":"https:\/\/marshallradio.com\/eu\/wp-json\/wp\/v2\/types\/product"}],"wp:featuredmedia":[{"embeddable":true,"href":"https:\/\/marshallradio.com\/eu\/wp-json\/wp\/v2\/media\/44207"}],"wp:attachment":[{"href":"https:\/\/marshallradio.com\/eu\/wp-json\/wp\/v2\/media?parent=39881"}],"wp:term":[{"taxonomy":"product_brand","embeddable":true,"href":"https:\/\/marshallradio.com\/eu\/wp-json\/wp\/v2\/product_brand?post=39881"},{"taxonomy":"product_cat","embeddable":true,"href":"https:\/\/marshallradio.com\/eu\/wp-json\/wp\/v2\/product_cat?post=39881"},{"taxonomy":"product_tag","embeddable":true,"href":"https:\/\/marshallradio.com\/eu\/wp-json\/wp\/v2\/product_tag?post=39881"}],"curies":[{"name":"wp","href":"https:\/\/api.w.org\/{rel}","templated":true}]}}