
{"id":39884,"date":"2020-04-28T22:28:19","date_gmt":"2020-04-28T22:28:19","guid":{"rendered":"http:\/\/marshallradio.com\/eu\/product\/federscheibe\/"},"modified":"2021-04-21T19:32:17","modified_gmt":"2021-04-21T19:32:17","slug":"federscheibe","status":"publish","type":"product","link":"https:\/\/marshallradio.com\/eu\/product\/federscheibe\/?lang=de","title":{"rendered":"Federscheibe"},"content":{"rendered":"","protected":false},"excerpt":{"rendered":"<p>Die Federscheibe ist das kleine kreisf\u00f6rmige Teil, das die So\u00dffeder an Ihrem Sender an Ort und Stelle h\u00e4lt (RT \/ GPS-Modelle 2018 und neuer). Es geht \u00fcber das Einf\u00e4deln und rastet ein.<\/p>\n<p>Der Preis gilt f\u00fcr jede einzelne Scheibe.<\/p>\n<div class=\"read-more\"><a href=\"https:\/\/marshallradio.com\/eu\/product\/federscheibe\/?lang=de\">Read more <span class=\"screen-reader-text\">Federscheibe<\/span><span class=\"meta-nav\"> &#8250;<\/span><\/a><\/div>\n<p><!-- end of .read-more --><\/p>\n","protected":false},"featured_media":44210,"template":"","meta":{"_acf_changed":false},"product_brand":[],"product_cat":[62,154],"product_tag":[],"class_list":{"0":"post-39884","1":"product","2":"type-product","3":"status-publish","4":"has-post-thumbnail","6":"product_cat-worldwide-accessories-excluding-gulf-de","7":"product_cat-papageienprodukte","9":"first","10":"instock","11":"taxable","12":"shipping-taxable","13":"purchasable","14":"product-type-simple"},"acf":[],"_links":{"self":[{"href":"https:\/\/marshallradio.com\/eu\/wp-json\/wp\/v2\/product\/39884","targetHints":{"allow":["GET"]}}],"collection":[{"href":"https:\/\/marshallradio.com\/eu\/wp-json\/wp\/v2\/product"}],"about":[{"href":"https:\/\/marshallradio.com\/eu\/wp-json\/wp\/v2\/types\/product"}],"wp:featuredmedia":[{"embeddable":true,"href":"https:\/\/marshallradio.com\/eu\/wp-json\/wp\/v2\/media\/44210"}],"wp:attachment":[{"href":"https:\/\/marshallradio.com\/eu\/wp-json\/wp\/v2\/media?parent=39884"}],"wp:term":[{"taxonomy":"product_brand","embeddable":true,"href":"https:\/\/marshallradio.com\/eu\/wp-json\/wp\/v2\/product_brand?post=39884"},{"taxonomy":"product_cat","embeddable":true,"href":"https:\/\/marshallradio.com\/eu\/wp-json\/wp\/v2\/product_cat?post=39884"},{"taxonomy":"product_tag","embeddable":true,"href":"https:\/\/marshallradio.com\/eu\/wp-json\/wp\/v2\/product_tag?post=39884"}],"curies":[{"name":"wp","href":"https:\/\/api.w.org\/{rel}","templated":true}]}}