
{"id":39896,"date":"2020-04-29T20:35:56","date_gmt":"2020-04-29T20:35:56","guid":{"rendered":"http:\/\/marshallradio.com\/eu\/?post_type=product&#038;p=39896"},"modified":"2024-07-18T22:34:13","modified_gmt":"2024-07-18T22:34:13","slug":"vysilac-parrot-rt-gps","status":"publish","type":"product","link":"https:\/\/marshallradio.com\/eu\/product\/vysilac-parrot-rt-gps\/?lang=cs","title":{"rendered":"Vys\u00edla\u010d Parrot Turbo-GPS"},"content":{"rendered":"<h3>Modely: Turbo GPS<\/h3>\n<p>Vys\u00edla\u010d <strong>Turbo-GPS<\/strong> m\u00e1 stejnou velikost, tvar a hmotnost jako na\u0161e vys\u00edla\u010de RT, ale uvnit\u0159 jsme na\u0161li zp\u016fsob, jak zabudovat mal\u00fd p\u0159ij\u00edma\u010d GPS. Turbo-GPS zjist\u00ed, kde to je, a pot\u00e9 tato data ode\u0161le pomoc\u00ed r\u00e1diov\u00e9 frekvence do vys\u00edla\u010de, kter\u00e9mu \u0159\u00edk\u00e1me Pocketlink. Je to PocketLink, kter\u00fd d\u00e1le p\u0159ed\u00e1v\u00e1 tato situa\u010dn\u00ed data, kter\u00e1 p\u0159ij\u00edm\u00e1 do na\u0161\u00ed aplikace na va\u0161em iPhonu nebo iPadu p\u0159es Bluetooth. Turbo-GPS sou\u010dasn\u011b vys\u00edl\u00e1 v p\u00e1smu UHF p\u00edpaj\u00edc\u00ed sign\u00e1l, kter\u00fd m\u016f\u017ee p\u0159ij\u00edmat poln\u00ed mar\u0161\u00e1l pro pravideln\u00e9 vyhled\u00e1v\u00e1n\u00ed sm\u011bru.<\/p>\n<p>Kdy\u017e vys\u00edla\u010d p\u0159estane sly\u0161et od PocketLink, automaticky se spust\u00ed Turbo po 30 sekund\u00e1ch bez kontaktu. To umo\u017e\u0148uje 2-3kr\u00e1t v\u011bt\u0161\u00ed dosah s velmi mal\u00fdm dopadem na \u017eivotnost baterie, co\u017e umo\u017e\u0148uje pos\u00edlat sign\u00e1l GPS na velk\u00e9 vzd\u00e1lenosti pomoc\u00ed situa\u010dn\u00edho pov\u011bdom\u00ed a inteligentn\u00ed reakce. Kdy\u017e vys\u00edla\u010d znovu usly\u0161\u00ed z PocketLink, automaticky se vypne Turbo re\u017eim.<\/p>\n<h3>ANT\u00c9NA A OCHRANA ANT\u00c9NY<\/h3>\n<p>Vys\u00edla\u010de a syst\u00e9m GPS se dod\u00e1vaj\u00ed se standardn\u00edm nastaven\u00edm, kter\u00e9 zahrnuje b\u011b\u017enou ant\u00e9nu a chr\u00e1ni\u010d ant\u00e9ny. Jsou skv\u011bl\u00e9 pro men\u0161\u00ed papou\u0161ky nebo ara s m\u00edrn\u011bj\u0161\u00edm temperamentem. Pro v\u011bt\u0161\u00ed Macaws, v\u00edce ara a ty, kte\u0159\u00ed cvi\u010d\u00ed Na l\u00e9t\u00e1n\u00ed v Liberty doporu\u010dujeme mo\u017enost Upgraded, kter\u00e1 obsahuje \u201et\u011b\u017ekou\u201c \/ siln\u011bj\u0161\u00ed ant\u00e9nu a obroben\u00fd hlin\u00edkov\u00fd ant\u00e9nn\u00ed chr\u00e1ni\u010d. Chr\u00e1ni\u010d hlin\u00edkov\u00e9 ant\u00e9ny odol\u00e1 siln\u00e9mu kousnut\u00ed v\u011bt\u0161\u00edch papou\u0161k\u016f. Tyto kovov\u00e9 ant\u00e9nn\u00ed chr\u00e1ni\u010de v\u0161ak mohou m\u00edrn\u011b sn\u00ed\u017eit p\u0159\u00edjem satelitn\u00edho sign\u00e1lu a\u017e o 20%.<\/p>\n<p><strong>\u017dIVOTNOST BATERIE GPS<\/strong><br \/>\nU\u017eivatelem konfigurovateln\u00e9 re\u017eimy dostupn\u00e9 v AeroVision umo\u017e\u0148uj\u00ed RT GPS b\u011b\u017eet a\u017e t\u00fdden na dob\u00edjec\u00ed baterii. Pou\u017eit\u00ed sm\u00ed\u0161en\u00e9ho re\u017eimu lze nakonfigurovat na n\u011bkolik hodin GPS s vysokou aktualizac\u00ed a mnoho hodin se sledov\u00e1n\u00edm ni\u017e\u0161\u00ed rychlosti aktualizace. V\u00fdchoz\u00ed nastaven\u00ed je \u017eivotnost baterie 2\u20133 dny.<\/p>\n","protected":false},"excerpt":{"rendered":"<p style=\"text-align: left\">Pokud jste provedli aktualizaci na AeroVision, m\u016f\u017eete se sv\u00fdm st\u00e1vaj\u00edc\u00edm syst\u00e9mem Marshall GPS provozovat a\u017e 5 vys\u00edla\u010d\u016f sou\u010dasn\u011b.<\/p>\n<p>Vys\u00edla\u010d Parrot m\u00e1 volitelnou mo\u017enost pro standardn\u00ed ant\u00e9nu a chr\u00e1ni\u010d nebo upgradovan\u00fd (dal\u0161\u00ed podrobnosti viz n\u00ed\u017ee). Dod\u00e1v\u00e1 se s jednou dob\u00edjec\u00ed bateri\u00ed. Lze p\u0159ipevnit na nohu nebo ocas pomoc\u00ed ocasu a n\u00e1stroje (prod\u00e1v\u00e1 se samostatn\u011b)<\/p>\n<p><strong>Vys\u00edla\u010d GPS<\/strong><\/p>\n<ul>\n<li>Hmotnost: 9 gram\u016f s nainstalovanou bateri\u00ed<\/li>\n<li>Pou\u017eit\u00e1 baterie: dob\u00edjec\u00ed lithiov\u00e1 baterie (vym\u011bniteln\u00e1 u\u017eivatelem)<\/li>\n<li>\u017divotnost baterie: 2-3 dny s konfigurovateln\u00fdmi re\u017eimy, kter\u00e9 umo\u017e\u0148uj\u00ed a\u017e 7 dn\u00ed<\/li>\n<li>Ant\u00e9na: 7 palcov\u00fd koncov\u00fd dip\u00f3l diplexovan\u00fd s GPS<\/li>\n<li>Dosah Turbo GPS: 2 a\u017e 100 mil *<\/li>\n<\/ul>\n<p>* M\u011b\u0159en\u00ed vzd\u00e1lenosti jsou uv\u00e1d\u011bna pomoc\u00ed Omni ant\u00e9ny. Podm\u00ednky se m\u011bn\u00ed v z\u00e1vislosti na ter\u00e9nu a p\u0159ek\u00e1\u017ek\u00e1ch.<\/p>\n<p><strong>U\u017eivatel\u00e9 syst\u00e9mu Android:<\/strong> v pokladn\u011b uve\u010fte do pozn\u00e1mek va\u0161i syst\u00e9movou frekvenci a \u010d\u00edslo vys\u00edla\u010de.<\/p>\n<h5>Nau\u010dte se, jak naj\u00edt svou syst\u00e9movou frekvenci<a href=\"https:\/\/marshallradio.com\/eu\/systemova-frekvence\/?lang=cs\">tady<\/a>.<\/h5>\n<hr>\n<p>&nbsp;<br \/>\n&nbsp;<\/p>\n<div class=\"read-more\"><a href=\"https:\/\/marshallradio.com\/eu\/product\/vysilac-parrot-rt-gps\/?lang=cs\">Read more <span class=\"screen-reader-text\">Vys\u00edla\u010d Parrot Turbo-GPS<\/span><span class=\"meta-nav\"> &#8250;<\/span><\/a><\/div>\n<p><!-- end of .read-more --><\/p>\n","protected":false},"featured_media":44265,"template":"","meta":{"_acf_changed":false},"product_brand":[],"product_cat":[151],"product_tag":[],"class_list":{"0":"post-39896","1":"product","2":"type-product","3":"status-publish","4":"has-post-thumbnail","6":"product_cat-produkty-papouska","8":"first","9":"instock","10":"taxable","11":"shipping-taxable","12":"purchasable","13":"product-type-variable"},"acf":[],"_links":{"self":[{"href":"https:\/\/marshallradio.com\/eu\/wp-json\/wp\/v2\/product\/39896","targetHints":{"allow":["GET"]}}],"collection":[{"href":"https:\/\/marshallradio.com\/eu\/wp-json\/wp\/v2\/product"}],"about":[{"href":"https:\/\/marshallradio.com\/eu\/wp-json\/wp\/v2\/types\/product"}],"wp:featuredmedia":[{"embeddable":true,"href":"https:\/\/marshallradio.com\/eu\/wp-json\/wp\/v2\/media\/44265"}],"wp:attachment":[{"href":"https:\/\/marshallradio.com\/eu\/wp-json\/wp\/v2\/media?parent=39896"}],"wp:term":[{"taxonomy":"product_brand","embeddable":true,"href":"https:\/\/marshallradio.com\/eu\/wp-json\/wp\/v2\/product_brand?post=39896"},{"taxonomy":"product_cat","embeddable":true,"href":"https:\/\/marshallradio.com\/eu\/wp-json\/wp\/v2\/product_cat?post=39896"},{"taxonomy":"product_tag","embeddable":true,"href":"https:\/\/marshallradio.com\/eu\/wp-json\/wp\/v2\/product_tag?post=39896"}],"curies":[{"name":"wp","href":"https:\/\/api.w.org\/{rel}","templated":true}]}}