
{"id":39910,"date":"2020-04-29T20:35:56","date_gmt":"2020-04-29T20:36:02","guid":{"rendered":"http:\/\/marshallradio.com\/eu\/?post_type=product&#038;p=39910"},"modified":"2024-07-18T22:35:19","modified_gmt":"2024-07-18T22:35:19","slug":"transmisor-parrot-turbo-gps","status":"publish","type":"product","link":"https:\/\/marshallradio.com\/eu\/product\/transmisor-parrot-turbo-gps\/?lang=es","title":{"rendered":"Transmisor Parrot Turbo-GPS"},"content":{"rendered":"<h3>Modelo: Turbo GPS<\/h3>\n<p>El transmisor <strong>Turbo-GPS<\/strong> tiene el mismo tama\u00f1o, forma y peso que nuestros transmisores RT, pero en el interior encontramos una manera de incorporar un peque\u00f1o receptor GPS. El Turbo-GPS aprende d\u00f3nde est\u00e1 y luego env\u00eda estos datos a trav\u00e9s de radiofrecuencia a un transceptor que llamamos Pocketlink. Es el PocketLink el que a su vez reenv\u00eda estos datos de situaci\u00f3n que est\u00e1 recibiendo a nuestra aplicaci\u00f3n en su iPhone o iPad a trav\u00e9s de Bluetooth. Al mismo tiempo, el Turbo-GPS env\u00eda una se\u00f1al ac\u00fastica en la banda UHF que puede ser recibida por el Field Marshall para la b\u00fasqueda de direcci\u00f3n regular.<\/p>\n<p>Cuando el transmisor deja de escuchar desde el PocketLink, se activa autom\u00e1ticamente el Turbo despu\u00e9s de 30 segundos sin contacto. Esto permite 2-3 veces el rango con muy poco impacto en la duraci\u00f3n de la bater\u00eda, lo que lo hace capaz de enviar la se\u00f1al GPS a grandes distancias utilizando el conocimiento de la situaci\u00f3n y la respuesta inteligente. Cuando los transmisores vuelvan a escuchar desde PocketLink, apagar\u00e1n autom\u00e1ticamente el Modo Turbo.<\/p>\n<h3>ANTENA Y PROTECTOR DE ANTENA<\/h3>\n<p>Los transmisores y el sistema GPS vienen con la configuraci\u00f3n est\u00e1ndar que incluye una antena normal y un protector de antena. Son ideales para loros m\u00e1s peque\u00f1os o guacamayos con temperamentos m\u00e1s suaves. Para guacamayos m\u00e1s grandes, varios guacamayos y aquellos que practican el vuelo en Liberty, recomendamos la opci\u00f3n mejorada que incluye una antena &#8220;pesada&#8221; \/ m\u00e1s gruesa y un protector de antena de aluminio mecanizado. El protector de antena de aluminio puede resistir las poderosas picaduras de guacamayos m\u00e1s grandes. Sin embargo, estos protectores de antena met\u00e1licos pueden reducir ligeramente la recepci\u00f3n de la se\u00f1al de sat\u00e9lite hasta en un 20%.<\/p>\n<p><strong>VIDA \u00daTIL DE LA BATER\u00cdA DEL GPS<\/strong><br \/>\nLos modos configurables por el usuario disponibles dentro de AeroVision permiten que el GPS RT funcione durante hasta una semana con la bater\u00eda recargable. El uso del modo mixto se puede configurar para varias horas de GPS de alta actualizaci\u00f3n m\u00e1s muchas horas de seguimiento de frecuencia de actualizaci\u00f3n m\u00e1s baja. Configuraci\u00f3n predeterminada, la duraci\u00f3n de la bater\u00eda es de 2-3 d\u00edas.<\/p>\n","protected":false},"excerpt":{"rendered":"<p style=\"text-align: left\">Si ha actualizado a AeroVision, puede operar hasta 5 transmisores al mismo tiempo con su sistema GPS Marshall existente.<\/p>\n<p>El transmisor Parrot tiene la opci\u00f3n de antena y protector est\u00e1ndar o actualizado (consulte a continuaci\u00f3n para obtener m\u00e1s detalles). Viene con una bater\u00eda recargable. Se puede montar en la pierna o en la cola usando una pieza de pluma de cola y una herramienta (se vende por separado)<\/p>\n<p><strong>Transmisor GPS<\/strong><\/p>\n<ul>\n<li>Peso: 9 gramos con bater\u00eda instalada<\/li>\n<li>Bater\u00eda utilizada: bater\u00eda de litio recargable (intercambiable por el usuario)<\/li>\n<li>Duraci\u00f3n de la bater\u00eda: 2-3 d\u00edas con modos configurables para permitir hasta 7 d\u00edas<\/li>\n<li>Antena: dipolo alimentado por el extremo de 7 pulgadas diplexado con GPS<\/li>\n<li>Alcance del Turbo GPS: 2 a 100 millas *<\/li>\n<\/ul>\n<p>* Las medidas de distancia se cotizan utilizando una antena Omni. Las condiciones var\u00edan seg\u00fan el terreno y los obst\u00e1culos.<\/p>\n<p><strong>Usuarios de Android:<\/strong> Al realizar la compra, por favor indique la frecuencia de radio telemetr\u00eda en la que desea que programemos su emisor.<\/p>\n<h5>Aprenda c\u00f3mo encontrar la frecuencia de su sistema <a href=\"https:\/\/marshallradio.com\/eu\/frecuencia-del-sistema\/?lang=es\">aqu\u00ed<\/a>.<\/h5>\n<hr>\n<p>&nbsp;<br \/>\n&nbsp;<\/p>\n<div class=\"read-more\"><a href=\"https:\/\/marshallradio.com\/eu\/product\/transmisor-parrot-turbo-gps\/?lang=es\">Read more <span class=\"screen-reader-text\">Transmisor Parrot Turbo-GPS<\/span><span class=\"meta-nav\"> &#8250;<\/span><\/a><\/div>\n<p><!-- end of .read-more --><\/p>\n","protected":false},"featured_media":44270,"template":"","meta":{"_acf_changed":false},"product_brand":[],"product_cat":[156],"product_tag":[],"class_list":{"0":"post-39910","1":"product","2":"type-product","3":"status-publish","4":"has-post-thumbnail","6":"product_cat-productos-para-loros","8":"first","9":"instock","10":"taxable","11":"shipping-taxable","12":"purchasable","13":"product-type-variable"},"acf":[],"_links":{"self":[{"href":"https:\/\/marshallradio.com\/eu\/wp-json\/wp\/v2\/product\/39910","targetHints":{"allow":["GET"]}}],"collection":[{"href":"https:\/\/marshallradio.com\/eu\/wp-json\/wp\/v2\/product"}],"about":[{"href":"https:\/\/marshallradio.com\/eu\/wp-json\/wp\/v2\/types\/product"}],"wp:featuredmedia":[{"embeddable":true,"href":"https:\/\/marshallradio.com\/eu\/wp-json\/wp\/v2\/media\/44270"}],"wp:attachment":[{"href":"https:\/\/marshallradio.com\/eu\/wp-json\/wp\/v2\/media?parent=39910"}],"wp:term":[{"taxonomy":"product_brand","embeddable":true,"href":"https:\/\/marshallradio.com\/eu\/wp-json\/wp\/v2\/product_brand?post=39910"},{"taxonomy":"product_cat","embeddable":true,"href":"https:\/\/marshallradio.com\/eu\/wp-json\/wp\/v2\/product_cat?post=39910"},{"taxonomy":"product_tag","embeddable":true,"href":"https:\/\/marshallradio.com\/eu\/wp-json\/wp\/v2\/product_tag?post=39910"}],"curies":[{"name":"wp","href":"https:\/\/api.w.org\/{rel}","templated":true}]}}