
{"id":39924,"date":"2020-04-29T20:35:56","date_gmt":"2020-04-29T20:35:56","guid":{"rendered":"http:\/\/marshallradio.com\/eu\/?post_type=product&#038;p=39924"},"modified":"2024-07-18T22:35:07","modified_gmt":"2024-07-18T22:35:07","slug":"trasmettitore-parrot-turbo-gps","status":"publish","type":"product","link":"https:\/\/marshallradio.com\/eu\/product\/trasmettitore-parrot-turbo-gps\/?lang=it","title":{"rendered":"Trasmettitore Parrot Turbo-GPS"},"content":{"rendered":"<h3>Modelli: Turbo GPS<\/h3>\n<p>Il trasmettitore\u00a0<strong>Turbo-GPS<\/strong>\u00a0ha le stesse dimensioni, forma e peso dei nostri trasmettitori RT, ma al suo interno abbiamo trovato un modo per incorporare un minuscolo ricevitore GPS. L&#8217;Turbo-GPS apprende dove si trova e quindi invia questi dati tramite radiofrequenza a un ricetrasmettitore che chiamiamo Pocketlink. \u00c8 il PocketLink che a sua volta inoltra questi dati situazionali che sta ricevendo alla nostra App sul tuo iPhone o iPad tramite Bluetooth. Allo stesso tempo, l&#8217;Turbo-GPS sta inviando un segnale acustico nella banda UHF che pu\u00f2 essere ricevuto dal Field Marshall per la ricerca della direzione regolare.<\/p>\n<p>Quando il trasmettitore smette di sentire dal PocketLink, attiva automaticamente il Turbo dopo 30 secondi di assenza di contatto. Ci\u00f2 consente 2-3 volte la portata con un impatto minimo sulla durata della batteria, rendendolo in grado di inviare il segnale GPS a grandi distanze utilizzando la consapevolezza della situazione e la risposta intelligente. Quando i trasmettitori sentono di nuovo il PocketLink, si spegne automaticamente la modalit\u00e0 Turbo.<\/p>\n<h3>ANTENNA E PROTEZIONE ANTENNA<\/h3>\n<p>I trasmettitori GPS e il sistema vengono forniti con la configurazione standard che include un&#8217;antenna normale e una protezione dell&#8217;antenna. Questi sono ottimi per pappagalli pi\u00f9 piccoli o Ara con temperamenti pi\u00f9 dolci. Per Ara pi\u00f9 grandi, pi\u00f9 Ara e per coloro che praticano il volo At Liberty, consigliamo l&#8217;opzione Aggiornata che include un&#8217;antenna &#8220;pesante&#8221;\/pi\u00f9 spessa e una protezione dell&#8217;antenna in alluminio lavorato. La protezione dell&#8217;antenna in alluminio pu\u00f2 resistere ai potenti morsi degli Ara pi\u00f9 grandi. Tuttavia, queste protezioni metalliche dell&#8217;antenna possono ridurre leggermente la ricezione del segnale satellitare fino al 20%.<\/p>\n<p><strong>DURATA DELLA BATTERIA GPS<\/strong><br \/>\nLe modalit\u00e0 configurabili dall&#8217;utente disponibili all&#8217;interno di AeroVision consentono al GPS RT di funzionare fino a una settimana con la batteria ricaricabile. L&#8217;uso della modalit\u00e0 mista pu\u00f2 essere configurato per diverse ore di GPS ad alto aggiornamento pi\u00f9 molte ore di monitoraggio della frequenza di aggiornamento inferiore. Nelle impostazioni predefinite, la durata della batteria \u00e8 di 2-3 giorni.<\/p>\n","protected":false},"excerpt":{"rendered":"<p style=\"text-align: left\">Se hai effettuato l&#8217;aggiornamento ad AeroVision, puoi utilizzare fino a 5 trasmettitori contemporaneamente con il tuo sistema GPS Marshall esistente.<\/p>\n<p>Il trasmettitore Parrot ha l&#8217;opzione per antenna e protettore standard o aggiornato (vedi sotto per maggiori dettagli). Viene fornito con una batteria ricaricabile. Pu\u00f2 essere montato sulla gamba o sulla coda utilizzando un pezzo di piuma di coda e uno strumento (venduto separatamente)<\/p>\n<p><strong>Trasmettitore GPS<\/strong><\/p>\n<ul>\n<li>Peso: 9 grammi con batteria installata<\/li>\n<li>Batteria utilizzata: batteria al litio ricaricabile (sostituibile dall&#8217;utente)<\/li>\n<li>Durata della batteria: 2-3 giorni con modalit\u00e0 configurabili per consentire fino a 7 giorni<\/li>\n<li>Antenna: dipolo end-fed da 7 pollici diplexed con GPS<\/li>\n<li>Portata Turbo GPS: da 2 a 100 miglia*<\/li>\n<\/ul>\n<p>*Le misurazioni della distanza sono riportate utilizzando un&#8217;antenna Omni. Le condizioni sono variabili a seconda del terreno e degli ostacoli.<\/p>\n<p><strong>Utenti Android:<\/strong> Prima di fare il pagamento si prega di indicare la frequenza di radio desiderata per configurare il trasmettitore.<\/p>\n<h5>Scopri come trovare la frequenza del tuo sistema<a href=\"https:\/\/marshallradio.com\/eu\/frequenza-del-sistema\/?lang=it\">Qui<\/a>.<\/h5>\n<hr>\n<p>&nbsp;<br \/>\n&nbsp;<\/p>\n<div class=\"read-more\"><a href=\"https:\/\/marshallradio.com\/eu\/product\/trasmettitore-parrot-turbo-gps\/?lang=it\">Read more <span class=\"screen-reader-text\">Trasmettitore Parrot Turbo-GPS<\/span><span class=\"meta-nav\"> &#8250;<\/span><\/a><\/div>\n<p><!-- end of .read-more --><\/p>\n","protected":false},"featured_media":44269,"template":"","meta":{"_acf_changed":false},"product_brand":[],"product_cat":[155],"product_tag":[],"class_list":{"0":"post-39924","1":"product","2":"type-product","3":"status-publish","4":"has-post-thumbnail","6":"product_cat-prodotti-parrot","8":"first","9":"instock","10":"taxable","11":"shipping-taxable","12":"purchasable","13":"product-type-variable"},"acf":[],"_links":{"self":[{"href":"https:\/\/marshallradio.com\/eu\/wp-json\/wp\/v2\/product\/39924","targetHints":{"allow":["GET"]}}],"collection":[{"href":"https:\/\/marshallradio.com\/eu\/wp-json\/wp\/v2\/product"}],"about":[{"href":"https:\/\/marshallradio.com\/eu\/wp-json\/wp\/v2\/types\/product"}],"wp:featuredmedia":[{"embeddable":true,"href":"https:\/\/marshallradio.com\/eu\/wp-json\/wp\/v2\/media\/44269"}],"wp:attachment":[{"href":"https:\/\/marshallradio.com\/eu\/wp-json\/wp\/v2\/media?parent=39924"}],"wp:term":[{"taxonomy":"product_brand","embeddable":true,"href":"https:\/\/marshallradio.com\/eu\/wp-json\/wp\/v2\/product_brand?post=39924"},{"taxonomy":"product_cat","embeddable":true,"href":"https:\/\/marshallradio.com\/eu\/wp-json\/wp\/v2\/product_cat?post=39924"},{"taxonomy":"product_tag","embeddable":true,"href":"https:\/\/marshallradio.com\/eu\/wp-json\/wp\/v2\/product_tag?post=39924"}],"curies":[{"name":"wp","href":"https:\/\/api.w.org\/{rel}","templated":true}]}}