
{"id":41272,"date":"2020-08-18T20:36:42","date_gmt":"2020-08-18T20:36:44","guid":{"rendered":"http:\/\/marshallradio.com\/eu\/?post_type=product&#038;p=41272"},"modified":"2021-04-21T18:30:47","modified_gmt":"2021-04-21T18:30:47","slug":"dobijeci-baterie","status":"publish","type":"product","link":"https:\/\/marshallradio.com\/eu\/product\/dobijeci-baterie\/?lang=cs","title":{"rendered":"Dob\u00edjec\u00ed baterie"},"content":{"rendered":"<p><strong>Integrovan\u00fd design<\/strong><br \/>\nDob\u00edjec\u00ed baterie Marshall Radio jsou do v\u00edka zabudov\u00e1ny trvale, co\u017e umo\u017e\u0148uje jednoduch\u00fd, robustn\u00ed a jednod\u00edln\u00fd design. Jednodu\u0161e na\u0161roubujte vys\u00edla\u010d a spus\u0165te jej. Za\u0161roubujte nab\u00edje\u010dku a vy\u010dkejte, a\u017e zelen\u00e1 kontrolka signalizuje pln\u00e9 nabit\u00ed a p\u0159ipravenost k op\u011btovn\u00e9mu pou\u017eit\u00ed. Ochrann\u00fd obvod uvnit\u0159 v\u00edka v\u00e1s udr\u017euje v bezpe\u010d\u00ed.<\/p>\n<p><strong>N\u00e1vrh rychl\u00e9ho nab\u00edjen\u00ed<\/strong><br \/>\nNab\u00edje\u010dka napln\u00ed vy\u010derpanou baterii za m\u00e9n\u011b ne\u017e dv\u011b hodiny, ale pro norm\u00e1ln\u00ed pou\u017eit\u00ed, kdy je baterie pou\u017e\u00edv\u00e1na m\u00e9n\u011b ne\u017e hodinu, lze baterii doplnit b\u011bhem n\u011bkolika minut.<\/p>\n<p><strong>Vylep\u0161en\u00fd v\u00fdkon za chladn\u00e9ho po\u010das\u00ed<\/strong><br \/>\n80% kapacita baterie p\u0159i -20 \u00b0 C.<\/p>\n<p><strong>Bez stresu<\/strong><br \/>\nDopl\u0148te je tolikr\u00e1t, kolikr\u00e1t chcete (bez pam\u011bti), nebo je nechte zapojen\u00e9, bez rizika po\u0161kozen\u00ed.<\/p>\n","protected":false},"excerpt":{"rendered":"<p><strong>Pouze pro nab\u00edje\u010dku<\/strong><\/p>\n<p>Sada dob\u00edjec\u00edch bateri\u00ed byla navr\u017eena speci\u00e1ln\u011b pro RT-GPS, aby v\u00e1m umo\u017enila poka\u017ed\u00e9 zah\u00e1jit ka\u017ed\u00fd let novou bateri\u00ed.<\/p>\n<p><strong>Dob\u00edjec\u00ed baterie obsahuje:<\/strong><\/p>\n<p>&#8211; Nab\u00edjec\u00ed jednotka<br \/>\n&#8211; Nab\u00edjec\u00ed kabel USB (v\u010detn\u011b krytu pro ochranu nepou\u017eit\u00e9 z\u00e1suvky)<\/p>\n<p>Pozn\u00e1mka: Nepracuje s jin\u00fdmi vys\u00edla\u010di. Nenab\u00edj\u00ed se 1 \/ 3N baterie.<\/p>\n<div class=\"read-more\"><a href=\"https:\/\/marshallradio.com\/eu\/product\/dobijeci-baterie\/?lang=cs\">Read more <span class=\"screen-reader-text\">Dob\u00edjec\u00ed baterie<\/span><span class=\"meta-nav\"> &#8250;<\/span><\/a><\/div>\n<p><!-- end of .read-more --><\/p>\n","protected":false},"featured_media":44073,"template":"","meta":{"_acf_changed":false},"product_brand":[],"product_cat":[59,151,72],"product_tag":[],"class_list":{"0":"post-41272","1":"product","2":"type-product","3":"status-publish","4":"has-post-thumbnail","6":"product_cat-worldwide-accessories-excluding-gulf","7":"product_cat-produkty-papouska","8":"product_cat-system-gps","10":"first","11":"instock","12":"taxable","13":"shipping-taxable","14":"purchasable","15":"product-type-simple"},"acf":[],"_links":{"self":[{"href":"https:\/\/marshallradio.com\/eu\/wp-json\/wp\/v2\/product\/41272","targetHints":{"allow":["GET"]}}],"collection":[{"href":"https:\/\/marshallradio.com\/eu\/wp-json\/wp\/v2\/product"}],"about":[{"href":"https:\/\/marshallradio.com\/eu\/wp-json\/wp\/v2\/types\/product"}],"wp:featuredmedia":[{"embeddable":true,"href":"https:\/\/marshallradio.com\/eu\/wp-json\/wp\/v2\/media\/44073"}],"wp:attachment":[{"href":"https:\/\/marshallradio.com\/eu\/wp-json\/wp\/v2\/media?parent=41272"}],"wp:term":[{"taxonomy":"product_brand","embeddable":true,"href":"https:\/\/marshallradio.com\/eu\/wp-json\/wp\/v2\/product_brand?post=41272"},{"taxonomy":"product_cat","embeddable":true,"href":"https:\/\/marshallradio.com\/eu\/wp-json\/wp\/v2\/product_cat?post=41272"},{"taxonomy":"product_tag","embeddable":true,"href":"https:\/\/marshallradio.com\/eu\/wp-json\/wp\/v2\/product_tag?post=41272"}],"curies":[{"name":"wp","href":"https:\/\/api.w.org\/{rel}","templated":true}]}}