
{"id":41286,"date":"2020-08-18T20:36:42","date_gmt":"2020-08-18T20:36:48","guid":{"rendered":"http:\/\/marshallradio.com\/eu\/?post_type=product&#038;p=41286"},"modified":"2021-04-21T18:32:01","modified_gmt":"2021-04-21T18:32:01","slug":"base-de-bateria-recargable","status":"publish","type":"product","link":"https:\/\/marshallradio.com\/eu\/product\/base-de-bateria-recargable\/?lang=es","title":{"rendered":"Base de bater\u00eda recargable"},"content":{"rendered":"<p><strong>Dise\u00f1o integral<\/strong><br \/>\nLas bater\u00edas recargables de radio Marshall est\u00e1n incorporadas permanentemente en la tapa haciendo un dise\u00f1o simple, robusto y de una sola pieza. Simplemente atorn\u00edllelo a su transmisor y ejec\u00fatelo. Enrosque su cargador y espere a que la luz verde indique una carga completa y est\u00e9 listo para reutilizar. Un circuito de protecci\u00f3n dentro de la tapa te mantiene a salvo.<\/p>\n<p><strong>Dise\u00f1o de carga r\u00e1pida<\/strong><br \/>\nEl cargador llenar\u00e1 una bater\u00eda agotada en menos de dos horas, pero para el uso normal donde la bater\u00eda se usa por menos de una hora, la bater\u00eda se puede recargar en solo minutos.<\/p>\n<p><strong>Rendimiento mejorado en climas fr\u00edos<\/strong><br \/>\n80% de capacidad de la bater\u00eda a -20 \u00b0 C.<\/p>\n<p><strong>Sin uso de estr\u00e9s<\/strong><br \/>\nRematarlos tantas veces como desee (sin memoria) o dejarlos enchufados, sin riesgo de da\u00f1os.<\/p>\n","protected":false},"excerpt":{"rendered":"<p><strong>Solo para la base del cargador<\/strong><\/p>\n<p>El kit de bater\u00eda recargable ha sido dise\u00f1ado espec\u00edficamente para el RT-GPS para permitirle comenzar cada vuelo con una bater\u00eda nueva, en todo momento.<\/p>\n<p><strong>La base de bater\u00eda recargable incluye:<\/strong><\/p>\n<p>&#8211; Unidad de carga<br \/>\n&#8211; Cable de carga USB (incluye tapa para proteger la toma no utilizada)<\/p>\n<p>Nota: No funcionar\u00e1 con otros transmisores. No cargar\u00e1 bater\u00edas 1 \/ 3N.<\/p>\n<div class=\"read-more\"><a href=\"https:\/\/marshallradio.com\/eu\/product\/base-de-bateria-recargable\/?lang=es\">Read more <span class=\"screen-reader-text\">Base de bater\u00eda recargable<\/span><span class=\"meta-nav\"> &#8250;<\/span><\/a><\/div>\n<p><!-- end of .read-more --><\/p>\n","protected":false},"featured_media":44078,"template":"","meta":{"_acf_changed":false},"product_brand":[],"product_cat":[64,156,77],"product_tag":[],"class_list":{"0":"post-41286","1":"product","2":"type-product","3":"status-publish","4":"has-post-thumbnail","6":"product_cat-worldwide-accessories-excluding-gulf-es","7":"product_cat-productos-para-loros","8":"product_cat-sistema-gps-es","10":"first","11":"instock","12":"taxable","13":"shipping-taxable","14":"purchasable","15":"product-type-simple"},"acf":[],"_links":{"self":[{"href":"https:\/\/marshallradio.com\/eu\/wp-json\/wp\/v2\/product\/41286","targetHints":{"allow":["GET"]}}],"collection":[{"href":"https:\/\/marshallradio.com\/eu\/wp-json\/wp\/v2\/product"}],"about":[{"href":"https:\/\/marshallradio.com\/eu\/wp-json\/wp\/v2\/types\/product"}],"wp:featuredmedia":[{"embeddable":true,"href":"https:\/\/marshallradio.com\/eu\/wp-json\/wp\/v2\/media\/44078"}],"wp:attachment":[{"href":"https:\/\/marshallradio.com\/eu\/wp-json\/wp\/v2\/media?parent=41286"}],"wp:term":[{"taxonomy":"product_brand","embeddable":true,"href":"https:\/\/marshallradio.com\/eu\/wp-json\/wp\/v2\/product_brand?post=41286"},{"taxonomy":"product_cat","embeddable":true,"href":"https:\/\/marshallradio.com\/eu\/wp-json\/wp\/v2\/product_cat?post=41286"},{"taxonomy":"product_tag","embeddable":true,"href":"https:\/\/marshallradio.com\/eu\/wp-json\/wp\/v2\/product_tag?post=41286"}],"curies":[{"name":"wp","href":"https:\/\/api.w.org\/{rel}","templated":true}]}}