
{"id":41293,"date":"2020-08-18T20:36:42","date_gmt":"2020-08-18T20:36:50","guid":{"rendered":"http:\/\/marshallradio.com\/eu\/?post_type=product&#038;p=41293"},"modified":"2021-04-21T18:31:16","modified_gmt":"2021-04-21T18:31:16","slug":"base-de-batterie-rechargeable","status":"publish","type":"product","link":"https:\/\/marshallradio.com\/eu\/product\/base-de-batterie-rechargeable\/?lang=fr","title":{"rendered":"Base de batterie rechargeable"},"content":{"rendered":"<p><strong>Conception int\u00e9grale<\/strong><br \/>\nLes batteries rechargeables Marshall Radio sont incorpor\u00e9es en permanence dans le couvercle, ce qui en fait une conception simple, robuste et monobloc. Vissez simplement votre \u00e9metteur et faites-le fonctionner. Vissez votre chargeur et attendez que le voyant vert indique une charge compl\u00e8te et pr\u00eat \u00e0 \u00eatre r\u00e9utilis\u00e9. Un circuit de protection \u00e0 l&#8217;int\u00e9rieur du couvercle vous prot\u00e8ge.<\/p>\n<p><strong>Conception \u00e0 charge rapide<\/strong><br \/>\nLe chargeur remplira une batterie \u00e9puis\u00e9e en moins de deux heures, mais pour une utilisation normale o\u00f9 la batterie est utilis\u00e9e pendant moins d&#8217;une heure, la batterie peut \u00eatre recharg\u00e9e en quelques minutes.<\/p>\n<p><strong>Am\u00e9lioration des performances par temps froid<\/strong><br \/>\n80% de capacit\u00e9 de la batterie \u00e0 -20 \u00b0 C.<\/p>\n<p><strong>Aucune utilisation de stress<\/strong><br \/>\nCompl\u00e9tez-les autant de fois que vous le souhaitez (pas de m\u00e9moire) ou laissez-les branch\u00e9s, aucun risque de dommage.<\/p>\n","protected":false},"excerpt":{"rendered":"<p><strong>Pour la base du chargeur uniquement<\/strong><\/p>\n<p>Le kit de batterie rechargeable a \u00e9t\u00e9 sp\u00e9cialement con\u00e7u pour le RT-GPS afin de vous permettre de d\u00e9marrer chaque vol avec une nouvelle batterie, \u00e0 chaque fois.<\/p>\n<p><strong>La base de batterie rechargeable comprend:<\/strong><\/p>\n<p>&#8211; Unit\u00e9 de chargeur<br \/>\n&#8211; C\u00e2ble de chargement USB (comprend un couvercle pour prot\u00e9ger la prise inutilis\u00e9e)<\/p>\n<p>Remarque: ne fonctionnera pas avec d&#8217;autres \u00e9metteurs. Ne charge pas les batteries 1 \/ 3N.<\/p>\n<div class=\"read-more\"><a href=\"https:\/\/marshallradio.com\/eu\/product\/base-de-batterie-rechargeable\/?lang=fr\">Read more <span class=\"screen-reader-text\">Base de batterie rechargeable<\/span><span class=\"meta-nav\"> &#8250;<\/span><\/a><\/div>\n<p><!-- end of .read-more --><\/p>\n","protected":false},"featured_media":44075,"template":"","meta":{"_acf_changed":false},"product_brand":[],"product_cat":[61,153,74],"product_tag":[],"class_list":{"0":"post-41293","1":"product","2":"type-product","3":"status-publish","4":"has-post-thumbnail","6":"product_cat-worldwide-accessories-excluding-gulf-fr","7":"product_cat-produits-parrot","8":"product_cat-systeme-gps","10":"first","11":"instock","12":"taxable","13":"shipping-taxable","14":"purchasable","15":"product-type-simple"},"acf":[],"_links":{"self":[{"href":"https:\/\/marshallradio.com\/eu\/wp-json\/wp\/v2\/product\/41293","targetHints":{"allow":["GET"]}}],"collection":[{"href":"https:\/\/marshallradio.com\/eu\/wp-json\/wp\/v2\/product"}],"about":[{"href":"https:\/\/marshallradio.com\/eu\/wp-json\/wp\/v2\/types\/product"}],"wp:featuredmedia":[{"embeddable":true,"href":"https:\/\/marshallradio.com\/eu\/wp-json\/wp\/v2\/media\/44075"}],"wp:attachment":[{"href":"https:\/\/marshallradio.com\/eu\/wp-json\/wp\/v2\/media?parent=41293"}],"wp:term":[{"taxonomy":"product_brand","embeddable":true,"href":"https:\/\/marshallradio.com\/eu\/wp-json\/wp\/v2\/product_brand?post=41293"},{"taxonomy":"product_cat","embeddable":true,"href":"https:\/\/marshallradio.com\/eu\/wp-json\/wp\/v2\/product_cat?post=41293"},{"taxonomy":"product_tag","embeddable":true,"href":"https:\/\/marshallradio.com\/eu\/wp-json\/wp\/v2\/product_tag?post=41293"}],"curies":[{"name":"wp","href":"https:\/\/api.w.org\/{rel}","templated":true}]}}