
{"id":42195,"date":"2020-10-21T18:38:35","date_gmt":"2020-10-21T18:38:35","guid":{"rendered":"http:\/\/marshallradio.com\/eu\/product\/nahradni-kabely-pro-prijimace\/"},"modified":"2021-04-21T19:09:27","modified_gmt":"2021-04-21T19:09:27","slug":"nahradni-kabely-pro-prijimace","status":"publish","type":"product","link":"https:\/\/marshallradio.com\/eu\/product\/nahradni-kabely-pro-prijimace\/?lang=cs","title":{"rendered":"N\u00e1hradn\u00ed kabely pro p\u0159ij\u00edma\u010de"},"content":{"rendered":"<p><strong>Kabel SMB 7.75&#8243;<\/strong><br \/>\nVhodn\u00fd pro v\u0161echny modely 2007 a nov\u011bj\u0161\u00ed Digital Field Marshall(FM100,FM800,FM1000,FM4000,FM5000 : 216-219\/232-236)<\/p>\n<p><strong>Kabel SMB 9.00&#8243;<\/strong><br \/>\nHod\u00ed se pro model Field Marshall z roku 2007 FM5 \/ 10 216MHz i aktu\u00e1ln\u00ed 2007+FM100\/1000 173MHz.<\/p>\n<p>Pro Field Marshall UHF 433\/434 MHz: Kabel je integrov\u00e1n do sestavy Driven Bracket, viz &#8220;<a href=\"http:\/\/marshallradio.com\/eu\/produkt\/nahradni-dily-pro-antenu-yagi\/?lang=cs\">N\u00e1hradn\u00ed d\u00edly pro ant\u00e9nu Yagi<\/a>&#8220;<\/p>\n","protected":false},"excerpt":{"rendered":"<p>V\u017edy dobr\u00e9 m\u00edt ve sv\u00e9 sad\u011b n\u00e1hradn\u00ed koaxi\u00e1ln\u00ed kabel. Koaxi\u00e1ln\u00ed kabel spojuje ant\u00e9nu yagi s p\u0159ij\u00edma\u010dem Field Marshall.<\/p>\n<p>Nezapome\u0148te si p\u0159e\u010d\u00edst n\u00ed\u017ee uveden\u00e9 popisy, abyste ov\u011b\u0159ili, \u017ee dost\u00e1v\u00e1te spr\u00e1vnou \u010d\u00e1st. <\/p>\n<p>Pokud nevid\u00edte, co pot\u0159ebujete, m\u016f\u017eete kontaktovat nejbli\u017e\u0161\u00ed rozhlasovou kancel\u00e1\u0159 Marshall. <\/p>\n<div class=\"read-more\"><a href=\"https:\/\/marshallradio.com\/eu\/product\/nahradni-kabely-pro-prijimace\/?lang=cs\">Read more <span class=\"screen-reader-text\">N\u00e1hradn\u00ed kabely pro p\u0159ij\u00edma\u010de<\/span><span class=\"meta-nav\"> &#8250;<\/span><\/a><\/div>\n<p><!-- end of .read-more --><\/p>\n","protected":false},"featured_media":44171,"template":"","meta":{"_acf_changed":false},"product_brand":[],"product_cat":[80],"product_tag":[],"class_list":{"0":"post-42195","1":"product","2":"type-product","3":"status-publish","4":"has-post-thumbnail","6":"product_cat-prijimace","8":"first","9":"instock","10":"taxable","11":"shipping-taxable","12":"purchasable","13":"product-type-variable"},"acf":[],"_links":{"self":[{"href":"https:\/\/marshallradio.com\/eu\/wp-json\/wp\/v2\/product\/42195","targetHints":{"allow":["GET"]}}],"collection":[{"href":"https:\/\/marshallradio.com\/eu\/wp-json\/wp\/v2\/product"}],"about":[{"href":"https:\/\/marshallradio.com\/eu\/wp-json\/wp\/v2\/types\/product"}],"wp:featuredmedia":[{"embeddable":true,"href":"https:\/\/marshallradio.com\/eu\/wp-json\/wp\/v2\/media\/44171"}],"wp:attachment":[{"href":"https:\/\/marshallradio.com\/eu\/wp-json\/wp\/v2\/media?parent=42195"}],"wp:term":[{"taxonomy":"product_brand","embeddable":true,"href":"https:\/\/marshallradio.com\/eu\/wp-json\/wp\/v2\/product_brand?post=42195"},{"taxonomy":"product_cat","embeddable":true,"href":"https:\/\/marshallradio.com\/eu\/wp-json\/wp\/v2\/product_cat?post=42195"},{"taxonomy":"product_tag","embeddable":true,"href":"https:\/\/marshallradio.com\/eu\/wp-json\/wp\/v2\/product_tag?post=42195"}],"curies":[{"name":"wp","href":"https:\/\/api.w.org\/{rel}","templated":true}]}}