
{"id":42201,"date":"2020-10-21T18:38:35","date_gmt":"2020-10-21T18:38:35","guid":{"rendered":"http:\/\/marshallradio.com\/eu\/product\/cables-de-rechange-pour-recepteurs\/"},"modified":"2021-04-21T19:09:49","modified_gmt":"2021-04-21T19:09:49","slug":"cables-de-rechange-pour-recepteurs","status":"publish","type":"product","link":"https:\/\/marshallradio.com\/eu\/product\/cables-de-rechange-pour-recepteurs\/?lang=fr","title":{"rendered":"C\u00e2bles de rechange pour r\u00e9cepteurs"},"content":{"rendered":"<p><strong>C\u00e2ble SMB 7.75&#8243;<\/strong><br \/>\nConvient \u00e0 tous les mod\u00e8les Digital Field Marshall 2007 et plus r\u00e9cents (FM100,FM800,FM1000,FM4000,FM5000 : 216-219\/232-236)<\/p>\n<p><strong>C\u00e2ble SMB 9.00&#8243;<\/strong><br \/>\nConvient aux mod\u00e8les Field Marshall ant\u00e9rieurs \u00e0 2007 FM5 \/ 10 216 MHz ainsi qu&#8217;aux mod\u00e8les 2007+ actuels FM100\/1000 173MHz.<\/p>\n<p>Pour Field Marshall UHF 433\/434 MHz: Le c\u00e2ble est int\u00e9gr\u00e9 dans l&#8217;ensemble de support d&#8217;entra\u00eenement, voir &#8220;<a href=\"http:\/\/marshallradio.com\/eu\/produit\/pieces-de-rechange-pour-antenne-yagi\/?lang=fr\">Pi\u00e8ces de rechange pour antenne Yagi<\/a>&#8220;<\/p>\n","protected":false},"excerpt":{"rendered":"<p>Toujours bon de garder un c\u00e2ble coaxial de rechange dans votre kit. Le c\u00e2ble coaxial relie l&#8217;antenne yagi \u00e0 votre r\u00e9cepteur Field Marshall.<\/p>\n<p>Veuillez vous assurer de lire les descriptions ci-dessous pour v\u00e9rifier que vous recevez la bonne pi\u00e8ce. <\/p>\n<p>Si vous ne voyez pas ce dont vous avez besoin, vous pouvez contacter le bureau de radio Marshall le plus proche. <\/p>\n<div class=\"read-more\"><a href=\"https:\/\/marshallradio.com\/eu\/product\/cables-de-rechange-pour-recepteurs\/?lang=fr\">Read more <span class=\"screen-reader-text\">C\u00e2bles de rechange pour r\u00e9cepteurs<\/span><span class=\"meta-nav\"> &#8250;<\/span><\/a><\/div>\n<p><!-- end of .read-more --><\/p>\n","protected":false},"featured_media":44173,"template":"","meta":{"_acf_changed":false},"product_brand":[],"product_cat":[84],"product_tag":[],"class_list":{"0":"post-42201","1":"product","2":"type-product","3":"status-publish","4":"has-post-thumbnail","6":"product_cat-recepteurs","8":"first","9":"instock","10":"taxable","11":"shipping-taxable","12":"purchasable","13":"product-type-variable"},"acf":[],"_links":{"self":[{"href":"https:\/\/marshallradio.com\/eu\/wp-json\/wp\/v2\/product\/42201","targetHints":{"allow":["GET"]}}],"collection":[{"href":"https:\/\/marshallradio.com\/eu\/wp-json\/wp\/v2\/product"}],"about":[{"href":"https:\/\/marshallradio.com\/eu\/wp-json\/wp\/v2\/types\/product"}],"wp:featuredmedia":[{"embeddable":true,"href":"https:\/\/marshallradio.com\/eu\/wp-json\/wp\/v2\/media\/44173"}],"wp:attachment":[{"href":"https:\/\/marshallradio.com\/eu\/wp-json\/wp\/v2\/media?parent=42201"}],"wp:term":[{"taxonomy":"product_brand","embeddable":true,"href":"https:\/\/marshallradio.com\/eu\/wp-json\/wp\/v2\/product_brand?post=42201"},{"taxonomy":"product_cat","embeddable":true,"href":"https:\/\/marshallradio.com\/eu\/wp-json\/wp\/v2\/product_cat?post=42201"},{"taxonomy":"product_tag","embeddable":true,"href":"https:\/\/marshallradio.com\/eu\/wp-json\/wp\/v2\/product_tag?post=42201"}],"curies":[{"name":"wp","href":"https:\/\/api.w.org\/{rel}","templated":true}]}}