
{"id":42210,"date":"2020-10-21T18:38:35","date_gmt":"2020-10-21T18:38:35","guid":{"rendered":"http:\/\/marshallradio.com\/eu\/product\/cables-de-repuesto-para-receptores\/"},"modified":"2021-04-21T19:11:44","modified_gmt":"2021-04-21T19:11:44","slug":"cables-de-repuesto-para-receptores","status":"publish","type":"product","link":"https:\/\/marshallradio.com\/eu\/product\/cables-de-repuesto-para-receptores\/?lang=es","title":{"rendered":"Cables de repuesto para receptores"},"content":{"rendered":"<p><strong>Cable SMB 7.75&#8243;<\/strong><br \/>\nSe adapta a todos los modelos Digital Field Marshall 2007 y posteriores(FM100,FM800,FM1000,FM4000,FM5000 : 216-219\/232-236)<\/p>\n<p><strong>Cable SMB 9.00&#8243;<\/strong><br \/>\nCompatible con los modelos Field Marshall FM5 \/ 10 216MHz anteriores a 2007 y los modelos actuales de 2007+FM100\/1000 173MHz.<\/p>\n<p>Para Field Marshall UHF 433\/434 MHz: el cable est\u00e1 integrado en el conjunto de soporte conducido, consulte &#8220;<a href=\"http:\/\/marshallradio.com\/eu\/producto\/repuestos-para-antena-yagi\/?lang=es\">Repuestos para Antena Yagi<\/a>&#8220;<\/p>\n","protected":false},"excerpt":{"rendered":"<p>Siempre es bueno tener un cable coaxial de repuesto en su kit. El cable coaxial conecta la antena yagi a su receptor Field Marshall.<\/p>\n<p>Aseg\u00farese de leer las descripciones a continuaci\u00f3n para verificar que est\u00e1 recibiendo la pieza correcta. <\/p>\n<p>Si no encuentra lo que necesita, puede comunicarse con la oficina de radio Marshall m\u00e1s cercana. <\/p>\n<div class=\"read-more\"><a href=\"https:\/\/marshallradio.com\/eu\/product\/cables-de-repuesto-para-receptores\/?lang=es\">Read more <span class=\"screen-reader-text\">Cables de repuesto para receptores<\/span><span class=\"meta-nav\"> &#8250;<\/span><\/a><\/div>\n<p><!-- end of .read-more --><\/p>\n","protected":false},"featured_media":44176,"template":"","meta":{"_acf_changed":false},"product_brand":[],"product_cat":[78],"product_tag":[],"class_list":{"0":"post-42210","1":"product","2":"type-product","3":"status-publish","4":"has-post-thumbnail","6":"product_cat-receptores","8":"first","9":"instock","10":"taxable","11":"shipping-taxable","12":"purchasable","13":"product-type-variable"},"acf":[],"_links":{"self":[{"href":"https:\/\/marshallradio.com\/eu\/wp-json\/wp\/v2\/product\/42210","targetHints":{"allow":["GET"]}}],"collection":[{"href":"https:\/\/marshallradio.com\/eu\/wp-json\/wp\/v2\/product"}],"about":[{"href":"https:\/\/marshallradio.com\/eu\/wp-json\/wp\/v2\/types\/product"}],"wp:featuredmedia":[{"embeddable":true,"href":"https:\/\/marshallradio.com\/eu\/wp-json\/wp\/v2\/media\/44176"}],"wp:attachment":[{"href":"https:\/\/marshallradio.com\/eu\/wp-json\/wp\/v2\/media?parent=42210"}],"wp:term":[{"taxonomy":"product_brand","embeddable":true,"href":"https:\/\/marshallradio.com\/eu\/wp-json\/wp\/v2\/product_brand?post=42210"},{"taxonomy":"product_cat","embeddable":true,"href":"https:\/\/marshallradio.com\/eu\/wp-json\/wp\/v2\/product_cat?post=42210"},{"taxonomy":"product_tag","embeddable":true,"href":"https:\/\/marshallradio.com\/eu\/wp-json\/wp\/v2\/product_tag?post=42210"}],"curies":[{"name":"wp","href":"https:\/\/api.w.org\/{rel}","templated":true}]}}