
{"id":43156,"date":"2021-01-26T18:08:56","date_gmt":"2021-01-26T18:08:56","guid":{"rendered":"http:\/\/marshallradio.com\/eu\/product\/pipaci-system-pro-male-papousky\/"},"modified":"2023-03-15T15:32:28","modified_gmt":"2023-03-15T15:32:28","slug":"pipaci-system-pro-male-papousky","status":"publish","type":"product","link":"https:\/\/marshallradio.com\/eu\/product\/pipaci-system-pro-male-papousky\/?lang=cs","title":{"rendered":"P\u00edpac\u00ed syst\u00e9m pro mal\u00e9 papou\u0161ky"},"content":{"rendered":"<p><strong>Mikro ocasn\u00ed kusy a instala\u010dn\u00ed n\u00e1stroj, aby odpov\u00eddaly<\/strong><br \/>\nMal\u00fd ocasn\u00ed pero se pou\u017e\u00edv\u00e1 s odpov\u00eddaj\u00edc\u00edm instala\u010dn\u00edm n\u00e1strojem ocasu pro rychlou instalaci ocasu na palubn\u00ed pe\u0159\u00ed va\u0161eho pt\u00e1ka. Proces je rychl\u00fd a jednoduch\u00fd a zp\u016fsobuje velmi mal\u00e9 nam\u00e1h\u00e1n\u00ed pt\u00e1ka.<\/p>\n<p><strong>MIKROVYS\u00cdLA\u010c<\/strong><\/p>\n<p><strong>Nejv\u011bt\u0161\u00ed mo\u017en\u00fd v\u00fdkon z mal\u00e9 baterie<\/strong><\/p>\n<p>D\u00edky velmi mal\u00fdm a lehk\u00fdm lithiov\u00fdm knofl\u00edkov\u00fdm \u010dl\u00e1nk\u016fm je vys\u00edla\u010d Micro navr\u017een tak, aby vyza\u0159oval co nejv\u00edce energie a p\u0159itom co nejefektivn\u011bji ma\u010dkal z\u00e1soby baterie. P\u0159i pokojov\u00e9 teplot\u011b bude Micro vys\u00edlat nep\u0159etr\u017eit\u011b po dobu 30 hodin b\u011b\u017en\u00e9ho pou\u017e\u00edv\u00e1n\u00ed (30 hodinov\u00fdch let\u016f, jeden m\u011bs\u00edc), ne\u017e v\u00e1m \u0159ekne, abyste vym\u011bnili baterii dvojit\u00fdm p\u00edpnut\u00edm ka\u017ed\u00fd des\u00e1t\u00fd puls. Pot\u00e9 baterie pob\u011b\u017e\u00ed p\u0159ibli\u017en\u011b o 70 hodin v\u00edce, celkov\u011b p\u0159ibli\u017en\u011b o 100 hodin. Pomoc\u00ed p\u0159ep\u00edna\u010de Mag k zapnut\u00ed a vypnut\u00ed pro ka\u017ed\u00fd let se to m\u016f\u017ee prom\u00edtnout do jednoho nebo dvou m\u011bs\u00edc\u016f b\u011b\u017en\u00e9ho pou\u017e\u00edv\u00e1n\u00ed na jednu v\u00fdm\u011bnu baterie, p\u0159i zachov\u00e1n\u00ed ztracen\u00e9ho pt\u00e1ka po dobu t\u0159\u00ed dn\u016f.<\/p>\n<p>Svou baterii m\u016f\u017eete v Micro ponechat a\u017e \u0161est m\u011bs\u00edc\u016f. Vys\u00edla\u010d sleduje kumulativn\u00ed vys\u00edlac\u00ed \u010das, aby odhadl zb\u00fdvaj\u00edc\u00ed \u017eivotnost baterie, i kdy\u017e nevys\u00edl\u00e1.<\/p>\n<p>Pokud se zobrazuje varov\u00e1n\u00ed p\u0159ed dvojit\u00fdm p\u00edpnut\u00edm, je mo\u017en\u00e9, \u017ee pam\u011b\u0165 uvnit\u0159 vys\u00edla\u010de nebyla resetov\u00e1na p\u0159i posledn\u00ed v\u00fdm\u011bn\u011b baterie. Chcete-li resetovat pam\u011b\u0165, jednodu\u0161e bu\u010f<\/p>\n<p>a) p\u0159ed v\u00fdm\u011bnou baterie zapn\u011bte vys\u00edla\u010d magnetem nebo<\/p>\n<p>b) zkratujte kontakty p\u0159i ka\u017ed\u00e9 v\u00fdm\u011bn\u011b baterie.<\/p>\n<p>T\u00edm zajist\u00edte \u00fapln\u00e9 vynulov\u00e1n\u00ed \u010dasova\u010de baterie a z\u00edsk\u00e1te spr\u00e1vnou dobu chodu, ne\u017e dojde k dvojit\u00e9mu p\u00edpnut\u00ed.<\/p>\n<p><strong>Mo\u017enost upevn\u011bn\u00ed na nohu NEBO na ocas<\/strong><\/p>\n<p>Existuj\u00ed dva designy t\u011bla: 1) pouzdro pro upevn\u011bn\u00ed nohou s malou p\u0159ipev\u0148ovac\u00ed smy\u010dkou Bewit naho\u0159e a hladkou zadn\u00ed \u010d\u00e1st\u00ed a 2) pouzdro pro upevn\u011bn\u00ed ocasu, kter\u00e9 m\u00e1 na zadn\u00ed stran\u011b t\u0159i drobn\u00e9 sloupky, kter\u00e9 dr\u017e\u00ed ocasn\u00ed pru\u017einu.<\/p>\n<p>Abychom udr\u017eeli v\u00e1hu na absolutn\u00edm minimu, vyr\u00e1b\u00edme je tak \u010di onak.<\/p>\n<p><strong>POLN\u00cd P\u0158IJ\u00cdMA\u010c MARSHALLU<\/strong><\/p>\n<p><strong>Maxim\u00e1ln\u00ed citlivost<\/strong><br \/>\nDosa\u017een\u00ed nejlep\u0161\u00edho dosahu vy\u017eaduje m\u00edt v p\u0159ij\u00edma\u010di co neju\u017eite\u010dn\u011bj\u0161\u00ed citlivost. Kombinace p\u0159ij\u00edma\u010de, odpov\u00eddaj\u00edc\u00edho kabelu a ant\u00e9ny navr\u017een\u00e9 speci\u00e1ln\u011b pro n\u011bj tvo\u0159\u00ed kompletn\u00ed bal\u00ed\u010dek, kter\u00fd mus\u00ed pracovat v harmonii, aby bylo dosa\u017eeno co nejvy\u0161\u0161\u00ed citlivosti. Digit\u00e1ln\u00ed poln\u00ed mar\u0161\u00e1l poskytne nejv\u011bt\u0161\u00ed dosah jak\u00e9hokoli sledovac\u00edho p\u0159ij\u00edma\u010de na sv\u011bt\u011b. Nic nejde d\u00e1le ne\u017e Field Marshall, zejm\u00e9na ve m\u011bstech nebo oblastech \u201ene\u017e\u00e1douc\u00edho r\u00e1diov\u00e9ho \u0161umu\u201c. S lep\u0161\u00ed ne\u017e -154 dBm citlivost\u00ed dok\u00e1\u017ee Field Marshall rozeznat nejslab\u0161\u00ed sign\u00e1ly.<\/p>\n<p><strong>Lze pou\u017e\u00edt s GPS<\/strong><\/p>\n<p>P\u0159ij\u00edma\u010d Field Marshall UHF lze tak\u00e9 pou\u017e\u00edt pro v\u00e1\u0161 syst\u00e9m GPS, aby v\u00e1m umo\u017enil p\u0159esn\u011b lokalizovat vys\u00edla\u010d uvnit\u0159 prost\u0159ed\u00ed s odep\u0159en\u00fdm GPS (uvnit\u0159 budovy nebo lokalizovat sign\u00e1ly, kdy\u017e jsou blokov\u00e1ny satelity GPS), nebo kdy\u017e je vys\u00edla\u010d v siln\u00e9m krytu. Pou\u017eit\u00ed Field Marshall UHF ke sledov\u00e1n\u00ed \u201ep\u00edpaj\u00edc\u00edho\u201c sign\u00e1lu z RT a Turbo GPS m\u016f\u017ee tak\u00e9 prodlou\u017eit dosah, kdy\u017e je vys\u00edla\u010d bl\u00edzko zem\u011b.<\/p>\n<p><strong>Lehk\u00e1 v\u00e1ha<\/strong><\/p>\n<p>D\u00edky pou\u017eit\u00ed elektronick\u00fdch sou\u010d\u00e1stek nejnov\u011bj\u0161\u00ed generace n\u00e1m skl\u00e1dac\u00ed yagi a kreativn\u00ed obal umo\u017e\u0148uj\u00ed hodn\u011b zapadnout do mal\u00e9ho prostoru.<\/p>\n<p>D\u00edky na\u0161emu z\u00e1vazku pou\u017e\u00edvat hlin\u00edkov\u00e9 slitiny, kter\u00e9 maj\u00ed maxim\u00e1ln\u00ed pom\u011br pevnosti k hmotnosti, je tento p\u0159ij\u00edma\u010d tak lehk\u00fd a siln\u00fd, jak je technicky mo\u017en\u00e9.<\/p>\n<p><strong>Vod\u011bodoln\u00fd<\/strong><\/p>\n<p>T\u00e9m\u011b\u0159. P\u0159ij\u00edma\u010d nen\u00ed ur\u010den k pou\u017eit\u00ed ve velmi vlhk\u00fdch podm\u00ednk\u00e1ch, vydr\u017e\u00ed v\u0161ak i ve slab\u00e9m de\u0161ti. Pokud dojde k n\u00e1hodn\u00e9mu pono\u0159en\u00ed do vody p\u0159i nehod\u011b nebo p\u00e1du, je t\u0159eba jej p\u0159ed op\u011btovn\u00fdm pou\u017eit\u00edm vypustit a nechat uschnout.<\/p>\n<p><strong>Mo\u017enost pou\u017eit\u00ed vozidla k nap\u00e1jen\u00ed p\u0159ij\u00edma\u010de<\/strong><\/p>\n<p>Adapt\u00e9r do auta je navr\u017een tak, aby obch\u00e1zel baterie a nap\u00e1jel p\u0159ij\u00edma\u010d po del\u0161\u00ed dobu ve vozidle, aby \u0161et\u0159il baterie a uchoval je na dlouh\u00e9 cesty od auta. Adapt\u00e9r zapalova\u010de cigaret najdete v p\u0159\u00edslu\u0161enstv\u00ed. Field Marshall pou\u017e\u00edv\u00e1 b\u011b\u017en\u00e9 snadno vyhledateln\u00e9 AAA baterie, kter\u00e9 nejsou dob\u00edjec\u00ed.<\/p>\n<p><strong>Jak\u00e9 baterie pou\u017e\u00edt<\/strong><\/p>\n<p>Pro b\u011b\u017en\u00e9 pou\u017eit\u00ed jsou alkalick\u00e9 baterie AAA nejefektivn\u011bj\u0161\u00ed z hlediska n\u00e1klad\u016f a poskytuj\u00ed dobrou \u017eivotnost baterie, ale lithiov\u00e9 baterie AAA nab\u00edzej\u00ed nejlep\u0161\u00ed v\u00fdkon v chladn\u00e9m po\u010das\u00ed, jsou nejleh\u010d\u00ed a vydr\u017e\u00ed nejdel\u0161\u00ed. Nezapome\u0148te v\u017edy vyjmout baterie z p\u0159ij\u00edma\u010de b\u011bhem obdob\u00ed dlouhodob\u00e9ho skladov\u00e1n\u00ed (mimo sez\u00f3nu). Nab\u00edjec\u00ed baterie (nap\u0159\u00edklad NiCad nebo NiMH) by se nem\u011bly pou\u017e\u00edvat, proto\u017ee neposkytuj\u00ed dostate\u010dn\u00e9 a st\u00e1l\u00e9 nap\u011bt\u00ed pro efektivn\u00ed fungov\u00e1n\u00ed p\u0159ij\u00edma\u010de.<\/p>\n<p>V\u017edy pou\u017e\u00edvejte zna\u010dkov\u00e9 baterie (jako Energizer nebo Duracell) s komplexn\u00ed z\u00e1rukou pro p\u0159\u00edpad, \u017ee by do\u0161lo k nehod\u011b se skute\u010dn\u00fdmi bateriemi uvnit\u0159 va\u0161eho p\u0159ij\u00edma\u010de.<\/p>\n<p><strong>Mo\u017enost pou\u017eit\u00ed s \u200b\u200bOmni Antenna<\/strong><\/p>\n<p>Field Marshall snadno vyj\u00edm\u00e1 vstup z extern\u00ed ant\u00e9ny, jednodu\u0161e vyjm\u011bte koaxi\u00e1ln\u00ed kabel z t\u011bla p\u0159ij\u00edma\u010de a zapojte koaxi\u00e1ln\u00ed kabel z va\u0161\u00ed extern\u00ed ant\u00e9ny. Field Marshall pou\u017e\u00edv\u00e1 konektor \u201eSMB\u201c, n\u011bkter\u00e9 extern\u00ed ant\u00e9ny mohou vy\u017eadovat adapt\u00e9r.<\/p>\n<p><strong>Kompaktn\u00ed skl\u00e1dac\u00ed ant\u00e9na Yagi<\/strong><\/p>\n<p>Field Marshall UHF je standardn\u011b dod\u00e1v\u00e1n s na\u0161\u00ed skl\u00e1dac\u00ed ant\u00e9nou yagi nejnov\u011bj\u0161\u00ed generace.<\/p>\n","protected":false},"excerpt":{"rendered":"<p><strong>P\u00edpaj\u00edc\u00ed telemetrie je skv\u011blou volbou pro papou\u0161ky do 500 gram\u016f<\/strong><\/p>\n<p>\u201eP\u00edpaj\u00edc\u00ed\u201c telemetrie obsluhuje p\u0159ij\u00edma\u010d r\u00e1diov\u00e9ho ur\u010dov\u00e1n\u00ed sm\u011bru, kter\u00fd sleduje mal\u00fd vys\u00edla\u010d vys\u00edlaj\u00edc\u00ed RF sign\u00e1l. U\u017eivatel usly\u0161\u00ed z p\u0159ij\u00edma\u010de zvukov\u00e9 \u201ep\u00edpnut\u00ed\u201c. S\u00edla nebo hlasitost p\u00edpnut\u00ed ud\u00e1v\u00e1 sm\u011br va\u0161eho pt\u00e1ka (hlasit\u011bj\u0161\u00ed p\u00edpnut\u00ed znamen\u00e1, \u017ee p\u0159ij\u00edma\u010d je nam\u00ed\u0159en na pt\u00e1ka, m\u011bk\u010d\u00ed p\u00edpnut\u00ed &#8211; m\u00ed\u0159\u00ed pry\u010d).<\/p>\n<p>N\u00e1\u0161 syst\u00e9m p\u00edp\u00e1n\u00ed telemetrie pro papou\u0161ky obsluhuje kompaktn\u00ed ru\u010dn\u00ed p\u0159ij\u00edma\u010d Field Marshall UHF a mal\u00fd vys\u00edla\u010d Micro o hmotnosti pouh\u00fdch 3,5 g namontovan\u00fd na va\u0161em pt\u00e1kovi. Tento syst\u00e9m spole\u010dn\u011b poskytuje mnoho mil sledovac\u00edho dosahu.<\/p>\n<p><strong>CO ZAHRNUJE SYST\u00c9M<\/strong><br \/>\nP\u0159ij\u00edma\u010d (mo\u017enosti: FM 500 434, FM2000 433 a 434)<br \/>\nPoln\u00ed pouzdro (pro p\u0159en\u00e1\u0161en\u00ed p\u0159ij\u00edma\u010de)<br \/>\nMikro vys\u00edla\u010d (mo\u017enosti: noha nebo ocas)<br \/>\nMagnetick\u00e1 h\u016flka<\/p>\n<p><strong>Dr\u017e\u00e1ky nejsou sou\u010d\u00e1st\u00ed syst\u00e9mu.<\/strong><\/p>\n<p>Chcete-li pomoci p\u0159i v\u00fdb\u011bru n\u00ed\u017ee pro p\u0159ij\u00edma\u010d Field Marshall:<br \/>\nZdarma letci, kte\u0159\u00ed maj\u00ed jednoho papou\u0161ka, je FM500 434 skv\u011blou volbou, ale pokud l\u00e9t\u00e1te s v\u00edce papou\u0161ky, vyberte FM2000<\/p>\n<div class=\"read-more\"><a href=\"https:\/\/marshallradio.com\/eu\/product\/pipaci-system-pro-male-papousky\/?lang=cs\">Read more <span class=\"screen-reader-text\">P\u00edpac\u00ed syst\u00e9m pro mal\u00e9 papou\u0161ky<\/span><span class=\"meta-nav\"> &#8250;<\/span><\/a><\/div>\n<p><!-- end of .read-more --><\/p>\n","protected":false},"featured_media":44258,"template":"","meta":{"_acf_changed":false},"product_brand":[],"product_cat":[151],"product_tag":[],"class_list":{"0":"post-43156","1":"product","2":"type-product","3":"status-publish","4":"has-post-thumbnail","6":"product_cat-produkty-papouska","8":"first","9":"instock","10":"taxable","11":"shipping-taxable","12":"purchasable","13":"product-type-variable"},"acf":[],"_links":{"self":[{"href":"https:\/\/marshallradio.com\/eu\/wp-json\/wp\/v2\/product\/43156","targetHints":{"allow":["GET"]}}],"collection":[{"href":"https:\/\/marshallradio.com\/eu\/wp-json\/wp\/v2\/product"}],"about":[{"href":"https:\/\/marshallradio.com\/eu\/wp-json\/wp\/v2\/types\/product"}],"wp:featuredmedia":[{"embeddable":true,"href":"https:\/\/marshallradio.com\/eu\/wp-json\/wp\/v2\/media\/44258"}],"wp:attachment":[{"href":"https:\/\/marshallradio.com\/eu\/wp-json\/wp\/v2\/media?parent=43156"}],"wp:term":[{"taxonomy":"product_brand","embeddable":true,"href":"https:\/\/marshallradio.com\/eu\/wp-json\/wp\/v2\/product_brand?post=43156"},{"taxonomy":"product_cat","embeddable":true,"href":"https:\/\/marshallradio.com\/eu\/wp-json\/wp\/v2\/product_cat?post=43156"},{"taxonomy":"product_tag","embeddable":true,"href":"https:\/\/marshallradio.com\/eu\/wp-json\/wp\/v2\/product_tag?post=43156"}],"curies":[{"name":"wp","href":"https:\/\/api.w.org\/{rel}","templated":true}]}}