
{"id":43166,"date":"2021-01-26T18:08:56","date_gmt":"2021-01-26T18:08:56","guid":{"rendered":"http:\/\/marshallradio.com\/eu\/product\/systeme-de-bip-pour-petits-perroquets\/"},"modified":"2023-03-15T15:32:51","modified_gmt":"2023-03-15T15:32:51","slug":"systeme-de-bip-pour-petits-perroquets","status":"publish","type":"product","link":"https:\/\/marshallradio.com\/eu\/product\/systeme-de-bip-pour-petits-perroquets\/?lang=fr","title":{"rendered":"Syst\u00e8me de bip pour petits perroquets"},"content":{"rendered":"<p><strong>Pi\u00e8ces de queue de taille micro et outil d&#8217;installation pour correspondre<\/strong><br \/>\nLa petite pi\u00e8ce de plume de queue est utilis\u00e9e avec l&#8217;outil d&#8217;installation de pi\u00e8ce de queue correspondant pour installer rapidement la pi\u00e8ce de queue sur la plume de pont de votre oiseau. Le processus est simple et rapide, causant tr\u00e8s peu de stress \u00e0 l&#8217;oiseau.<\/p>\n<p><strong>MICRO \u00c9METTEUR<\/strong><\/p>\n<p><strong>La plus grande puissance possible avec une petite batterie<\/strong><\/p>\n<p>Utilisant des piles bouton au lithium tr\u00e8s petites et l\u00e9g\u00e8res, l&#8217;\u00e9metteur Micro est con\u00e7u pour \u00e9mettre le plus de puissance possible tout en comprimant les r\u00e9serves de la batterie le plus efficacement possible. \u00c0 temp\u00e9rature ambiante, le Micro \u00e9mettra en continu pendant 30 heures d&#8217;utilisation normale (30 vols d&#8217;une heure, un mois) avant de vous dire de changer la batterie avec un double bip toutes les dix impulsions. Apr\u00e8s cela, la batterie fonctionne environ 70 heures suppl\u00e9mentaires pour une dur\u00e9e totale d&#8217;environ 100 heures. En utilisant le commutateur Mag pour activer et d\u00e9sactiver la fonction Tap pour chaque vol, cela peut se traduire par un ou deux mois d&#8217;utilisation normale par changement de batterie, tout en maintenant toujours une marge de s\u00e9curit\u00e9 de trois jours pour rechercher un oiseau perdu.<\/p>\n<p>Vous pouvez laisser votre batterie dans le Micro jusqu&#8217;\u00e0 six mois. L&#8217;\u00e9metteur garde une trace du temps de transmission cumul\u00e9 pour estimer la dur\u00e9e de vie restante de la batterie, m\u00eame lorsqu&#8217;il ne transmet pas.<\/p>\n<p>Si vous recevez un double bip pr\u00e9coce, il est possible que la m\u00e9moire \u00e0 l&#8217;int\u00e9rieur de l&#8217;\u00e9metteur n&#8217;ait pas \u00e9t\u00e9 r\u00e9initialis\u00e9e lors du dernier changement de pile. Pour r\u00e9initialiser la m\u00e9moire, il suffit soit<\/p>\n<p>a) allumez l&#8217;\u00e9metteur avec l&#8217;aimant avant de changer la pile ou<\/p>\n<p>b) court-circuitez les contacts \u00e0 chaque changement de pile.<\/p>\n<p>Cela assurera une r\u00e9initialisation compl\u00e8te de la minuterie de la batterie et vous donnera le temps de fonctionnement correct avant que le double bip ne se produise.<\/p>\n<p><strong>Option de montage de jambe OU de queue<\/strong><\/p>\n<p>Il existe deux mod\u00e8les de corps: 1) le bo\u00eetier de montage sur jambe avec une minuscule boucle de fixation Bewit en haut et un dos lisse et 2) le bo\u00eetier de montage arri\u00e8re qui a trois minuscules poteaux \u00e0 l&#8217;arri\u00e8re pour maintenir le ressort de queue.<\/p>\n<p>Pour garder le poids au minimum absolu, nous les fabriquons dans un sens ou dans l&#8217;autre.<\/p>\n<p><strong>R\u00c9CEPTEUR FIELD MARSHALL<\/strong><\/p>\n<p><strong>Sensibilit\u00e9 maximale<\/strong><br \/>\nPour obtenir la meilleure port\u00e9e, il faut avoir la \u00absensibilit\u00e9 la plus utile\u00bb dans un r\u00e9cepteur. La combinaison du r\u00e9cepteur, du c\u00e2ble correspondant et de l&#8217;antenne sp\u00e9cialement con\u00e7ue pour cela constitue un ensemble complet qui doit fonctionner en harmonie pour atteindre la plus grande sensibilit\u00e9 possible. Le Digital Field Marshall offrira la plus grande port\u00e9e de tous les r\u00e9cepteurs de suivi au monde. Rien ne va plus loin que le Field Marshall, en particulier dans les villes ou les zones de \u00abbruit radio ind\u00e9sirable\u00bb. Avec une sensibilit\u00e9 sup\u00e9rieure \u00e0 -154 dBm, le Field Marshall peut discerner les signaux les plus faibles.<\/p>\n<p><strong>Peut \u00eatre utilis\u00e9 avec le GPS<\/strong><\/p>\n<p>Le r\u00e9cepteur UHF Field Marshall peut \u00e9galement \u00eatre utilis\u00e9 pour votre syst\u00e8me GPS afin de vous permettre de localiser pr\u00e9cis\u00e9ment l&#8217;\u00e9metteur \u00e0 l&#8217;int\u00e9rieur d&#8217;environnements GPS refus\u00e9s (\u00e0 l&#8217;int\u00e9rieur d&#8217;un b\u00e2timent, ou de localiser les signaux lorsque les satellites GPS sont bloqu\u00e9s), ou lorsque l&#8217;\u00e9metteur est en couverture \u00e9paisse. L&#8217;utilisation du Field Marshall UHF pour suivre le signal &#8220;Beeping&#8221; du RT et du Turbo GPS peut \u00e9galement \u00e9tendre la port\u00e9e lorsque l&#8217;\u00e9metteur est proche du sol.<\/p>\n<p><strong>Poids l\u00e9ger<\/strong><\/p>\n<p>En utilisant des composants \u00e9lectroniques de derni\u00e8re g\u00e9n\u00e9ration, un yagi pliable et un emballage cr\u00e9atif nous permettent de ranger beaucoup dans un petit espace.<\/p>\n<p>Et, notre engagement \u00e0 utiliser des alliages d&#8217;aluminium qui ont le rapport r\u00e9sistance \/ poids maximal rend ce r\u00e9cepteur aussi l\u00e9ger et solide que techniquement possible.<\/p>\n<p><strong>R\u00e9sistant \u00e0 l&#8217;eau<\/strong><\/p>\n<p>Presque. Le r\u00e9cepteur n&#8217;est pas con\u00e7u pour \u00eatre utilis\u00e9 dans des conditions tr\u00e8s humides, mais il r\u00e9siste \u00e0 une pluie l\u00e9g\u00e8re. S&#8217;il est accidentellement submerg\u00e9 par accident ou chute, il doit \u00eatre vidang\u00e9 et laiss\u00e9 s\u00e9cher avant de le r\u00e9utiliser.<\/p>\n<p><strong>Possibilit\u00e9 d&#8217;utiliser le v\u00e9hicule pour alimenter le r\u00e9cepteur<\/strong><\/p>\n<p>L&#8217;adaptateur de voiture est con\u00e7u pour contourner les batteries et alimenter le r\u00e9cepteur pendant de longues p\u00e9riodes \u00e0 l&#8217;int\u00e9rieur du v\u00e9hicule afin d&#8217;\u00e9conomiser les batteries, de les conserver pour de longues promenades loin de la voiture. L&#8217;adaptateur allume-cigare se trouve dans les accessoires. Le Field Marshall utilise des piles AAA communes faciles \u00e0 trouver qui ne sont pas rechargeables.<\/p>\n<p><strong>Quelles piles utiliser<\/strong><\/p>\n<p>Pour un usage g\u00e9n\u00e9ral, les piles alcalines AAA sont les plus rentables et offrent une bonne autonomie, mais les piles au lithium AAA offrent les meilleures performances par temps froid, sont les plus l\u00e9g\u00e8res et durent le plus longtemps. N&#8217;oubliez pas de toujours retirer les piles de votre r\u00e9cepteur pendant les p\u00e9riodes de stockage prolong\u00e9 (hors saison). Les piles rechargeables (telles que NiCad ou NiMH) ne doivent pas \u00eatre utilis\u00e9es car elles ne fournissent pas une tension suffisante et constante pour faire fonctionner le r\u00e9cepteur efficacement.<\/p>\n<p>Utilisez toujours des piles de marque (comme Energizer ou Duracell) avec une garantie compl\u00e8te, au cas o\u00f9 il y aurait un accident avec les piles \u00e0 l&#8217;int\u00e9rieur de votre r\u00e9cepteur.<\/p>\n<p><strong>Option \u00e0 utiliser avec l&#8217;antenne Omni<\/strong><\/p>\n<p>Le Field Marshall exclut facilement l&#8217;entr\u00e9e d&#8217;une antenne externe, retirez simplement le c\u00e2ble coaxial du corps du r\u00e9cepteur et branchez le c\u00e2ble coaxial de votre antenne externe. Le Field Marshall utilise un connecteur \u00abSMB\u00bb, certaines antennes externes peuvent n\u00e9cessiter un adaptateur.<\/p>\n<p><strong>Antenne Yagi compacte pliable<\/strong><\/p>\n<p>Le Field Marshall UHF est livr\u00e9 avec notre antenne Yagi pliable de derni\u00e8re g\u00e9n\u00e9ration en standard.<\/p>\n","protected":false},"excerpt":{"rendered":"<p><strong>La t\u00e9l\u00e9m\u00e9trie bip est une excellente option pour les perroquets de moins de 500 grammes<\/strong><\/p>\n<p>La t\u00e9l\u00e9m\u00e9trie &#8220;Bip&#8221; utilise un r\u00e9cepteur radiogoniom\u00e9trique qui suit un petit \u00e9metteur \u00e9mettant un signal RF. L&#8217;utilisateur entend un &#8220;bip&#8221; audible du r\u00e9cepteur. La force ou l&#8217;intensit\u00e9 du bip indique la direction de votre oiseau (des bips plus forts signifient que le r\u00e9cepteur est dirig\u00e9 vers l&#8217;oiseau, des bips plus doux &#8211; pointant vers l&#8217;ext\u00e9rieur).<\/p>\n<p>Notre syst\u00e8me de t\u00e9l\u00e9m\u00e9trie sonore pour perroquets utilise le r\u00e9cepteur compact Field Marshall UHF et le petit \u00e9metteur Micro, \u00e0 seulement 3,5 g, mont\u00e9 sur votre oiseau. Ensemble, ce syst\u00e8me offre de nombreux kilom\u00e8tres de port\u00e9e de suivi.<\/p>\n<p><strong>QUE COMPREND LE SYST\u00c8ME<\/strong><br \/>\nR\u00e9cepteur (Options: FM 500434, FM2000 433 et 434)<br \/>\nHolster de terrain (pour transporter le r\u00e9cepteur)<br \/>\nMicro \u00e9metteur (options: jambe ou queue)<br \/>\nBaguette magn\u00e9tique<\/p>\n<p><strong>Les supports ne sont pas inclus avec le syst\u00e8me.<\/strong><\/p>\n<p>Pour vous aider dans votre s\u00e9lection ci-dessous pour le r\u00e9cepteur Field Marshall:<br \/>\nLes pilotes gratuits qui ont un perroquet, le FM500 434 est une excellente option, mais si vous pilotez plusieurs perroquets, s\u00e9lectionnez le FM2000<\/p>\n<div class=\"read-more\"><a href=\"https:\/\/marshallradio.com\/eu\/product\/systeme-de-bip-pour-petits-perroquets\/?lang=fr\">Read more <span class=\"screen-reader-text\">Syst\u00e8me de bip pour petits perroquets<\/span><span class=\"meta-nav\"> &#8250;<\/span><\/a><\/div>\n<p><!-- end of .read-more --><\/p>\n","protected":false},"featured_media":44260,"template":"","meta":{"_acf_changed":false},"product_brand":[],"product_cat":[153],"product_tag":[],"class_list":{"0":"post-43166","1":"product","2":"type-product","3":"status-publish","4":"has-post-thumbnail","6":"product_cat-produits-parrot","8":"first","9":"instock","10":"taxable","11":"shipping-taxable","12":"purchasable","13":"product-type-variable"},"acf":[],"_links":{"self":[{"href":"https:\/\/marshallradio.com\/eu\/wp-json\/wp\/v2\/product\/43166","targetHints":{"allow":["GET"]}}],"collection":[{"href":"https:\/\/marshallradio.com\/eu\/wp-json\/wp\/v2\/product"}],"about":[{"href":"https:\/\/marshallradio.com\/eu\/wp-json\/wp\/v2\/types\/product"}],"wp:featuredmedia":[{"embeddable":true,"href":"https:\/\/marshallradio.com\/eu\/wp-json\/wp\/v2\/media\/44260"}],"wp:attachment":[{"href":"https:\/\/marshallradio.com\/eu\/wp-json\/wp\/v2\/media?parent=43166"}],"wp:term":[{"taxonomy":"product_brand","embeddable":true,"href":"https:\/\/marshallradio.com\/eu\/wp-json\/wp\/v2\/product_brand?post=43166"},{"taxonomy":"product_cat","embeddable":true,"href":"https:\/\/marshallradio.com\/eu\/wp-json\/wp\/v2\/product_cat?post=43166"},{"taxonomy":"product_tag","embeddable":true,"href":"https:\/\/marshallradio.com\/eu\/wp-json\/wp\/v2\/product_tag?post=43166"}],"curies":[{"name":"wp","href":"https:\/\/api.w.org\/{rel}","templated":true}]}}