
{"id":43176,"date":"2021-01-26T18:08:56","date_gmt":"2021-01-26T18:08:56","guid":{"rendered":"http:\/\/marshallradio.com\/eu\/product\/sistema-di-segnalazione-acustica-per-piccoli-pappagalli\/"},"modified":"2023-03-15T15:33:16","modified_gmt":"2023-03-15T15:33:16","slug":"sistema-di-segnalazione-acustica-per-piccoli-pappagalli","status":"publish","type":"product","link":"https:\/\/marshallradio.com\/eu\/product\/sistema-di-segnalazione-acustica-per-piccoli-pappagalli\/?lang=it","title":{"rendered":"Sistema di segnalazione acustica per piccoli pappagalli"},"content":{"rendered":"<p><strong>Tail-tail di dimensioni micro e strumento di installazione da abbinare<\/strong><br \/>\nIl pezzo piccolo della coda della coda viene utilizzato con lo strumento di installazione della coda corrispondente per installare rapidamente il pezzo della coda sulla piuma del ponte del tuo uccello. Il processo \u00e8 rapido e semplice e causa pochissimo stress all&#8217;uccello.<\/p>\n<p><strong>MICRO TRASMETTITORE<\/strong><\/p>\n<p><strong>La massima potenza possibile da una piccola batteria<\/strong><\/p>\n<p>Utilizzando le celle a bottone al litio molto piccole e leggere, il trasmettitore Micro \u00e8 progettato per irradiare la massima potenza possibile mentre comprime le riserve della batteria in modo pi\u00f9 efficiente. A temperatura ambiente, il Micro trasmetter\u00e0 ininterrottamente per 30 ore di uso normale (30 voli di un&#8217;ora, un mese) prima di dirti di cambiare la batteria con un doppio bip ogni decimo impulso. Dopodich\u00e9, la batteria dura circa 70 ore in pi\u00f9 per un tempo totale di circa 100 ore. Utilizzando l&#8217;interruttore Mag per toccare e disattivare per ogni volo, ci\u00f2 potrebbe tradursi in uno o due mesi di utilizzo normale per cambio di batteria, mantenendo sempre un margine di sicurezza di tre giorni per cercare un uccello smarrito.<\/p>\n<p>Puoi lasciare la batteria nel Micro per un massimo di sei mesi. Il trasmettitore tiene traccia del tempo di trasmissione cumulativo per stimare la durata residua della batteria, anche quando non trasmette.<\/p>\n<p>Se si riceve un doppio segnale acustico anticipato, \u00e8 possibile che la memoria all&#8217;interno del trasmettitore non sia stata ripristinata l&#8217;ultima volta che \u00e8 stata sostituita la batteria. Per reimpostare la memoria, semplicemente uno<\/p>\n<p>a) accendere il trasmettitore con il magnete prima di cambiare la batteria o<\/p>\n<p>b) cortocircuitare i contatti ogni volta che si sostituisce una batteria.<\/p>\n<p>Ci\u00f2 garantir\u00e0 un ripristino completo del timer della batteria e fornir\u00e0 il tempo di esecuzione corretto prima che si verifichi il doppio segnale acustico.<\/p>\n<p><strong>Opzione di montaggio su gamba o coda<\/strong><\/p>\n<p>Ci sono due design del corpo: 1) la custodia per montaggio su gamba con un piccolo anello di fissaggio Bewit nella parte superiore e un retro liscio e 2) la custodia per montaggio su coda che ha tre piccoli montanti sul retro per contenere la molla della coda.<\/p>\n<p>Per mantenere il peso al minimo assoluto, li realizziamo in un modo o nell&#8217;altro.<\/p>\n<p><strong>RICEVITORE MARSHALL DA CAMPO<\/strong><\/p>\n<p><strong>Massima sensibilit\u00e0<\/strong><br \/>\nPer ottenere la migliore portata \u00e8 necessario avere la massima &#8220;sensibilit\u00e0 utile&#8221; in un ricevitore. La combinazione del ricevitore, del cavo corrispondente e dell&#8217;antenna progettata appositamente per esso costituiscono un pacchetto completo che deve funzionare in armonia per ottenere la massima sensibilit\u00e0 possibile. Il Digital Field Marshall fornir\u00e0 la maggior portata di qualsiasi ricevitore di localizzazione al mondo. Niente va oltre il Field Marshall, specialmente nelle citt\u00e0 o nelle aree di &#8220;rumore radio indesiderato&#8221;. Con una sensibilit\u00e0 migliore di -154dBm, il Field Marshall \u00e8 in grado di distinguere i segnali pi\u00f9 deboli.<\/p>\n<p><strong>Pu\u00f2 essere utilizzato con il GPS<\/strong><\/p>\n<p>Il ricevitore Field Marshall UHF pu\u00f2 anche essere utilizzato per il tuo sistema GPS per consentirti di localizzare con precisione il trasmettitore all&#8217;interno di ambienti GPS negati (all&#8217;interno di un edificio o localizzare i segnali quando i satelliti GPS sono bloccati), o quando il trasmettitore \u00e8 in una copertura spessa. Utilizzando il Field Marshall UHF per tracciare il segnale &#8220;Beeping&#8221; dall&#8217;RT e Turbo GPS \u00e8 anche possibile estendere la portata quando il trasmettitore \u00e8 vicino al suolo.<\/p>\n<p><strong>Peso leggero<\/strong><\/p>\n<p>Utilizzando componenti elettronici di ultima generazione, una yagi pieghevole e un packaging creativo ci consentono di adattarsi molto in un piccolo spazio.<\/p>\n<p>Inoltre, il nostro impegno nell&#8217;utilizzo di leghe di alluminio che abbiano il massimo rapporto resistenza \/ peso rende questo ricevitore il pi\u00f9 leggero e resistente tecnicamente possibile.<\/p>\n<p><strong>Resistente all&#8217;acqua<\/strong><\/p>\n<p>Quasi. Il ricevitore non \u00e8 progettato per essere utilizzato in condizioni molto umide, ma resister\u00e0 in caso di pioggia leggera. Se viene sommerso accidentalmente per incidente o caduta, deve essere drenato e lasciato asciugare prima di riutilizzarlo.<\/p>\n<p><strong>Possibilit\u00e0 di utilizzare il veicolo per alimentare il ricevitore<\/strong><\/p>\n<p>L&#8217;adattatore per auto \u00e8 progettato per bypassare le batterie e alimentare il ricevitore per lunghi periodi all&#8217;interno del veicolo al fine di risparmiare le batterie, per preservarle per lunghe passeggiate lontano dall&#8217;auto. L&#8217;adattatore per accendisigari si trova negli accessori. Il Field Marshall utilizza comuni batterie AAA di facile reperibilit\u00e0 che non sono ricaricabili.<\/p>\n<p><strong>Quali batterie usare<\/strong><\/p>\n<p>Per uso generale, le batterie AAA alcaline sono le pi\u00f9 convenienti e garantiscono una buona durata della batteria, ma le batterie AAA al litio offrono le migliori prestazioni a basse temperature, sono le pi\u00f9 leggere e durano pi\u00f9 a lungo. Ricordarsi di rimuovere sempre le batterie dal ricevitore durante i periodi di lunga conservazione (fuori stagione). Le batterie ricaricabili (come NiCad o NiMH) non devono essere utilizzate poich\u00e9 non forniscono una tensione sufficiente e costante per far funzionare efficacemente il ricevitore.<\/p>\n<p>Utilizzare sempre batterie di marca (come Energizer o Duracell) con una garanzia completa, nel caso in cui si verifichi un incidente con le batterie effettive all&#8217;interno del ricevitore.<\/p>\n<p><strong>Possibilit\u00e0 di utilizzo con Omni Antenna<\/strong><\/p>\n<p>Il Field Marshall esclude facilmente l&#8217;ingresso da un&#8217;antenna esterna, \u00e8 sufficiente rimuovere il cavo coassiale dal corpo del ricevitore e collegare il cavo coassiale dall&#8217;antenna esterna. Il Field Marshall utilizza un connettore &#8220;SMB&#8221;, alcune antenne esterne potrebbero richiedere un adattatore.<\/p>\n<p><strong>Antenna Yagi compatta e pieghevole<\/strong><\/p>\n<p>Il Field Marshall UHF viene fornito con la nostra antenna yagi pieghevole di ultima generazione come standard.<\/p>\n","protected":false},"excerpt":{"rendered":"<p><strong>La telemetria del segnale acustico \u00e8 un&#8217;ottima opzione per i pappagalli di peso inferiore a 500 grammi<\/strong><\/p>\n<p>La telemetria &#8220;Beeping&#8221; utilizza un ricevitore di rilevamento della direzione radio che traccia un piccolo trasmettitore che invia un segnale RF. L&#8217;utente sente un &#8220;Beep&#8221; udibile dal ricevitore. La forza o il volume del segnale acustico indica la direzione del tuo uccello (segnali acustici pi\u00f9 forti indicano che il ricevitore \u00e8 puntato verso l&#8217;uccello, segnali acustici pi\u00f9 deboli &#8211; che punta lontano).<\/p>\n<p>Il nostro sistema di telemetria acustica per pappagalli utilizza il ricevitore portatile compatto Field Marshall UHF e il minuscolo micro trasmettitore, a soli 3,5 g, montato sul tuo uccello. Insieme, questo sistema fornisce molte miglia di raggio di rilevamento.<\/p>\n<p><strong>COSA COMPRENDE IL SISTEMA<\/strong><br \/>\nRicevitore (Opzioni: FM 500434, FM2000 433 e 434)<br \/>\nFondina da campo (per trasportare il ricevitore)<br \/>\nMicro trasmettitore (opzioni: gamba o coda)<br \/>\nBacchetta magnetica<\/p>\n<p><strong>I supporti non sono inclusi nel sistema.<\/strong><\/p>\n<p>Per assistere nella selezione di seguito per il ricevitore Field Marshall:<br \/>\nVolantini gratuiti che hanno un pappagallo, l&#8217;FM500 434 \u00e8 un&#8217;ottima opzione, tuttavia se stai volando con pi\u00f9 pappagalli seleziona l&#8217;FM2000<\/p>\n<div class=\"read-more\"><a href=\"https:\/\/marshallradio.com\/eu\/product\/sistema-di-segnalazione-acustica-per-piccoli-pappagalli\/?lang=it\">Read more <span class=\"screen-reader-text\">Sistema di segnalazione acustica per piccoli pappagalli<\/span><span class=\"meta-nav\"> &#8250;<\/span><\/a><\/div>\n<p><!-- end of .read-more --><\/p>\n","protected":false},"featured_media":44262,"template":"","meta":{"_acf_changed":false},"product_brand":[],"product_cat":[155],"product_tag":[],"class_list":{"0":"post-43176","1":"product","2":"type-product","3":"status-publish","4":"has-post-thumbnail","6":"product_cat-prodotti-parrot","8":"first","9":"instock","10":"taxable","11":"shipping-taxable","12":"purchasable","13":"product-type-variable"},"acf":[],"_links":{"self":[{"href":"https:\/\/marshallradio.com\/eu\/wp-json\/wp\/v2\/product\/43176","targetHints":{"allow":["GET"]}}],"collection":[{"href":"https:\/\/marshallradio.com\/eu\/wp-json\/wp\/v2\/product"}],"about":[{"href":"https:\/\/marshallradio.com\/eu\/wp-json\/wp\/v2\/types\/product"}],"wp:featuredmedia":[{"embeddable":true,"href":"https:\/\/marshallradio.com\/eu\/wp-json\/wp\/v2\/media\/44262"}],"wp:attachment":[{"href":"https:\/\/marshallradio.com\/eu\/wp-json\/wp\/v2\/media?parent=43176"}],"wp:term":[{"taxonomy":"product_brand","embeddable":true,"href":"https:\/\/marshallradio.com\/eu\/wp-json\/wp\/v2\/product_brand?post=43176"},{"taxonomy":"product_cat","embeddable":true,"href":"https:\/\/marshallradio.com\/eu\/wp-json\/wp\/v2\/product_cat?post=43176"},{"taxonomy":"product_tag","embeddable":true,"href":"https:\/\/marshallradio.com\/eu\/wp-json\/wp\/v2\/product_tag?post=43176"}],"curies":[{"name":"wp","href":"https:\/\/api.w.org\/{rel}","templated":true}]}}