
{"id":43181,"date":"2021-01-26T18:08:56","date_gmt":"2021-01-26T18:08:56","guid":{"rendered":"http:\/\/marshallradio.com\/eu\/product\/sistema-de-pitidos-para-loros-pequenos\/"},"modified":"2023-03-15T15:33:55","modified_gmt":"2023-03-15T15:33:55","slug":"sistema-de-pitidos-para-loros-pequenos","status":"publish","type":"product","link":"https:\/\/marshallradio.com\/eu\/product\/sistema-de-pitidos-para-loros-pequenos\/?lang=es","title":{"rendered":"Sistema de pitidos para loros peque\u00f1os"},"content":{"rendered":"<p><strong>Piezas de cola de tama\u00f1o micro y herramienta de instalaci\u00f3n a juego<\/strong><br \/>\nLa pieza peque\u00f1a de la pluma de la cola se utiliza con la herramienta de instalaci\u00f3n de la pieza de la cola correspondiente para instalar r\u00e1pidamente la pieza de la cola en la pluma de la plataforma de su p\u00e1jaro. El proceso es r\u00e1pido y sencillo y causa muy poco estr\u00e9s al ave.<\/p>\n<p><strong>MICRO TRANSMISOR<\/strong><\/p>\n<p><strong>La mayor cantidad de energ\u00eda posible con una bater\u00eda peque\u00f1a<\/strong><\/p>\n<p>Usando las celdas de moneda de litio muy peque\u00f1as y livianas, el transmisor Micro est\u00e1 dise\u00f1ado para irradiar la mayor potencia posible mientras exprime las reservas de la bater\u00eda de manera m\u00e1s eficiente. A temperatura ambiente, el Micro transmitir\u00e1 continuamente durante 30 horas de uso normal (30 vuelos de una hora, un mes) antes de indicarle que cambie la bater\u00eda con un doble pitido cada d\u00e9cimo pulso. Despu\u00e9s de eso, la bater\u00eda funciona unas 70 horas m\u00e1s durante un tiempo total de unas 100 horas. Usando el interruptor Mag para encender y apagar para cada vuelo, esto podr\u00eda traducirse en uno o dos meses de uso normal por cambio de bater\u00eda, manteniendo siempre un margen de seguridad de tres d\u00edas para buscar un p\u00e1jaro perdido.<\/p>\n<p>Puede dejar la bater\u00eda en el Micro hasta seis meses. El transmisor realiza un seguimiento del tiempo de transmisi\u00f3n acumulativo para estimar la vida \u00fatil restante de la bater\u00eda, incluso cuando no est\u00e1 transmitiendo.<\/p>\n<p>Si recibe una advertencia temprana de doble pitido, es posible que la memoria dentro del transmisor no se haya restablecido cuando se cambi\u00f3 la bater\u00eda por \u00faltima vez. Para restablecer la memoria, simplemente<\/p>\n<p>a) encienda el transmisor con el im\u00e1n antes de cambiar la bater\u00eda o<\/p>\n<p>b) cortocircuite los contactos cada vez que se cambia una bater\u00eda.<\/p>\n<p>Esto asegurar\u00e1 un reinicio completo del temporizador de la bater\u00eda y le dar\u00e1 el tiempo de ejecuci\u00f3n correcto antes de que se produzca el doble pitido.<\/p>\n<p><strong>Opci\u00f3n de montaje en pata o cola<\/strong><\/p>\n<p>Hay dos dise\u00f1os de cuerpo: 1) la caja de montaje en la pierna con un peque\u00f1o lazo de sujeci\u00f3n Bewit en la parte superior y una parte posterior lisa y 2) la caja de montaje en la cola que tiene tres peque\u00f1os postes en la parte posterior para sostener el resorte de la cola.<\/p>\n<p>Para mantener el peso al m\u00ednimo absoluto, los fabricamos de una forma u otra.<\/p>\n<p><strong>RECEPTOR DE MARSHALL DE CAMPO<\/strong><\/p>\n<p><strong>Sensibilidad m\u00e1xima<\/strong><br \/>\nObtener el mejor alcance requiere tener la &#8220;sensibilidad m\u00e1s \u00fatil&#8221; en un receptor. La combinaci\u00f3n de receptor, el cable correspondiente y la antena dise\u00f1ada espec\u00edficamente para \u00e9l constituyen un paquete completo que debe funcionar en armon\u00eda para lograr la mayor sensibilidad posible. El Digital Field Marshall ofrecer\u00e1 el mayor alcance de cualquier receptor de seguimiento del mundo. Nada va m\u00e1s all\u00e1 del Field Marshall, especialmente en ciudades o \u00e1reas de &#8220;ruido de radio no deseado&#8221;. Con una sensibilidad mejor que -154dBm, el Field Marshall puede discernir las se\u00f1ales m\u00e1s d\u00e9biles.<\/p>\n<p><strong>Puede usar con GPS<\/strong><\/p>\n<p>El receptor Field Marshall UHF tambi\u00e9n se puede usar para su sistema GPS para permitirle ubicar con precisi\u00f3n el transmisor dentro de entornos denegados por GPS (dentro de un edificio o ubicar las se\u00f1ales cuando los sat\u00e9lites GPS est\u00e1n bloqueados), o cuando el transmisor est\u00e1 en una cubierta gruesa. El uso del Field Marshall UHF para rastrear la se\u00f1al de &#8220;pitido&#8221; del RT y Turbo GPS tambi\u00e9n puede extender el alcance cuando el transmisor est\u00e1 cerca del suelo.<\/p>\n<p><strong>Peso ligero<\/strong><\/p>\n<p>El uso de componentes electr\u00f3nicos de \u00faltima generaci\u00f3n, un yagi plegable y un empaque creativo nos permite caber mucho en un espacio peque\u00f1o.<\/p>\n<p>Y nuestro compromiso de utilizar aleaciones de aluminio que tengan la m\u00e1xima relaci\u00f3n resistencia \/ peso hace que este receptor sea lo m\u00e1s ligero y resistente t\u00e9cnicamente posible.<\/p>\n<p><strong>Resistente al agua<\/strong><\/p>\n<p>Casi. El receptor no est\u00e1 dise\u00f1ado para usarse en condiciones muy h\u00famedas, pero se mantendr\u00e1 en condiciones de lluvia ligera. Si se sumerge accidentalmente debido a un accidente o una ca\u00edda, se debe drenar y dejar secar antes de volver a usarlo.<\/p>\n<p><strong>Opci\u00f3n de utilizar el veh\u00edculo para alimentar el receptor<\/strong><\/p>\n<p>El adaptador para autom\u00f3vil est\u00e1 dise\u00f1ado para evitar las bater\u00edas y alimentar el receptor durante per\u00edodos prolongados dentro del veh\u00edculo con el fin de ahorrar las bater\u00edas y conservarlas para largas caminatas lejos del autom\u00f3vil. El adaptador del encendedor de cigarrillos se puede encontrar en los accesorios. El Field Marshall utiliza pilas AAA comunes y f\u00e1ciles de encontrar que no son recargables.<\/p>\n<p><strong>Que bater\u00edas usar<\/strong><\/p>\n<p>Para uso general, las bater\u00edas alcalinas AAA son las m\u00e1s rentables y proporcionan una buena duraci\u00f3n de la bater\u00eda, pero las bater\u00edas de litio AAA ofrecen el mejor rendimiento en climas fr\u00edos, son las m\u00e1s ligeras y duran m\u00e1s. Recuerde siempre quitar las bater\u00edas de su receptor durante per\u00edodos de almacenamiento prolongados (fuera de temporada). No se deben utilizar bater\u00edas recargables (como NiCad o NiMH), ya que no proporcionan un voltaje suficiente y constante para operar el receptor de manera efectiva.<\/p>\n<p>Utilice siempre bater\u00edas de marca (como Energizer o Duracell) con una garant\u00eda completa, en caso de que alguna vez ocurra un accidente con las bater\u00edas reales dentro de su receptor.<\/p>\n<p><strong>Opci\u00f3n para usar con Omni Antenna<\/strong><\/p>\n<p>El Field Marshall acepta f\u00e1cilmente la entrada de una antena externa, simplemente retire el cable coaxial del cuerpo del receptor y conecte el cable coaxial de su antena externa. El Field Marshall utiliza un conector &#8220;SMB&#8221;, algunas antenas externas pueden requerir un adaptador.<\/p>\n<p><strong>Antena Yagi compacta plegable<\/strong><\/p>\n<p>El Field Marshall UHF viene con nuestra antena yagi plegable de \u00faltima generaci\u00f3n como est\u00e1ndar.<\/p>\n","protected":false},"excerpt":{"rendered":"<p><strong>La telemetr\u00eda de pitidos es una excelente opci\u00f3n para loros de menos de 500 gramos<\/strong><\/p>\n<p>La telemetr\u00eda &#8220;pitido&#8221; utiliza un receptor de radiogoniometr\u00eda que rastrea un peque\u00f1o transmisor que env\u00eda una se\u00f1al de RF. El usuario escucha un &#8220;Bip&#8221; audible del receptor. La fuerza o el volumen del pitido indica la direcci\u00f3n de su p\u00e1jaro (los pitidos m\u00e1s fuertes significan que el receptor est\u00e1 apuntando hacia el p\u00e1jaro, los pitidos m\u00e1s suaves apuntando hacia afuera).<\/p>\n<p>Nuestro sistema de telemetr\u00eda de pitidos para loros utiliza el receptor de mano compacto Field Marshall UHF y el diminuto micro transmisor, de solo 3,5 g, montado en su p\u00e1jaro. Juntos, este sistema proporciona muchos kil\u00f3metros de alcance de seguimiento.<\/p>\n<p><strong>QUE INCLUYE EL SISTEMA<\/strong><br \/>\nReceptor (Opciones: FM 500434, FM2000 433 y 434)<br \/>\nFunda de campo (para llevar el receptor)<br \/>\nMicro transmisor (opciones: pierna o cola)<br \/>\nVarita magn\u00e9tica<\/p>\n<p><strong>Los soportes no est\u00e1n incluidos con el sistema.<\/strong><\/p>\n<p>Para ayudarlo en su selecci\u00f3n a continuaci\u00f3n para el receptor Field Marshall:<br \/>\nVoladores gratuitos que tienen un loro, el FM500 434 es una gran opci\u00f3n, sin embargo, si est\u00e1 volando varios loros, seleccione el FM2000<\/p>\n<div class=\"read-more\"><a href=\"https:\/\/marshallradio.com\/eu\/product\/sistema-de-pitidos-para-loros-pequenos\/?lang=es\">Read more <span class=\"screen-reader-text\">Sistema de pitidos para loros peque\u00f1os<\/span><span class=\"meta-nav\"> &#8250;<\/span><\/a><\/div>\n<p><!-- end of .read-more --><\/p>\n","protected":false},"featured_media":44263,"template":"","meta":{"_acf_changed":false},"product_brand":[],"product_cat":[156],"product_tag":[],"class_list":{"0":"post-43181","1":"product","2":"type-product","3":"status-publish","4":"has-post-thumbnail","6":"product_cat-productos-para-loros","8":"first","9":"instock","10":"taxable","11":"shipping-taxable","12":"purchasable","13":"product-type-variable"},"acf":[],"_links":{"self":[{"href":"https:\/\/marshallradio.com\/eu\/wp-json\/wp\/v2\/product\/43181","targetHints":{"allow":["GET"]}}],"collection":[{"href":"https:\/\/marshallradio.com\/eu\/wp-json\/wp\/v2\/product"}],"about":[{"href":"https:\/\/marshallradio.com\/eu\/wp-json\/wp\/v2\/types\/product"}],"wp:featuredmedia":[{"embeddable":true,"href":"https:\/\/marshallradio.com\/eu\/wp-json\/wp\/v2\/media\/44263"}],"wp:attachment":[{"href":"https:\/\/marshallradio.com\/eu\/wp-json\/wp\/v2\/media?parent=43181"}],"wp:term":[{"taxonomy":"product_brand","embeddable":true,"href":"https:\/\/marshallradio.com\/eu\/wp-json\/wp\/v2\/product_brand?post=43181"},{"taxonomy":"product_cat","embeddable":true,"href":"https:\/\/marshallradio.com\/eu\/wp-json\/wp\/v2\/product_cat?post=43181"},{"taxonomy":"product_tag","embeddable":true,"href":"https:\/\/marshallradio.com\/eu\/wp-json\/wp\/v2\/product_tag?post=43181"}],"curies":[{"name":"wp","href":"https:\/\/api.w.org\/{rel}","templated":true}]}}