
{"id":43204,"date":"2021-01-26T21:21:06","date_gmt":"2021-01-26T21:21:06","guid":{"rendered":"http:\/\/marshallradio.com\/eu\/product\/outil-dinstallation-de-pieces-de-plumes-de-queue-de-perroquet\/"},"modified":"2023-01-19T21:00:59","modified_gmt":"2023-01-19T21:00:59","slug":"outil-dinstallation-de-pieces-de-plumes-de-queue-de-perroquet","status":"publish","type":"product","link":"https:\/\/marshallradio.com\/eu\/product\/outil-dinstallation-de-pieces-de-plumes-de-queue-de-perroquet\/?lang=fr","title":{"rendered":"Outil d&#8217;installation de pi\u00e8ces de plumes de queue de perroquet"},"content":{"rendered":"<p>Installation<\/p>\n<p>Tout d&#8217;abord, d\u00e9terminez quelle plume de Deck sera la premi\u00e8re. Souvent, vous pensez que c&#8217;est \u00e9vident, puis apr\u00e8s la proc\u00e9dure, cela change. Travaillez soigneusement les couvertures d&#8217;un c\u00f4t\u00e9 pour r\u00e9v\u00e9ler la plume du Deck et votre zone cible. Cela prend un peu de pratique pour ne pas contrarier votre oiseau avec cette nouvelle sensation, jouer avec les arbres de plumes en haut, alors qu&#8217;il est moul\u00e9 et impuissant. Vous remarquerez la largeur de la plume au-dessus du point de d\u00e9part de la sangle, mais elle se r\u00e9tr\u00e9cit rapidement \u00e0 mesure que vous descendez. Il y a g\u00e9n\u00e9ralement environ 1\/2 pouce de haut ou de bas qui est un endroit acceptable \u00e0 choisir. Le plus bas, plus il vous sera facile de trouver ult\u00e9rieurement la \u00abcible\u00bb. Plus le transmetteur est haut, plus il est s\u00fbr de se lever et de s&#8217;\u00e9loigner, mais veillez \u00e0 ne pas s&#8217;approcher du tout de la peau (zone du follicule), car il y aura des ressorts de queue d&#8217;un \u00e9metteur traversant la queue dans cette direction. Soyez tr\u00e8s, tr\u00e8s conservateur dans ce sens. Les ressorts des \u00e9metteurs Marshall ont une inclinaison pr\u00e9-pli\u00e9e vers eux, lat\u00e9ralement, de sorte qu&#8217;ils suivent la courbure de la plume dans cette zone sup\u00e9rieure et donc reposent \u00e0 plat contre la plume une fois mont\u00e9s.<\/p>\n<p>Si vous \u00eates un installateur pour la premi\u00e8re fois, vous voudrez peut-\u00eatre vous entra\u00eener sur une plume de pont mue avec une queue suppl\u00e9mentaire. Regardez attentivement dans quelle direction il fait face: les fentes de la pi\u00e8ce de queue sont con\u00e7ues pour accueillir les ressorts de queue de l&#8217;\u00e9metteur, elles doivent donc \u00eatre tourn\u00e9es vers l&#8217;avant.<\/p>\n<p>Remettez le morceau de queue dans l&#8217;outil, centrez-le et abaissez-le maintenant sur la plume de la queue en utilisant l&#8217;outil au lieu de votre main.<\/p>\n<p>V\u00e9rifiez que votre outil est maintenu verticalement par rapport \u00e0 la plume plate (un angle de 90 degr\u00e9s). L&#8217;outil ferm\u00e9 est de forme elliptique (non circulaire), destin\u00e9 \u00e0 correspondre aux dimensions de la plume et il devrait y avoir un certain redressement automatique lorsque vous commencez \u00e0 sertir. Avec le point s\u00e9lectionn\u00e9 et l&#8217;outil en position verticale, pressez-le doucement jusqu&#8217;\u00e0 ce que vous sentiez un c\u00f4t\u00e9 s&#8217;effondrer, puis l&#8217;autre, mais pas compl\u00e8tement. \u00c0 ce stade, il est bien ajust\u00e9 mais pas serr\u00e9 et peut toujours \u00eatre ajust\u00e9 si vous \u00eates d\u00e9centr\u00e9 ou trop bas \/ trop haut.<\/p>\n<p>Effectuez les derniers ajustements, puis appliquez \u00e0 nouveau l&#8217;outil pour le sertissage final. Ne vous inqui\u00e9tez pas d&#8217;\u00e9craser la plume car l&#8217;outil s&#8217;arr\u00eate bien avant ce point, en supposant que vous avez la bonne taille pour le bon oiseau.<\/p>\n<p>Vous pouvez maintenant vous entra\u00eener \u00e0 ins\u00e9rer les ressorts de queue de l\u2019\u00e9metteur dans la pi\u00e8ce de rechange mont\u00e9e et vous entra\u00eener \u00e0 nouveau \u00e0 le retirer, en notant comment il fonctionne et comment il devrait se sentir lorsque les ressorts sont en place, dans les rainures. Serrez les ressorts ensemble et d\u00e9placez l&#8217;\u00e9metteur vers l&#8217;avant pour faire en sorte que les petits crochets d\u00e9gagent la pi\u00e8ce de queue et se croisent pour \u00eatre retir\u00e9s.<\/p>\n<p>Si vous allez ajouter une petite goutte d&#8217;\u00e9poxy \u00e0 la queue, faites-la m\u00e9langer et pr\u00eatez-la. Utilisez un cure-dent pour l&#8217;appliquer \u00e0 l&#8217;int\u00e9rieur de la queue et minimisez le risque d&#8217;en avoir sur les plumes. De nos jours, la plupart des gens n&#8217;utilisent pas d&#8217;\u00e9poxy, car il y a de petites ar\u00eates usin\u00e9es \u00e0 l&#8217;int\u00e9rieur de la pi\u00e8ce de queue qui \u00abmordent\u00bb efficacement la plume et la maintiennent fermement une fois qu&#8217;elle a \u00e9t\u00e9 sertie.<\/p>\n<p>Il est utile de pr\u00e9charger l\u2019outil avec la nouvelle pi\u00e8ce de queue, en prenant soin de noter la direction dans laquelle les fentes sont orient\u00e9es (vers la t\u00eate de l\u2019oiseau, pas la queue) et de le pr\u00e9parer \u00e0 le ramasser en un seul mouvement.<\/p>\n","protected":false},"excerpt":{"rendered":"<p>Le kit comprend un outil d&#8217;installation et une pi\u00e8ce de plume de queue.<\/p>\n<p><strong>Micro-petit:<\/strong><\/p>\n<p>Rapaces de petite taille (Eclectus, Cacato\u00e8s, Gris Africain) utilis\u00e9s avec l&#8217;\u00e9metteur Micro.<\/p>\n<p><strong>Micro-moyen:<\/strong><\/p>\n<p>Rapaces de taille moyenne (Cockatoo) o\u00f9 un micro \u00e9metteur doit \u00eatre utilis\u00e9. Moyen en bas, avec taille Micro en haut.<\/p>\n<p><strong>Moyen:<\/strong><\/p>\n<p>Ara militaire, Ara avant rouge, cacato\u00e8s. \u00c0 utiliser avec un \u00e9metteur GPS.<\/p>\n<p><strong>Grand:<\/strong><\/p>\n<p>Ara. \u00c0 utiliser avec un \u00e9metteur GPS.<\/p>\n<p><strong>Extra Grand:<\/strong><\/p>\n<p>Rapaces de tr\u00e8s grande taille (Greenwing Macaw, Buffons) \u00c0 utiliser avec un \u00e9metteur GPS<\/p>\n<div class=\"read-more\"><a href=\"https:\/\/marshallradio.com\/eu\/product\/outil-dinstallation-de-pieces-de-plumes-de-queue-de-perroquet\/?lang=fr\">Read more <span class=\"screen-reader-text\">Outil d&#8217;installation de pi\u00e8ces de plumes de queue de perroquet<\/span><span class=\"meta-nav\"> &#8250;<\/span><\/a><\/div>\n<p><!-- end of .read-more --><\/p>\n","protected":false},"featured_media":50756,"template":"","meta":{"_acf_changed":false},"product_brand":[],"product_cat":[153],"product_tag":[],"class_list":{"0":"post-43204","1":"product","2":"type-product","3":"status-publish","4":"has-post-thumbnail","6":"product_cat-produits-parrot","8":"first","9":"instock","10":"taxable","11":"shipping-taxable","12":"purchasable","13":"product-type-variable"},"acf":[],"_links":{"self":[{"href":"https:\/\/marshallradio.com\/eu\/wp-json\/wp\/v2\/product\/43204","targetHints":{"allow":["GET"]}}],"collection":[{"href":"https:\/\/marshallradio.com\/eu\/wp-json\/wp\/v2\/product"}],"about":[{"href":"https:\/\/marshallradio.com\/eu\/wp-json\/wp\/v2\/types\/product"}],"wp:featuredmedia":[{"embeddable":true,"href":"https:\/\/marshallradio.com\/eu\/wp-json\/wp\/v2\/media\/50756"}],"wp:attachment":[{"href":"https:\/\/marshallradio.com\/eu\/wp-json\/wp\/v2\/media?parent=43204"}],"wp:term":[{"taxonomy":"product_brand","embeddable":true,"href":"https:\/\/marshallradio.com\/eu\/wp-json\/wp\/v2\/product_brand?post=43204"},{"taxonomy":"product_cat","embeddable":true,"href":"https:\/\/marshallradio.com\/eu\/wp-json\/wp\/v2\/product_cat?post=43204"},{"taxonomy":"product_tag","embeddable":true,"href":"https:\/\/marshallradio.com\/eu\/wp-json\/wp\/v2\/product_tag?post=43204"}],"curies":[{"name":"wp","href":"https:\/\/api.w.org\/{rel}","templated":true}]}}