
{"id":43210,"date":"2021-01-26T21:21:06","date_gmt":"2021-01-26T21:21:06","guid":{"rendered":"http:\/\/marshallradio.com\/eu\/product\/papageienschwanz-federstuck-installationswerkzeug\/"},"modified":"2023-01-19T21:01:14","modified_gmt":"2023-01-19T21:01:14","slug":"papageienschwanz-federstuck-installationswerkzeug","status":"publish","type":"product","link":"https:\/\/marshallradio.com\/eu\/product\/papageienschwanz-federstuck-installationswerkzeug\/?lang=de","title":{"rendered":"Papageienschwanz-Federst\u00fcck Installationswerkzeug"},"content":{"rendered":"<p>Installation<\/p>\n<p>Bestimmen Sie zun\u00e4chst, welche Deckfeder die oberste sein wird. Oft denken Sie, dass dies offensichtlich ist, und nach dem Eingriff \u00e4ndert sich dies. Arbeiten Sie die Verstecke vorsichtig zur Seite, um die Feder des Decks und Ihren Zielbereich freizulegen. Dies erfordert ein wenig \u00dcbung, um Ihren Vogel nicht mit dieser neuen Sensation zu ver\u00e4rgern, indem er mit den Federsch\u00e4ften hoch spielt, w\u00e4hrend er gegossen und hilflos ist. Sie werden feststellen, wie gro\u00df die Feder \u00fcber der Stelle ist, an der das Gurtband beginnt, aber sie verengt sich schnell, wenn Sie tiefer gehen. Es gibt normalerweise ungef\u00e4hr 1\/2 Zoll nach oben oder unten, was ein akzeptabler Ort ist, um zu w\u00e4hlen. Je niedriger, desto leichter k\u00f6nnen Sie sp\u00e4ter das \u201eZiel\u201c finden. Je h\u00f6her, desto sicherer ist es, dass der Sender auf und ab ist. Achten Sie jedoch darauf, dass Sie sich \u00fcberhaupt nicht der Haut (Follikelbereich) n\u00e4hern, da Schwanzfedern eines Senders in diese Richtung durch das Schwanzst\u00fcck kommen. Sei in dieser Richtung sehr, sehr konservativ. Die Federn der Marshall-Sender haben seitlich eine vorgebogene Neigung, so dass sie der Biegung der Feder in diesem oberen Bereich folgen und daher bei der Montage flach an der Feder anliegen.<\/p>\n<p>Wenn Sie zum ersten Mal ein Installateur sind, k\u00f6nnen Sie auf einer geh\u00e4uteten Decksfeder mit einem zus\u00e4tzlichen Endst\u00fcck \u00fcben. Schauen Sie genau hin, in welche Richtung es zeigt: Die Schlitze im Heckst\u00fcck sind so konstruiert, dass sie die Heckfedern des Senders aufnehmen, sodass sie nach vorne zeigen m\u00fcssen.<\/p>\n<p>Setzen Sie das Schwanzst\u00fcck wieder in das Werkzeug ein, zentrieren Sie es und bringen Sie es nun mit dem Werkzeug anstelle Ihrer Hand auf die Schwanzfeder.<\/p>\n<p>\u00dcberpr\u00fcfen Sie, ob Ihr Werkzeug senkrecht zur flachen Feder gehalten wird (90-Grad-Winkel). Das geschlossene Werkzeug hat eine elliptische Form (nicht kreisf\u00f6rmig) und soll den Abmessungen der Feder entsprechen. Wenn Sie mit dem Crimpen beginnen, sollte sich etwas selbst richten. Dr\u00fccken Sie den ausgew\u00e4hlten Punkt und das Werkzeug aufrecht und dr\u00fccken Sie ihn leicht zusammen, bis Sie sp\u00fcren, wie eine Seite zusammenbricht, dann die andere, aber nicht vollst\u00e4ndig. Zu diesem Zeitpunkt ist es eng, aber nicht fest und kann trotzdem angepasst werden, wenn Sie nicht in der Mitte oder zu niedrig \/ zu hoch sind.<\/p>\n<p>Nehmen Sie die letzten Einstellungen vor und wenden Sie das Werkzeug erneut f\u00fcr die endg\u00fcltige Crimpung an. Machen Sie sich keine Sorgen \u00fcber das Quetschen der Feder, da das Werkzeug kurz vor diesem Punkt stehen bleibt, vorausgesetzt, Sie haben die richtige Gr\u00f6\u00dfe f\u00fcr den richtigen Vogel.<\/p>\n<p>Sie k\u00f6nnen jetzt \u00fcben, die Heckfedern des Senders in das montierte Ersatzteil einzuf\u00fchren und erneut zu entfernen. Beachten Sie dabei, wie es funktioniert und wie es sich anf\u00fchlen sollte, wenn die Federn in den Rillen angebracht sind. Dr\u00fccken Sie die Federn zusammen und bewegen Sie den Sender nach vorne, damit die winzigen Haken das Schwanzst\u00fcck freimachen und sich gegenseitig kreuzen, um entfernt zu werden.<\/p>\n<p>Wenn Sie dem Schwanzst\u00fcck einen kleinen Tropfen Epoxid hinzuf\u00fcgen m\u00f6chten, lassen Sie es mischen und fertig machen. Verwenden Sie einen Zahnstocher, um ihn auf die Innenseiten des Schwanzst\u00fccks aufzutragen und das Risiko zu minimieren, dass sich etwas auf den Federn befindet. Die meisten Menschen verwenden heutzutage kein Epoxidharz, da im Inneren des Schwanzst\u00fccks kleine Rippen eingearbeitet sind, die effektiv in die Feder \u201ebei\u00dfen\u201c und sie nach dem Crimpen festhalten.<\/p>\n<p>Es ist hilfreich, das Werkzeug mit dem neuen Schwanzst\u00fcck vorzuladen. Achten Sie dabei darauf, in welche Richtung die Schlitze zeigen (zum Kopf des Vogels, nicht zum Schwanz), und halten Sie es bereit, um es in einer einfachen Bewegung aufzunehmen.<\/p>\n","protected":false},"excerpt":{"rendered":"<p>Das Kit enth\u00e4lt ein Installationswerkzeug und ein Schwanzfederst\u00fcck.<\/p>\n<p><strong>Micro-Small:<\/strong><\/p>\n<p>Kleine Raptoren (Eclectus, Cockatoo, African Grey), die mit einem Mikrosender verwendet werden.<br \/>\n<strong>Mikromedium:<\/strong><\/p>\n<p>Mittelgro\u00dfe Raptoren (Cockatoo), bei denen ein Mikrosender verwendet werden soll. Unten mittel, oben Mikrogr\u00f6\u00dfe.<br \/>\n<strong>Mittel:<\/strong><\/p>\n<p>Milit\u00e4raras, Roter Frontaras, Kakadu. Zur Verwendung mit GPS-Sender.<br \/>\n<strong>Gro\u00df:<\/strong><\/p>\n<p>Ara. Zur Verwendung mit GPS-Sender.<br \/>\n<strong>Extra gro\u00df:<\/strong><\/p>\n<p>Extra gro\u00dfe Raptoren (Greenwing Macaw, Buffons) Zur Verwendung mit GPS-Sendern<\/p>\n<div class=\"read-more\"><a href=\"https:\/\/marshallradio.com\/eu\/product\/papageienschwanz-federstuck-installationswerkzeug\/?lang=de\">Read more <span class=\"screen-reader-text\">Papageienschwanz-Federst\u00fcck Installationswerkzeug<\/span><span class=\"meta-nav\"> &#8250;<\/span><\/a><\/div>\n<p><!-- end of .read-more --><\/p>\n","protected":false},"featured_media":50757,"template":"","meta":{"_acf_changed":false},"product_brand":[],"product_cat":[154],"product_tag":[],"class_list":{"0":"post-43210","1":"product","2":"type-product","3":"status-publish","4":"has-post-thumbnail","6":"product_cat-papageienprodukte","8":"first","9":"instock","10":"taxable","11":"shipping-taxable","12":"purchasable","13":"product-type-variable"},"acf":[],"_links":{"self":[{"href":"https:\/\/marshallradio.com\/eu\/wp-json\/wp\/v2\/product\/43210","targetHints":{"allow":["GET"]}}],"collection":[{"href":"https:\/\/marshallradio.com\/eu\/wp-json\/wp\/v2\/product"}],"about":[{"href":"https:\/\/marshallradio.com\/eu\/wp-json\/wp\/v2\/types\/product"}],"wp:featuredmedia":[{"embeddable":true,"href":"https:\/\/marshallradio.com\/eu\/wp-json\/wp\/v2\/media\/50757"}],"wp:attachment":[{"href":"https:\/\/marshallradio.com\/eu\/wp-json\/wp\/v2\/media?parent=43210"}],"wp:term":[{"taxonomy":"product_brand","embeddable":true,"href":"https:\/\/marshallradio.com\/eu\/wp-json\/wp\/v2\/product_brand?post=43210"},{"taxonomy":"product_cat","embeddable":true,"href":"https:\/\/marshallradio.com\/eu\/wp-json\/wp\/v2\/product_cat?post=43210"},{"taxonomy":"product_tag","embeddable":true,"href":"https:\/\/marshallradio.com\/eu\/wp-json\/wp\/v2\/product_tag?post=43210"}],"curies":[{"name":"wp","href":"https:\/\/api.w.org\/{rel}","templated":true}]}}