
{"id":43222,"date":"2021-01-26T21:21:06","date_gmt":"2021-01-26T21:21:06","guid":{"rendered":"http:\/\/marshallradio.com\/eu\/product\/herramienta-de-instalacion-de-piezas-de-plumas-de-cola-de-loro\/"},"modified":"2023-01-19T21:01:39","modified_gmt":"2023-01-19T21:01:39","slug":"herramienta-de-instalacion-de-piezas-de-plumas-de-cola-de-loro","status":"publish","type":"product","link":"https:\/\/marshallradio.com\/eu\/product\/herramienta-de-instalacion-de-piezas-de-plumas-de-cola-de-loro\/?lang=es","title":{"rendered":"Herramienta de instalaci\u00f3n de piezas de plumas de cola de loro"},"content":{"rendered":"<p>Instalaci\u00f3n<\/p>\n<p>Primero, determina qu\u00e9 pluma de cubierta ser\u00e1 la superior. A menudo, cree que esto es obvio y luego, despu\u00e9s del procedimiento, cambia. Trabaja con cuidado las coberteras hacia un lado para revelar la pluma del Deck y tu \u00e1rea objetivo. Esto requiere un poco de pr\u00e1ctica para no antagonizar a tu p\u00e1jaro con esta nueva sensaci\u00f3n, jugando con los ejes de las plumas en lo alto, mientras ella est\u00e1 echada e indefensa. Notar\u00e1s lo grande que es la pluma por encima de donde comienza la cinta, pero se estrecha r\u00e1pidamente a medida que bajas. Por lo general, hay aproximadamente 1\/2 pulgada hacia arriba o hacia abajo que es un lugar aceptable para elegir. Cuanto m\u00e1s bajo, m\u00e1s f\u00e1cil para usted encontrar m\u00e1s tarde el &#8220;objetivo&#8221;. Cuanto m\u00e1s alto, m\u00e1s seguro es que el transmisor est\u00e9 arriba y lejos, aunque tenga cuidado de no acercarse a la piel (\u00e1rea del fol\u00edculo) en absoluto, ya que habr\u00e1 resortes de cola de un transmisor que atraviesan la pieza de cola en esta direcci\u00f3n. Sea muy, muy conservador en esta direcci\u00f3n. Los resortes de los transmisores Marshall tienen un peralte precurvado, lateralmente, de modo que siguen la curva de la pluma en esta zona superior y, por lo tanto, se apoyan contra la pluma cuando se montan.<\/p>\n<p>Si es un instalador por primera vez, es posible que desee practicar en una pluma de cubierta mudada con una pieza de cola adicional. Mire de cerca en qu\u00e9 direcci\u00f3n est\u00e1 mirando: las ranuras en la pieza de cola est\u00e1n dise\u00f1adas para acunar los resortes de cola del transmisor, por lo que deben mirar hacia adelante.<\/p>\n<p>Vuelva a colocar la pieza de cola en la herramienta, c\u00e9ntrela y ahora b\u00e1jela sobre la pluma de la cola usando la herramienta en lugar de su mano.<\/p>\n<p>Verifique que su herramienta se mantenga vertical a la pluma plana (un \u00e1ngulo de 90 grados). La herramienta cerrada es de forma el\u00edptica (no circular), dise\u00f1ada para coincidir con las dimensiones de la pluma y debe haber algo de auto enderezamiento a medida que comienza a rizar. Con el lugar seleccionado y la herramienta en posici\u00f3n vertical, apri\u00e9tela suavemente hasta que sienta que un lado se colapsa y luego el otro, pero no del todo. En esta etapa, est\u00e1 ajustado pero no apretado y a\u00fan se puede ajustar si est\u00e1 descentrado o demasiado bajo \/ demasiado alto.<\/p>\n<p>Realice los \u00faltimos ajustes y luego aplique la herramienta una vez m\u00e1s para el engarzado final. No se preocupe por aplastar la pluma porque la herramienta se detiene bastante antes de ese punto, asumiendo que tiene el tama\u00f1o correcto para el p\u00e1jaro correcto.<\/p>\n<p>Ahora puede practicar la inserci\u00f3n de los resortes de cola del transmisor en el repuesto montado y practicar quitarlo nuevamente, tomando nota de c\u00f3mo funciona y c\u00f3mo debe sentirse cuando los resortes est\u00e1n en su lugar, hacia abajo en las ranuras. Apriete los resortes juntos y mueva el transmisor hacia adelante para que los peque\u00f1os ganchos despejen la pieza de cola y se crucen entre s\u00ed para poder quitarlos.<\/p>\n<p>Si va a agregar una peque\u00f1a gota de epoxi a la pieza de cola, t\u00e9ngalo mezclado y listo. Use un palillo de dientes para aplicarlo en el interior de la pieza de cola y minimice el riesgo de que se manche las plumas. La mayor\u00eda de las personas hoy en d\u00eda no usan epoxi, ya que hay peque\u00f1as crestas maquinadas en el interior de la pieza de cola que efectivamente &#8220;muerden&#8221; la pluma y la sostienen firmemente una vez que se ha doblado.<\/p>\n<p>Es \u00fatil precargar la herramienta con la nueva pieza de cola, teniendo cuidado de observar en qu\u00e9 direcci\u00f3n est\u00e1n mirando las ranuras (hacia la cabeza del ave, no hacia la cola) y tenerla lista para recoger con un simple movimiento.<\/p>\n","protected":false},"excerpt":{"rendered":"<p>El kit incluye una herramienta de instalaci\u00f3n y una pieza de pluma de cola.<\/p>\n<p><strong>Micro-peque\u00f1o:<\/strong><\/p>\n<p>Rapaces de peque\u00f1o tama\u00f1o (Eclectus, Cockatoo, African Grey) utilizadas con Micro transmisor.<br \/>\n<strong>Micro-medio:<\/strong><\/p>\n<p>Rapaces de tama\u00f1o mediano (cacat\u00faa) donde se va a utilizar un micro transmisor. Mediano en la parte inferior, con tama\u00f1o Micro en la parte superior.<br \/>\n<strong>Medio:<\/strong><\/p>\n<p>Guacamayo militar, guacamayo rojo, cacat\u00faa. Para usar con transmisor GPS.<br \/>\n<strong>Grande:<\/strong><\/p>\n<p>Guacamayo. Para usar con transmisor GPS.<br \/>\n<strong>Extra grande:<\/strong><\/p>\n<p>Rapaces de tama\u00f1o extra grande (guacamayo verde, b\u00fafalos) Para usar con transmisor GPS<\/p>\n<div class=\"read-more\"><a href=\"https:\/\/marshallradio.com\/eu\/product\/herramienta-de-instalacion-de-piezas-de-plumas-de-cola-de-loro\/?lang=es\">Read more <span class=\"screen-reader-text\">Herramienta de instalaci\u00f3n de piezas de plumas de cola de loro<\/span><span class=\"meta-nav\"> &#8250;<\/span><\/a><\/div>\n<p><!-- end of .read-more --><\/p>\n","protected":false},"featured_media":50759,"template":"","meta":{"_acf_changed":false},"product_brand":[],"product_cat":[156],"product_tag":[],"class_list":{"0":"post-43222","1":"product","2":"type-product","3":"status-publish","4":"has-post-thumbnail","6":"product_cat-productos-para-loros","8":"first","9":"instock","10":"taxable","11":"shipping-taxable","12":"purchasable","13":"product-type-variable"},"acf":[],"_links":{"self":[{"href":"https:\/\/marshallradio.com\/eu\/wp-json\/wp\/v2\/product\/43222","targetHints":{"allow":["GET"]}}],"collection":[{"href":"https:\/\/marshallradio.com\/eu\/wp-json\/wp\/v2\/product"}],"about":[{"href":"https:\/\/marshallradio.com\/eu\/wp-json\/wp\/v2\/types\/product"}],"wp:featuredmedia":[{"embeddable":true,"href":"https:\/\/marshallradio.com\/eu\/wp-json\/wp\/v2\/media\/50759"}],"wp:attachment":[{"href":"https:\/\/marshallradio.com\/eu\/wp-json\/wp\/v2\/media?parent=43222"}],"wp:term":[{"taxonomy":"product_brand","embeddable":true,"href":"https:\/\/marshallradio.com\/eu\/wp-json\/wp\/v2\/product_brand?post=43222"},{"taxonomy":"product_cat","embeddable":true,"href":"https:\/\/marshallradio.com\/eu\/wp-json\/wp\/v2\/product_cat?post=43222"},{"taxonomy":"product_tag","embeddable":true,"href":"https:\/\/marshallradio.com\/eu\/wp-json\/wp\/v2\/product_tag?post=43222"}],"curies":[{"name":"wp","href":"https:\/\/api.w.org\/{rel}","templated":true}]}}