
{"id":43232,"date":"2021-01-26T21:54:43","date_gmt":"2021-01-26T21:54:43","guid":{"rendered":"http:\/\/marshallradio.com\/eu\/product\/vymena-anteny\/"},"modified":"2024-12-20T23:21:40","modified_gmt":"2024-12-20T23:21:40","slug":"vymena-anteny","status":"publish","type":"product","link":"https:\/\/marshallradio.com\/eu\/product\/vymena-anteny\/?lang=cs","title":{"rendered":"V\u00fdm\u011bna ant\u00e9ny"},"content":{"rendered":"<p>Ve videu n\u00ed\u017ee jsou pokyny pro v\u00fdm\u011bnu ant\u00e9ny u vys\u00edla\u010d\u016f se smr\u0161\u0165ov\u00e1n\u00edm. Mikro vys\u00edla\u010de pro p\u00edpaj\u00edc\u00ed syst\u00e9m vy\u017eaduj\u00ed tepeln\u00e9 smr\u0161t\u011bn\u00ed. Vys\u00edla\u010de GPS nevy\u017eaduj\u00ed smr\u0161\u0165ov\u00e1n\u00ed, m\u00edsto toho pou\u017e\u00edvaj\u00ed ant\u00e9nn\u00ed chr\u00e1ni\u010de.<\/p>\n<p><iframe loading=\"lazy\" title=\"Replacing the antenna on a Transmitter\" src=\"https:\/\/player.vimeo.com\/video\/10494003?dnt=1&amp;app_id=122963\" width=\"640\" height=\"424\" frameborder=\"0\" allow=\"autoplay; fullscreen; picture-in-picture\" allowfullscreen><\/iframe><\/p>\n","protected":false},"excerpt":{"rendered":"<p><span class=\"jCAhz ChMk0b\"><span class=\"ryNqvb\">P\u0159\u00edm\u00e1 ant\u00e9na je d\u016fle\u017eit\u00e1 pro proces vytv\u00e1\u0159en\u00ed siln\u00e9ho sign\u00e1lu.<\/span><\/span> <span class=\"jCAhz ChMk0b\"><span class=\"ryNqvb\">Pokud jsou va\u0161e ant\u00e9ny zalomen\u00e9, zkroucen\u00e9 nebo rozt\u0159epen\u00e9, m\u016f\u017eete zv\u00e1\u017eit po\u0159\u00edzen\u00ed nov\u00e9, abyste si zachovali \u0161pi\u010dkov\u00fd v\u00fdkon.<\/span><\/span> <span class=\"jCAhz ChMk0b\"><span class=\"ryNqvb\">Poln\u00ed vym\u011bniteln\u00e9 ant\u00e9ny se p\u0159i\u0161roubuj\u00ed p\u0159\u00edmo na ant\u00e9nn\u00ed \u0161roub vys\u00edla\u010de. <\/span><\/span><\/p>\n<p>Pro GPS &#8211; t\u0159i pr\u016fm\u011bry ant\u00e9ny jsou nab\u00edzeny tak, aby co nejl\u00e9pe vyhovovaly va\u0161emu pt\u00e1kovi<\/p>\n<ul>\n<li>Standard &#8211; skv\u011bl\u00e9 pro mont\u00e1\u017e ocasu u st\u0159edn\u011b velk\u00fdch papou\u0161k\u016f.<\/li>\n<li>St\u0159edn\u00ed &#8211; skv\u011bl\u00e9 pro mont\u00e1\u017e na ocas u velk\u00fdch papou\u0161k\u016f nebo pro mont\u00e1\u017e na nohy u st\u0159edn\u011b velk\u00fdch papou\u0161k\u016f<\/li>\n<li>T\u011b\u017ek\u00fd &#8211; ide\u00e1ln\u00ed pro velk\u00e9 papou\u0161ky: nasazen\u00e9 na nohu nebo oca<\/li>\n<\/ul>\n<p><img loading=\"lazy\" decoding=\"async\" class=\"aligncenter size-large wp-image-54132\" src=\"https:\/\/marshallradio.com\/uk\/wp-content\/uploads\/sites\/4\/2021\/01\/Parrot-Antennas-Web-1024x725.png\" alt=\"\" width=\"750\" height=\"531\" srcset=\"https:\/\/marshallradio.com\/eu\/wp-content\/uploads\/sites\/4\/2021\/01\/Parrot-Antennas-Web-1024x725.png 1024w, https:\/\/marshallradio.com\/eu\/wp-content\/uploads\/sites\/4\/2021\/01\/Parrot-Antennas-Web-300x213.png 300w, https:\/\/marshallradio.com\/eu\/wp-content\/uploads\/sites\/4\/2021\/01\/Parrot-Antennas-Web-768x544.png 768w, https:\/\/marshallradio.com\/eu\/wp-content\/uploads\/sites\/4\/2021\/01\/Parrot-Antennas-Web-1536x1088.png 1536w, https:\/\/marshallradio.com\/eu\/wp-content\/uploads\/sites\/4\/2021\/01\/Parrot-Antennas-Web-2048x1451.png 2048w, https:\/\/marshallradio.com\/eu\/wp-content\/uploads\/sites\/4\/2021\/01\/Parrot-Antennas-Web-100x71.png 100w, https:\/\/marshallradio.com\/eu\/wp-content\/uploads\/sites\/4\/2021\/01\/Parrot-Antennas-Web-150x106.png 150w, https:\/\/marshallradio.com\/eu\/wp-content\/uploads\/sites\/4\/2021\/01\/Parrot-Antennas-Web-200x142.png 200w, https:\/\/marshallradio.com\/eu\/wp-content\/uploads\/sites\/4\/2021\/01\/Parrot-Antennas-Web-450x319.png 450w, https:\/\/marshallradio.com\/eu\/wp-content\/uploads\/sites\/4\/2021\/01\/Parrot-Antennas-Web-600x425.png 600w, https:\/\/marshallradio.com\/eu\/wp-content\/uploads\/sites\/4\/2021\/01\/Parrot-Antennas-Web-900x638.png 900w\" sizes=\"auto, (max-width: 750px) 100vw, 750px\" \/><\/p>\n<p>&nbsp;<\/p>\n<p><span class=\"jCAhz ChMk0b\"><span class=\"ryNqvb\">**** T\u011b\u017ek\u00e9 ant\u00e9ny vy\u017eaduj\u00ed pou\u017eit\u00ed speci\u00e1ln\u00edho hlin\u00edkov\u00e9ho chr\u00e1ni\u010de ant\u00e9ny, nevejdou se do standardn\u00edho plastov\u00e9ho chr\u00e1ni\u010de ant\u00e9ny.<\/span><\/span> <span class=\"jCAhz ChMk0b\"><span class=\"ryNqvb\">Objednejte si tuto polo\u017eku samostatn\u011b, pokud ji je\u0161t\u011b nem\u00e1te****<\/span><\/span><\/p>\n<div class=\"read-more\"><a href=\"https:\/\/marshallradio.com\/eu\/product\/vymena-anteny\/?lang=cs\">Read more <span class=\"screen-reader-text\">V\u00fdm\u011bna ant\u00e9ny<\/span><span class=\"meta-nav\"> &#8250;<\/span><\/a><\/div>\n<p><!-- end of .read-more --><\/p>\n","protected":false},"featured_media":44279,"template":"","meta":{"_acf_changed":false},"product_brand":[],"product_cat":[151],"product_tag":[],"class_list":{"0":"post-43232","1":"product","2":"type-product","3":"status-publish","4":"has-post-thumbnail","6":"product_cat-produkty-papouska","8":"first","9":"instock","10":"taxable","11":"shipping-taxable","12":"purchasable","13":"product-type-variable"},"acf":[],"_links":{"self":[{"href":"https:\/\/marshallradio.com\/eu\/wp-json\/wp\/v2\/product\/43232","targetHints":{"allow":["GET"]}}],"collection":[{"href":"https:\/\/marshallradio.com\/eu\/wp-json\/wp\/v2\/product"}],"about":[{"href":"https:\/\/marshallradio.com\/eu\/wp-json\/wp\/v2\/types\/product"}],"wp:featuredmedia":[{"embeddable":true,"href":"https:\/\/marshallradio.com\/eu\/wp-json\/wp\/v2\/media\/44279"}],"wp:attachment":[{"href":"https:\/\/marshallradio.com\/eu\/wp-json\/wp\/v2\/media?parent=43232"}],"wp:term":[{"taxonomy":"product_brand","embeddable":true,"href":"https:\/\/marshallradio.com\/eu\/wp-json\/wp\/v2\/product_brand?post=43232"},{"taxonomy":"product_cat","embeddable":true,"href":"https:\/\/marshallradio.com\/eu\/wp-json\/wp\/v2\/product_cat?post=43232"},{"taxonomy":"product_tag","embeddable":true,"href":"https:\/\/marshallradio.com\/eu\/wp-json\/wp\/v2\/product_tag?post=43232"}],"curies":[{"name":"wp","href":"https:\/\/api.w.org\/{rel}","templated":true}]}}