
{"id":43240,"date":"2021-01-26T21:54:43","date_gmt":"2021-01-26T21:54:43","guid":{"rendered":"http:\/\/marshallradio.com\/eu\/product\/remplacement-dantenne\/"},"modified":"2024-12-20T23:16:34","modified_gmt":"2024-12-20T23:16:34","slug":"remplacement-dantenne","status":"publish","type":"product","link":"https:\/\/marshallradio.com\/eu\/product\/remplacement-dantenne\/?lang=fr","title":{"rendered":"Remplacement d&#8217;antenne"},"content":{"rendered":"<p>Dans la vid\u00e9o ci-dessous, vous trouverez des instructions pour remplacer une antenne sur des \u00e9metteurs thermor\u00e9tractables. Les micro-\u00e9metteurs pour le syst\u00e8me de bip n\u00e9cessitent le thermor\u00e9tractable. Les \u00e9metteurs GPS ne n\u00e9cessitent pas de thermor\u00e9tractable, ils utilisent plut\u00f4t des protecteurs d&#8217;antenne.<\/p>\n<p><iframe loading=\"lazy\" title=\"Replacing the antenna on a Transmitter\" src=\"https:\/\/player.vimeo.com\/video\/10494003?dnt=1&amp;app_id=122963\" width=\"640\" height=\"424\" frameborder=\"0\" allow=\"autoplay; fullscreen; picture-in-picture\" allowfullscreen><\/iframe><\/p>\n","protected":false},"excerpt":{"rendered":"<p><span class=\"jCAhz ChMk0b\"><span class=\"ryNqvb\">Une antenne droite est importante pour le processus de production d&#8217;un signal fort.<\/span><\/span> <span class=\"jCAhz ChMk0b\"><span class=\"ryNqvb\">Si vos antennes sont pli\u00e9es, recourb\u00e9es ou effiloch\u00e9es, vous pouvez envisager d&#8217;en acheter une nouvelle pour maintenir des performances optimales.<\/span><\/span> <span class=\"jCAhz ChMk0b\"><span class=\"ryNqvb\">Les antennes rempla\u00e7ables sur le terrain se vissent directement sur le goujon d&#8217;antenne de l&#8217;\u00e9metteur.<\/span><\/span><\/p>\n<p>Pour le GPS &#8211; trois diam\u00e8tres d&#8217;antenne sont propos\u00e9s pour s&#8217;adapter au mieux \u00e0 votre oiseau<\/p>\n<ul>\n<li>Standard &#8211; id\u00e9al pour le montage sur la queue des perroquets de taille moyenne.<\/li>\n<li>Moyen &#8211; id\u00e9al pour le montage sur la queue des grands perroquets ou sur les pattes des perroquets de taille moyenne<\/li>\n<li>Lourd &#8211; parfait pour les grands perroquets : mont\u00e9 sur la patte ou sur la queue<\/li>\n<\/ul>\n<p><img loading=\"lazy\" decoding=\"async\" class=\"aligncenter size-large wp-image-54132\" src=\"https:\/\/marshallradio.com\/uk\/wp-content\/uploads\/sites\/4\/2021\/01\/Parrot-Antennas-Web-1024x725.png\" alt=\"\" width=\"750\" height=\"531\" srcset=\"https:\/\/marshallradio.com\/eu\/wp-content\/uploads\/sites\/4\/2021\/01\/Parrot-Antennas-Web-1024x725.png 1024w, https:\/\/marshallradio.com\/eu\/wp-content\/uploads\/sites\/4\/2021\/01\/Parrot-Antennas-Web-300x213.png 300w, https:\/\/marshallradio.com\/eu\/wp-content\/uploads\/sites\/4\/2021\/01\/Parrot-Antennas-Web-768x544.png 768w, https:\/\/marshallradio.com\/eu\/wp-content\/uploads\/sites\/4\/2021\/01\/Parrot-Antennas-Web-1536x1088.png 1536w, https:\/\/marshallradio.com\/eu\/wp-content\/uploads\/sites\/4\/2021\/01\/Parrot-Antennas-Web-2048x1451.png 2048w, https:\/\/marshallradio.com\/eu\/wp-content\/uploads\/sites\/4\/2021\/01\/Parrot-Antennas-Web-100x71.png 100w, https:\/\/marshallradio.com\/eu\/wp-content\/uploads\/sites\/4\/2021\/01\/Parrot-Antennas-Web-150x106.png 150w, https:\/\/marshallradio.com\/eu\/wp-content\/uploads\/sites\/4\/2021\/01\/Parrot-Antennas-Web-200x142.png 200w, https:\/\/marshallradio.com\/eu\/wp-content\/uploads\/sites\/4\/2021\/01\/Parrot-Antennas-Web-450x319.png 450w, https:\/\/marshallradio.com\/eu\/wp-content\/uploads\/sites\/4\/2021\/01\/Parrot-Antennas-Web-600x425.png 600w, https:\/\/marshallradio.com\/eu\/wp-content\/uploads\/sites\/4\/2021\/01\/Parrot-Antennas-Web-900x638.png 900w\" sizes=\"auto, (max-width: 750px) 100vw, 750px\" \/><\/p>\n<p><span class=\"jCAhz ChMk0b\"><span class=\"ryNqvb\">**** Les antennes lourdes n\u00e9cessitent l&#8217;utilisation d&#8217;un protecteur d&#8217;antenne sp\u00e9cial en aluminium, elles ne s&#8217;adapteront pas \u00e0 l&#8217;int\u00e9rieur du protecteur d&#8217;antenne en plastique standard.<\/span><\/span> <span class=\"jCAhz ChMk0b\"><span class=\"ryNqvb\">Commandez cet article s\u00e9par\u00e9ment si vous n&#8217;en avez pas d\u00e9j\u00e0 un ****<\/span><\/span><\/p>\n<div class=\"read-more\"><a href=\"https:\/\/marshallradio.com\/eu\/product\/remplacement-dantenne\/?lang=fr\">Read more <span class=\"screen-reader-text\">Remplacement d&#8217;antenne<\/span><span class=\"meta-nav\"> &#8250;<\/span><\/a><\/div>\n<p><!-- end of .read-more --><\/p>\n","protected":false},"featured_media":44281,"template":"","meta":{"_acf_changed":false},"product_brand":[],"product_cat":[153],"product_tag":[],"class_list":{"0":"post-43240","1":"product","2":"type-product","3":"status-publish","4":"has-post-thumbnail","6":"product_cat-produits-parrot","8":"first","9":"instock","10":"taxable","11":"shipping-taxable","12":"purchasable","13":"product-type-variable"},"acf":[],"_links":{"self":[{"href":"https:\/\/marshallradio.com\/eu\/wp-json\/wp\/v2\/product\/43240","targetHints":{"allow":["GET"]}}],"collection":[{"href":"https:\/\/marshallradio.com\/eu\/wp-json\/wp\/v2\/product"}],"about":[{"href":"https:\/\/marshallradio.com\/eu\/wp-json\/wp\/v2\/types\/product"}],"wp:featuredmedia":[{"embeddable":true,"href":"https:\/\/marshallradio.com\/eu\/wp-json\/wp\/v2\/media\/44281"}],"wp:attachment":[{"href":"https:\/\/marshallradio.com\/eu\/wp-json\/wp\/v2\/media?parent=43240"}],"wp:term":[{"taxonomy":"product_brand","embeddable":true,"href":"https:\/\/marshallradio.com\/eu\/wp-json\/wp\/v2\/product_brand?post=43240"},{"taxonomy":"product_cat","embeddable":true,"href":"https:\/\/marshallradio.com\/eu\/wp-json\/wp\/v2\/product_cat?post=43240"},{"taxonomy":"product_tag","embeddable":true,"href":"https:\/\/marshallradio.com\/eu\/wp-json\/wp\/v2\/product_tag?post=43240"}],"curies":[{"name":"wp","href":"https:\/\/api.w.org\/{rel}","templated":true}]}}