
{"id":43244,"date":"2021-01-26T21:54:43","date_gmt":"2021-01-26T21:54:43","guid":{"rendered":"http:\/\/marshallradio.com\/eu\/product\/antennenersatz\/"},"modified":"2024-12-20T23:15:14","modified_gmt":"2024-12-20T23:15:14","slug":"antennenersatz","status":"publish","type":"product","link":"https:\/\/marshallradio.com\/eu\/product\/antennenersatz\/?lang=de","title":{"rendered":"Antennenersatz"},"content":{"rendered":"<p>Im folgenden Video finden Sie Anweisungen zum Ersetzen einer Antenne an Sendern durch Schrumpfen. Mikrosender f\u00fcr das Piepsystem erfordern den W\u00e4rmeschrumpf. GPS-Sender ben\u00f6tigen keinen Schrumpfschlauch, sondern Antennenschutz.<\/p>\n<p><iframe loading=\"lazy\" title=\"Replacing the antenna on a Transmitter\" src=\"https:\/\/player.vimeo.com\/video\/10494003?dnt=1&amp;app_id=122963\" width=\"640\" height=\"424\" frameborder=\"0\" allow=\"autoplay; fullscreen; picture-in-picture\" allowfullscreen><\/iframe><\/p>\n","protected":false},"excerpt":{"rendered":"<p><span class=\"jCAhz ChMk0b\"><span class=\"ryNqvb\">Eine gerade Antenne ist wichtig, um ein starkes Signal zu erzeugen.<\/span><\/span> <span class=\"jCAhz ChMk0b\"><span class=\"ryNqvb\">Wenn Ihre Antennen geknickt, gekr\u00fcmmt oder ausgefranst sind, sollten Sie sich eine neue Antenne zulegen, um die Spitzenleistung aufrechtzuerhalten.<\/span><\/span> <span class=\"jCAhz ChMk0b\"><span class=\"ryNqvb\">Vor Ort austauschbare Antennen lassen sich direkt auf den Antennenbolzen des Senders schrauben.<\/span><\/span><\/p>\n<p>F\u00fcr das GPS \u2013 es werden drei Antennendurchmesser angeboten, die am besten zu Ihrem Vogel passen<\/p>\n<ul>\n<li>Standard \u2013 ideal f\u00fcr die Schwanzmontage bei mittelgro\u00dfen Papageien.<\/li>\n<li>Mittel \u2013 ideal f\u00fcr die Schwanzmontage bei gro\u00dfen Papageien oder die Beinmontage bei mittelgro\u00dfen Papageien<\/li>\n<li>Schwer \u2013 perfekt f\u00fcr gro\u00dfe Papageien: Bein- oder Schwanzmontage<\/li>\n<\/ul>\n<p><img loading=\"lazy\" decoding=\"async\" class=\"aligncenter size-large wp-image-54132\" src=\"https:\/\/marshallradio.com\/uk\/wp-content\/uploads\/sites\/4\/2021\/01\/Parrot-Antennas-Web-1024x725.png\" alt=\"\" width=\"750\" height=\"531\" srcset=\"https:\/\/marshallradio.com\/eu\/wp-content\/uploads\/sites\/4\/2021\/01\/Parrot-Antennas-Web-1024x725.png 1024w, https:\/\/marshallradio.com\/eu\/wp-content\/uploads\/sites\/4\/2021\/01\/Parrot-Antennas-Web-300x213.png 300w, https:\/\/marshallradio.com\/eu\/wp-content\/uploads\/sites\/4\/2021\/01\/Parrot-Antennas-Web-768x544.png 768w, https:\/\/marshallradio.com\/eu\/wp-content\/uploads\/sites\/4\/2021\/01\/Parrot-Antennas-Web-1536x1088.png 1536w, https:\/\/marshallradio.com\/eu\/wp-content\/uploads\/sites\/4\/2021\/01\/Parrot-Antennas-Web-2048x1451.png 2048w, https:\/\/marshallradio.com\/eu\/wp-content\/uploads\/sites\/4\/2021\/01\/Parrot-Antennas-Web-100x71.png 100w, https:\/\/marshallradio.com\/eu\/wp-content\/uploads\/sites\/4\/2021\/01\/Parrot-Antennas-Web-150x106.png 150w, https:\/\/marshallradio.com\/eu\/wp-content\/uploads\/sites\/4\/2021\/01\/Parrot-Antennas-Web-200x142.png 200w, https:\/\/marshallradio.com\/eu\/wp-content\/uploads\/sites\/4\/2021\/01\/Parrot-Antennas-Web-450x319.png 450w, https:\/\/marshallradio.com\/eu\/wp-content\/uploads\/sites\/4\/2021\/01\/Parrot-Antennas-Web-600x425.png 600w, https:\/\/marshallradio.com\/eu\/wp-content\/uploads\/sites\/4\/2021\/01\/Parrot-Antennas-Web-900x638.png 900w\" sizes=\"auto, (max-width: 750px) 100vw, 750px\" \/><\/p>\n<p><span class=\"jCAhz ChMk0b\"><span class=\"ryNqvb\">**** Schwere Antennen erfordern den Einsatz des speziellen Antennenschutzes aus Aluminium, sie passen nicht in den Standard-Antennenschutz aus Kunststoff.<\/span><\/span> <span class=\"jCAhz ChMk0b\"><span class=\"ryNqvb\">Bestellen Sie diesen Artikel separat, falls Sie noch keinen haben****<\/span><\/span><\/p>\n<p>&nbsp;<\/p>\n<div class=\"read-more\"><a href=\"https:\/\/marshallradio.com\/eu\/product\/antennenersatz\/?lang=de\">Read more <span class=\"screen-reader-text\">Antennenersatz<\/span><span class=\"meta-nav\"> &#8250;<\/span><\/a><\/div>\n<p><!-- end of .read-more --><\/p>\n","protected":false},"featured_media":44282,"template":"","meta":{"_acf_changed":false},"product_brand":[],"product_cat":[154],"product_tag":[],"class_list":{"0":"post-43244","1":"product","2":"type-product","3":"status-publish","4":"has-post-thumbnail","6":"product_cat-papageienprodukte","8":"first","9":"instock","10":"taxable","11":"shipping-taxable","12":"purchasable","13":"product-type-variable"},"acf":[],"_links":{"self":[{"href":"https:\/\/marshallradio.com\/eu\/wp-json\/wp\/v2\/product\/43244","targetHints":{"allow":["GET"]}}],"collection":[{"href":"https:\/\/marshallradio.com\/eu\/wp-json\/wp\/v2\/product"}],"about":[{"href":"https:\/\/marshallradio.com\/eu\/wp-json\/wp\/v2\/types\/product"}],"wp:featuredmedia":[{"embeddable":true,"href":"https:\/\/marshallradio.com\/eu\/wp-json\/wp\/v2\/media\/44282"}],"wp:attachment":[{"href":"https:\/\/marshallradio.com\/eu\/wp-json\/wp\/v2\/media?parent=43244"}],"wp:term":[{"taxonomy":"product_brand","embeddable":true,"href":"https:\/\/marshallradio.com\/eu\/wp-json\/wp\/v2\/product_brand?post=43244"},{"taxonomy":"product_cat","embeddable":true,"href":"https:\/\/marshallradio.com\/eu\/wp-json\/wp\/v2\/product_cat?post=43244"},{"taxonomy":"product_tag","embeddable":true,"href":"https:\/\/marshallradio.com\/eu\/wp-json\/wp\/v2\/product_tag?post=43244"}],"curies":[{"name":"wp","href":"https:\/\/api.w.org\/{rel}","templated":true}]}}