
{"id":43290,"date":"2021-01-26T22:11:59","date_gmt":"2021-01-26T22:11:59","guid":{"rendered":"http:\/\/marshallradio.com\/eu\/product\/marshall-kousky-peri-ocasu\/"},"modified":"2023-03-14T17:40:24","modified_gmt":"2023-03-14T17:40:24","slug":"marshall-kousky-peri-ocasu","status":"publish","type":"product","link":"https:\/\/marshallradio.com\/eu\/product\/marshall-kousky-peri-ocasu\/?lang=cs","title":{"rendered":"Marshall Kousky pe\u0159\u00ed ocasu"},"content":{"rendered":"<p>Jedn\u00e1 se o novou generaci ultralehk\u00fdch n\u00e1hradn\u00edch d\u00edl\u016f bez p\u00e1jen\u00ed a upevn\u011bn\u00ed na ocas, kter\u00e9 nyn\u00ed pou\u017e\u00edvaj\u00ed tolik let\u00e1k\u016f bez papou\u0161k\u016f po cel\u00e9m sv\u011bt\u011b. Jsou zde vyrobeny intern\u011b v Marshall Radio ze speci\u00e1ln\u00ed hlin\u00edkov\u00e9 slitiny letadel, pot\u00e9 byly zdrceny na hladk\u00fd povrch a eloxov\u00e1ny kv\u016fli barv\u011b a ochran\u011b, co\u017e je 1\/3 hmotnosti p\u00e1jen\u00e9ho mosazn\u00e9ho p\u0159edch\u016fdce.<\/p>\n<p>Pokud pl\u00e1nujete v t\u00e9to sez\u00f3n\u011b pou\u017e\u00edt Tail Mount, jsou tyto drobn\u00e9 a lehk\u00e9 obr\u00e1b\u011bn\u00e9 d\u00edly odpov\u011bd\u00ed na p\u0159esnost a kvalitu. A pomoc\u00ed instala\u010dn\u00edho n\u00e1stroje Genuine Marshall je instalace rychl\u00e1 a snadn\u00e1<\/p>\n","protected":false},"excerpt":{"rendered":"<ul>\n<li><strong>Micro-Small:<\/strong> Mal\u00e9 dravce (Eclectus, Cockatoo, African Grey) pou\u017e\u00edvan\u00e9 s mikro vys\u00edla\u010dem.<\/li>\n<li><strong>Micro-Medium:<\/strong> St\u0159edn\u00ed dravci (kakadu), kde se m\u00e1 pou\u017e\u00edt Micro. St\u0159edn\u00ed dole, s velikost\u00ed Micro naho\u0159e.<\/li>\n<li><strong>St\u0159edn\u00ed:<\/strong> papou\u0161ek vojensk\u00fd, papou\u0161ek \u010derven\u00e9 p\u0159edn\u00ed, kakadu<\/li>\n<li><strong>Velk\u00e9:<\/strong> Scarlet, Blue &amp; Gold<\/li>\n<li><strong>Extra velk\u00e9:<\/strong> Extra velk\u00e9 dravce (papou\u0161ek zelen\u00fd, Buffons)<\/li>\n<li style=\"list-style-type: none;\"><\/li>\n<\/ul>\n<div class=\"read-more\"><a href=\"https:\/\/marshallradio.com\/eu\/product\/marshall-kousky-peri-ocasu\/?lang=cs\">Read more <span class=\"screen-reader-text\">Marshall Kousky pe\u0159\u00ed ocasu<\/span><span class=\"meta-nav\"> &#8250;<\/span><\/a><\/div>\n<p><!-- end of .read-more --><\/p>\n","protected":false},"featured_media":43277,"template":"","meta":{"_acf_changed":false},"product_brand":[],"product_cat":[151],"product_tag":[],"class_list":{"0":"post-43290","1":"product","2":"type-product","3":"status-publish","4":"has-post-thumbnail","6":"product_cat-produkty-papouska","8":"first","9":"instock","10":"taxable","11":"shipping-taxable","12":"purchasable","13":"product-type-variable"},"acf":[],"_links":{"self":[{"href":"https:\/\/marshallradio.com\/eu\/wp-json\/wp\/v2\/product\/43290","targetHints":{"allow":["GET"]}}],"collection":[{"href":"https:\/\/marshallradio.com\/eu\/wp-json\/wp\/v2\/product"}],"about":[{"href":"https:\/\/marshallradio.com\/eu\/wp-json\/wp\/v2\/types\/product"}],"wp:featuredmedia":[{"embeddable":true,"href":"https:\/\/marshallradio.com\/eu\/wp-json\/wp\/v2\/media\/43277"}],"wp:attachment":[{"href":"https:\/\/marshallradio.com\/eu\/wp-json\/wp\/v2\/media?parent=43290"}],"wp:term":[{"taxonomy":"product_brand","embeddable":true,"href":"https:\/\/marshallradio.com\/eu\/wp-json\/wp\/v2\/product_brand?post=43290"},{"taxonomy":"product_cat","embeddable":true,"href":"https:\/\/marshallradio.com\/eu\/wp-json\/wp\/v2\/product_cat?post=43290"},{"taxonomy":"product_tag","embeddable":true,"href":"https:\/\/marshallradio.com\/eu\/wp-json\/wp\/v2\/product_tag?post=43290"}],"curies":[{"name":"wp","href":"https:\/\/api.w.org\/{rel}","templated":true}]}}