
{"id":43302,"date":"2021-01-26T22:11:59","date_gmt":"2021-01-26T22:11:59","guid":{"rendered":"http:\/\/marshallradio.com\/eu\/product\/morceaux-de-plumes-de-queue-de-perroquet-marshall\/"},"modified":"2023-03-14T17:41:46","modified_gmt":"2023-03-14T17:41:46","slug":"morceaux-de-plumes-de-queue-de-perroquet-marshall","status":"publish","type":"product","link":"https:\/\/marshallradio.com\/eu\/product\/morceaux-de-plumes-de-queue-de-perroquet-marshall\/?lang=fr","title":{"rendered":"Morceaux de plumes de queue de perroquet Marshall"},"content":{"rendered":"<p>Ce sont les pi\u00e8ces de rechange de nouvelle g\u00e9n\u00e9ration, ultra-l\u00e9g\u00e8res, sans soudure et mont\u00e9es sur la queue qui sont maintenant utilis\u00e9es par tant de pilotes sans perroquet dans le monde entier. Usin\u00e9s en interne ici chez Marshall Radio \u00e0 partir d&#8217;un alliage d&#8217;aluminium sp\u00e9cial pour avions, puis broy\u00e9s pour une surface lisse et anodis\u00e9s pour la couleur et la protection, ils p\u00e8sent 1\/3 du poids du pr\u00e9d\u00e9cesseur en laiton soud\u00e9.<\/p>\n<p>Si vous pr\u00e9voyez d&#8217;utiliser un support arri\u00e8re cette saison, ces minuscules pi\u00e8ces usin\u00e9es l\u00e9g\u00e8res sont la r\u00e9ponse pour l&#8217;exactitude et la qualit\u00e9. Et, en utilisant l&#8217;outil d&#8217;installation Genuine Marshall, l&#8217;installation est rapide et facile<\/p>\n","protected":false},"excerpt":{"rendered":"<ul>\n<li><strong>Micro-Small:<\/strong> Rapaces de petite taille (Eclectus, Cacato\u00e8s, Gris Africain) utilis\u00e9s avec l&#8217;\u00e9metteur Micro.<\/li>\n<li><strong>Micro-Medium:<\/strong> Rapaces de taille moyenne (cacato\u00e8s) o\u00f9 un micro doit \u00eatre utilis\u00e9. Moyen en bas, avec taille Micro en haut.<\/li>\n<li><strong>M\u00e9dium:<\/strong> Ara militaire, Ara avant rouge, cacato\u00e8s<\/li>\n<li><strong>Grand:<\/strong> \u00e9carlate, bleu et or<\/li>\n<li><strong>Extra Large:<\/strong> Rapaces de tr\u00e8s grande taille (Ara \u00e0 ailes vertes, Buffons) size raptors (Greenwing Macaw, Buffons)<\/li>\n<\/ul>\n<div class=\"read-more\"><a href=\"https:\/\/marshallradio.com\/eu\/product\/morceaux-de-plumes-de-queue-de-perroquet-marshall\/?lang=fr\">Read more <span class=\"screen-reader-text\">Morceaux de plumes de queue de perroquet Marshall<\/span><span class=\"meta-nav\"> &#8250;<\/span><\/a><\/div>\n<p><!-- end of .read-more --><\/p>\n","protected":false},"featured_media":43279,"template":"","meta":{"_acf_changed":false},"product_brand":[],"product_cat":[153],"product_tag":[],"class_list":{"0":"post-43302","1":"product","2":"type-product","3":"status-publish","4":"has-post-thumbnail","6":"product_cat-produits-parrot","8":"first","9":"instock","10":"taxable","11":"shipping-taxable","12":"purchasable","13":"product-type-variable"},"acf":[],"_links":{"self":[{"href":"https:\/\/marshallradio.com\/eu\/wp-json\/wp\/v2\/product\/43302","targetHints":{"allow":["GET"]}}],"collection":[{"href":"https:\/\/marshallradio.com\/eu\/wp-json\/wp\/v2\/product"}],"about":[{"href":"https:\/\/marshallradio.com\/eu\/wp-json\/wp\/v2\/types\/product"}],"wp:featuredmedia":[{"embeddable":true,"href":"https:\/\/marshallradio.com\/eu\/wp-json\/wp\/v2\/media\/43279"}],"wp:attachment":[{"href":"https:\/\/marshallradio.com\/eu\/wp-json\/wp\/v2\/media?parent=43302"}],"wp:term":[{"taxonomy":"product_brand","embeddable":true,"href":"https:\/\/marshallradio.com\/eu\/wp-json\/wp\/v2\/product_brand?post=43302"},{"taxonomy":"product_cat","embeddable":true,"href":"https:\/\/marshallradio.com\/eu\/wp-json\/wp\/v2\/product_cat?post=43302"},{"taxonomy":"product_tag","embeddable":true,"href":"https:\/\/marshallradio.com\/eu\/wp-json\/wp\/v2\/product_tag?post=43302"}],"curies":[{"name":"wp","href":"https:\/\/api.w.org\/{rel}","templated":true}]}}