
{"id":43308,"date":"2021-01-26T22:11:59","date_gmt":"2021-01-26T22:11:59","guid":{"rendered":"http:\/\/marshallradio.com\/eu\/product\/marshall-papageienschwanz-federstucke\/"},"modified":"2023-03-14T17:42:15","modified_gmt":"2023-03-14T17:42:15","slug":"marshall-papageienschwanz-federstucke","status":"publish","type":"product","link":"https:\/\/marshallradio.com\/eu\/product\/marshall-papageienschwanz-federstucke\/?lang=de","title":{"rendered":"Marshall Papageienschwanz Federst\u00fccke"},"content":{"rendered":"<p>Dies sind die ultraleichten, l\u00f6tfreien Ersatzteile der neuen Generation f\u00fcr die Heckmontage, die heute von so vielen papageienfreien Fliegern weltweit verwendet werden. Hier bei Marshall Radio im eigenen Haus aus einer speziellen Flugzeugaluminiumlegierung gefertigt, dann f\u00fcr eine glatte Oberfl\u00e4che getrommelt und f\u00fcr Farbe und Schutz eloxiert, sind sie 1\/3 des Gewichts des Vorg\u00e4ngers aus gel\u00f6tetem Messing.<\/p>\n<p>Wenn Sie in dieser Saison eine Heckhalterung verwenden m\u00f6chten, sind diese winzigen, leicht bearbeiteten Teile die Antwort auf Genauigkeit und Qualit\u00e4t. Mit dem Original Marshall-Installationstool ist die Installation schnell und einfach<\/p>\n","protected":false},"excerpt":{"rendered":"<ul>\n<li><strong>Micro-Small:<\/strong> Kleine Raptoren (Eclectus, Cockatoo, African Grey), die mit Micro-Sendern verwendet werden.<\/li>\n<li><strong>Micro-Medium:<\/strong> Mittelgro\u00dfe Raptoren (Cockatoo), bei denen ein Micro verwendet werden soll. Unten mittel, oben Mikrogr\u00f6\u00dfe.<\/li>\n<li><strong>Medium:<\/strong> Milit\u00e4raras, Roter Frontaras, Kakadu<\/li>\n<li><strong>Gro\u00df:<\/strong> Scharlachrot, Blau &amp; Gold<\/li>\n<li><strong>Extra gro\u00df:<\/strong> Extra gro\u00dfe Raubv\u00f6gel (Greenwing Macaw, Buffons)<\/li>\n<\/ul>\n<div class=\"read-more\"><a href=\"https:\/\/marshallradio.com\/eu\/product\/marshall-papageienschwanz-federstucke\/?lang=de\">Read more <span class=\"screen-reader-text\">Marshall Papageienschwanz Federst\u00fccke<\/span><span class=\"meta-nav\"> &#8250;<\/span><\/a><\/div>\n<p><!-- end of .read-more --><\/p>\n","protected":false},"featured_media":43280,"template":"","meta":{"_acf_changed":false},"product_brand":[],"product_cat":[154],"product_tag":[],"class_list":{"0":"post-43308","1":"product","2":"type-product","3":"status-publish","4":"has-post-thumbnail","6":"product_cat-papageienprodukte","8":"first","9":"instock","10":"taxable","11":"shipping-taxable","12":"purchasable","13":"product-type-variable"},"acf":[],"_links":{"self":[{"href":"https:\/\/marshallradio.com\/eu\/wp-json\/wp\/v2\/product\/43308","targetHints":{"allow":["GET"]}}],"collection":[{"href":"https:\/\/marshallradio.com\/eu\/wp-json\/wp\/v2\/product"}],"about":[{"href":"https:\/\/marshallradio.com\/eu\/wp-json\/wp\/v2\/types\/product"}],"wp:featuredmedia":[{"embeddable":true,"href":"https:\/\/marshallradio.com\/eu\/wp-json\/wp\/v2\/media\/43280"}],"wp:attachment":[{"href":"https:\/\/marshallradio.com\/eu\/wp-json\/wp\/v2\/media?parent=43308"}],"wp:term":[{"taxonomy":"product_brand","embeddable":true,"href":"https:\/\/marshallradio.com\/eu\/wp-json\/wp\/v2\/product_brand?post=43308"},{"taxonomy":"product_cat","embeddable":true,"href":"https:\/\/marshallradio.com\/eu\/wp-json\/wp\/v2\/product_cat?post=43308"},{"taxonomy":"product_tag","embeddable":true,"href":"https:\/\/marshallradio.com\/eu\/wp-json\/wp\/v2\/product_tag?post=43308"}],"curies":[{"name":"wp","href":"https:\/\/api.w.org\/{rel}","templated":true}]}}