
{"id":43320,"date":"2021-01-26T22:11:59","date_gmt":"2021-01-26T22:11:59","guid":{"rendered":"http:\/\/marshallradio.com\/eu\/product\/piezas-de-plumas-de-cola-de-loro-marshall\/"},"modified":"2023-03-14T17:43:21","modified_gmt":"2023-03-14T17:43:21","slug":"piezas-de-plumas-de-cola-de-loro-marshall","status":"publish","type":"product","link":"https:\/\/marshallradio.com\/eu\/product\/piezas-de-plumas-de-cola-de-loro-marshall\/?lang=es","title":{"rendered":"Piezas de plumas de cola de loro Marshall"},"content":{"rendered":"<p>Estas son las piezas de repuesto de montaje en cola de nueva generaci\u00f3n, ultraligeras, sin soldadura, que ahora utilizan tantos viajeros sin loros en todo el mundo. Mecanizados internamente aqu\u00ed en Marshall Radio a partir de una aleaci\u00f3n especial de aluminio para aviones, luego volteados para obtener una superficie lisa y anodizados para dar color y protecci\u00f3n, pesan 1\/3 del peso del predecesor de lat\u00f3n soldado.<\/p>\n<p>Si est\u00e1 planeando usar un soporte trasero esta temporada, estas piezas maquinadas peque\u00f1as y livianas son la respuesta para la precisi\u00f3n y la calidad. Y, utilizando la herramienta de instalaci\u00f3n Genuine Marshall, la instalaci\u00f3n es r\u00e1pida y f\u00e1cil<\/p>\n","protected":false},"excerpt":{"rendered":"<ul>\n<li><strong>Micro-Small:<\/strong> Rapaces de tama\u00f1o peque\u00f1o (Eclectus, Cockatoo, African Grey) utilizadas con Micro transmisor.<\/li>\n<li><strong>Micro-Medium:<\/strong> Rapaces de tama\u00f1o mediano (Cockatoo) donde se va a utilizar un Micro. Mediano en la parte inferior, con tama\u00f1o Micro en la parte superior.<\/li>\n<li><strong>Medio:<\/strong> Guacamayo militar, Guacamayo delantero rojo, Cacat\u00faa<\/li>\n<li><strong>Grande:<\/strong> escarlata, azul y dorado<\/li>\n<li><strong>Extra grande:<\/strong> rapaces de tama\u00f1o extragrande (guacamayo ala verde, buffons)<\/li>\n<\/ul>\n<div class=\"read-more\"><a href=\"https:\/\/marshallradio.com\/eu\/product\/piezas-de-plumas-de-cola-de-loro-marshall\/?lang=es\">Read more <span class=\"screen-reader-text\">Piezas de plumas de cola de loro Marshall<\/span><span class=\"meta-nav\"> &#8250;<\/span><\/a><\/div>\n<p><!-- end of .read-more --><\/p>\n","protected":false},"featured_media":43282,"template":"","meta":{"_acf_changed":false},"product_brand":[],"product_cat":[156],"product_tag":[],"class_list":{"0":"post-43320","1":"product","2":"type-product","3":"status-publish","4":"has-post-thumbnail","6":"product_cat-productos-para-loros","8":"first","9":"instock","10":"taxable","11":"shipping-taxable","12":"purchasable","13":"product-type-variable"},"acf":[],"_links":{"self":[{"href":"https:\/\/marshallradio.com\/eu\/wp-json\/wp\/v2\/product\/43320","targetHints":{"allow":["GET"]}}],"collection":[{"href":"https:\/\/marshallradio.com\/eu\/wp-json\/wp\/v2\/product"}],"about":[{"href":"https:\/\/marshallradio.com\/eu\/wp-json\/wp\/v2\/types\/product"}],"wp:featuredmedia":[{"embeddable":true,"href":"https:\/\/marshallradio.com\/eu\/wp-json\/wp\/v2\/media\/43282"}],"wp:attachment":[{"href":"https:\/\/marshallradio.com\/eu\/wp-json\/wp\/v2\/media?parent=43320"}],"wp:term":[{"taxonomy":"product_brand","embeddable":true,"href":"https:\/\/marshallradio.com\/eu\/wp-json\/wp\/v2\/product_brand?post=43320"},{"taxonomy":"product_cat","embeddable":true,"href":"https:\/\/marshallradio.com\/eu\/wp-json\/wp\/v2\/product_cat?post=43320"},{"taxonomy":"product_tag","embeddable":true,"href":"https:\/\/marshallradio.com\/eu\/wp-json\/wp\/v2\/product_tag?post=43320"}],"curies":[{"name":"wp","href":"https:\/\/api.w.org\/{rel}","templated":true}]}}