
{"id":43329,"date":"2021-01-26T22:30:23","date_gmt":"2021-01-26T22:30:23","guid":{"rendered":"http:\/\/marshallradio.com\/eu\/product\/nahradni-ocasni-pruziny\/"},"modified":"2021-04-27T17:32:16","modified_gmt":"2021-04-27T17:32:16","slug":"nahradni-ocasni-pruziny","status":"publish","type":"product","link":"https:\/\/marshallradio.com\/eu\/product\/nahradni-ocasni-pruziny\/?lang=cs","title":{"rendered":"N\u00e1hradn\u00ed ocasn\u00ed pru\u017einy"},"content":{"rendered":"","protected":false},"excerpt":{"rendered":"<p>V p\u0159\u00edpad\u011b pot\u0159eby m\u016f\u017eete snadno vym\u011bnit po\u0161kozen\u00fd vodi\u010d ocasn\u00ed pru\u017einy. N\u00ed\u017ee vyberte model pru\u017einy, kter\u00fd pot\u0159ebujete pro sv\u016fj vys\u00edla\u010d.<\/p>\n<p>Cena je za jednotliv\u00e9 ocasn\u00ed pru\u017einy.<\/p>\n<div class=\"read-more\"><a href=\"https:\/\/marshallradio.com\/eu\/product\/nahradni-ocasni-pruziny\/?lang=cs\">Read more <span class=\"screen-reader-text\">N\u00e1hradn\u00ed ocasn\u00ed pru\u017einy<\/span><span class=\"meta-nav\"> &#8250;<\/span><\/a><\/div>\n<p><!-- end of .read-more --><\/p>\n","protected":false},"featured_media":44330,"template":"","meta":{"_acf_changed":false},"product_brand":[],"product_cat":[151],"product_tag":[],"class_list":{"0":"post-43329","1":"product","2":"type-product","3":"status-publish","4":"has-post-thumbnail","6":"product_cat-produkty-papouska","8":"first","9":"instock","10":"taxable","11":"shipping-taxable","12":"purchasable","13":"product-type-variable"},"acf":[],"_links":{"self":[{"href":"https:\/\/marshallradio.com\/eu\/wp-json\/wp\/v2\/product\/43329","targetHints":{"allow":["GET"]}}],"collection":[{"href":"https:\/\/marshallradio.com\/eu\/wp-json\/wp\/v2\/product"}],"about":[{"href":"https:\/\/marshallradio.com\/eu\/wp-json\/wp\/v2\/types\/product"}],"wp:featuredmedia":[{"embeddable":true,"href":"https:\/\/marshallradio.com\/eu\/wp-json\/wp\/v2\/media\/44330"}],"wp:attachment":[{"href":"https:\/\/marshallradio.com\/eu\/wp-json\/wp\/v2\/media?parent=43329"}],"wp:term":[{"taxonomy":"product_brand","embeddable":true,"href":"https:\/\/marshallradio.com\/eu\/wp-json\/wp\/v2\/product_brand?post=43329"},{"taxonomy":"product_cat","embeddable":true,"href":"https:\/\/marshallradio.com\/eu\/wp-json\/wp\/v2\/product_cat?post=43329"},{"taxonomy":"product_tag","embeddable":true,"href":"https:\/\/marshallradio.com\/eu\/wp-json\/wp\/v2\/product_tag?post=43329"}],"curies":[{"name":"wp","href":"https:\/\/api.w.org\/{rel}","templated":true}]}}