
{"id":43335,"date":"2021-01-26T22:30:23","date_gmt":"2021-01-26T22:30:23","guid":{"rendered":"http:\/\/marshallradio.com\/eu\/product\/ressorts-de-queue-de-rechange\/"},"modified":"2021-04-27T17:34:13","modified_gmt":"2021-04-27T17:34:13","slug":"ressorts-de-queue-de-rechange","status":"publish","type":"product","link":"https:\/\/marshallradio.com\/eu\/product\/ressorts-de-queue-de-rechange\/?lang=fr","title":{"rendered":"Ressorts de queue de rechange"},"content":{"rendered":"","protected":false},"excerpt":{"rendered":"<p>Vous pouvez facilement changer un fil de ressort de queue endommag\u00e9 si n\u00e9cessaire. Choisissez ci-dessous le mod\u00e8le de ressort dont vous avez besoin pour votre \u00e9metteur.<\/p>\n<p>Le prix est pour un ressort de queue individuel.<\/p>\n<div class=\"read-more\"><a href=\"https:\/\/marshallradio.com\/eu\/product\/ressorts-de-queue-de-rechange\/?lang=fr\">Read more <span class=\"screen-reader-text\">Ressorts de queue de rechange<\/span><span class=\"meta-nav\"> &#8250;<\/span><\/a><\/div>\n<p><!-- end of .read-more --><\/p>\n","protected":false},"featured_media":44332,"template":"","meta":{"_acf_changed":false},"product_brand":[],"product_cat":[153],"product_tag":[],"class_list":{"0":"post-43335","1":"product","2":"type-product","3":"status-publish","4":"has-post-thumbnail","6":"product_cat-produits-parrot","8":"first","9":"instock","10":"taxable","11":"shipping-taxable","12":"purchasable","13":"product-type-variable"},"acf":[],"_links":{"self":[{"href":"https:\/\/marshallradio.com\/eu\/wp-json\/wp\/v2\/product\/43335","targetHints":{"allow":["GET"]}}],"collection":[{"href":"https:\/\/marshallradio.com\/eu\/wp-json\/wp\/v2\/product"}],"about":[{"href":"https:\/\/marshallradio.com\/eu\/wp-json\/wp\/v2\/types\/product"}],"wp:featuredmedia":[{"embeddable":true,"href":"https:\/\/marshallradio.com\/eu\/wp-json\/wp\/v2\/media\/44332"}],"wp:attachment":[{"href":"https:\/\/marshallradio.com\/eu\/wp-json\/wp\/v2\/media?parent=43335"}],"wp:term":[{"taxonomy":"product_brand","embeddable":true,"href":"https:\/\/marshallradio.com\/eu\/wp-json\/wp\/v2\/product_brand?post=43335"},{"taxonomy":"product_cat","embeddable":true,"href":"https:\/\/marshallradio.com\/eu\/wp-json\/wp\/v2\/product_cat?post=43335"},{"taxonomy":"product_tag","embeddable":true,"href":"https:\/\/marshallradio.com\/eu\/wp-json\/wp\/v2\/product_tag?post=43335"}],"curies":[{"name":"wp","href":"https:\/\/api.w.org\/{rel}","templated":true}]}}