
{"id":43338,"date":"2021-01-26T22:30:23","date_gmt":"2021-01-26T22:30:23","guid":{"rendered":"http:\/\/marshallradio.com\/eu\/product\/ersatzheckfedern\/"},"modified":"2021-04-27T17:34:45","modified_gmt":"2021-04-27T17:34:45","slug":"ersatzheckfedern","status":"publish","type":"product","link":"https:\/\/marshallradio.com\/eu\/product\/ersatzheckfedern\/?lang=de","title":{"rendered":"Ersatzheckfedern"},"content":{"rendered":"","protected":false},"excerpt":{"rendered":"<p>Bei Bedarf k\u00f6nnen Sie einen besch\u00e4digten Schwanzfederdraht leicht austauschen. W\u00e4hlen Sie unten das Federmodell aus, das Sie f\u00fcr Ihren Sender ben\u00f6tigen.<\/p>\n<p>Der Preis gilt f\u00fcr die einzelne Schwanzfeder.<\/p>\n<div class=\"read-more\"><a href=\"https:\/\/marshallradio.com\/eu\/product\/ersatzheckfedern\/?lang=de\">Read more <span class=\"screen-reader-text\">Ersatzheckfedern<\/span><span class=\"meta-nav\"> &#8250;<\/span><\/a><\/div>\n<p><!-- end of .read-more --><\/p>\n","protected":false},"featured_media":44333,"template":"","meta":{"_acf_changed":false},"product_brand":[],"product_cat":[154],"product_tag":[],"class_list":{"0":"post-43338","1":"product","2":"type-product","3":"status-publish","4":"has-post-thumbnail","6":"product_cat-papageienprodukte","8":"first","9":"instock","10":"taxable","11":"shipping-taxable","12":"purchasable","13":"product-type-variable"},"acf":[],"_links":{"self":[{"href":"https:\/\/marshallradio.com\/eu\/wp-json\/wp\/v2\/product\/43338","targetHints":{"allow":["GET"]}}],"collection":[{"href":"https:\/\/marshallradio.com\/eu\/wp-json\/wp\/v2\/product"}],"about":[{"href":"https:\/\/marshallradio.com\/eu\/wp-json\/wp\/v2\/types\/product"}],"wp:featuredmedia":[{"embeddable":true,"href":"https:\/\/marshallradio.com\/eu\/wp-json\/wp\/v2\/media\/44333"}],"wp:attachment":[{"href":"https:\/\/marshallradio.com\/eu\/wp-json\/wp\/v2\/media?parent=43338"}],"wp:term":[{"taxonomy":"product_brand","embeddable":true,"href":"https:\/\/marshallradio.com\/eu\/wp-json\/wp\/v2\/product_brand?post=43338"},{"taxonomy":"product_cat","embeddable":true,"href":"https:\/\/marshallradio.com\/eu\/wp-json\/wp\/v2\/product_cat?post=43338"},{"taxonomy":"product_tag","embeddable":true,"href":"https:\/\/marshallradio.com\/eu\/wp-json\/wp\/v2\/product_tag?post=43338"}],"curies":[{"name":"wp","href":"https:\/\/api.w.org\/{rel}","templated":true}]}}