
{"id":44318,"date":"2021-04-27T13:28:41","date_gmt":"2021-04-27T13:28:41","guid":{"rendered":"http:\/\/marshallradio.com\/eu\/product\/protecteur-dantenne-metallique\/"},"modified":"2021-04-27T13:28:41","modified_gmt":"2021-04-27T13:28:41","slug":"protecteur-dantenne-metallique","status":"publish","type":"product","link":"https:\/\/marshallradio.com\/eu\/product\/protecteur-dantenne-metallique\/?lang=fr","title":{"rendered":"Protecteur d&#8217;antenne m\u00e9tallique"},"content":{"rendered":"","protected":false},"excerpt":{"rendered":"<p><strong>CE PROTECTEUR D&#8217;ANTENNE EST POUR LES BITERS PERSISTANTS ET LES GRANDES ESP\u00c8CES DE PERROQUET. LA PORT\u00c9E GPS PEUT \u00caTRE L\u00c9G\u00c8REMENT R\u00c9DUITE.<\/strong><\/p>\n<p>Les aras plus grands ont des morsures puissantes et peuvent \u00eatre obs\u00e9d\u00e9s par l&#8217;attaque d&#8217;objets \u00e9trangers \u00e0 proximit\u00e9.<br \/>\nNos \u00e9metteurs GPS Parrot sont livr\u00e9s avec le protecteur d&#8217;antenne standard qui convient aux petits perroquets. Pour les oiseaux qui ont du mal \u00e0 laisser les objets seuls, nous avons cr\u00e9\u00e9 un protecteur d&#8217;antenne en aluminium usin\u00e9 qui r\u00e9siste \u00e0 ces morsures.<br \/>\nCependant, ces protecteurs m\u00e9talliques peuvent r\u00e9duire l\u00e9g\u00e8rement la r\u00e9ception du signal satellite et la port\u00e9e du syst\u00e8me jusqu&#8217;\u00e0 20%.<br \/>\nPour les petits perroquets ou les aras aux temp\u00e9raments plus doux, nous recommandons le protecteur d&#8217;antenne standard. Pour ceux qui ont des aras plus gros, plusieurs aras et ceux qui pratiquent le vol \u00e0 la libert\u00e9, nous recommandons le protecteur en aluminium usin\u00e9. De plus, le protecteur en aluminium peut \u00eatre utilis\u00e9 pour le conditionnement, puis facilement remplac\u00e9 par la version standard pour le vol libre.<\/p>\n<div class=\"read-more\"><a href=\"https:\/\/marshallradio.com\/eu\/product\/protecteur-dantenne-metallique\/?lang=fr\">Read more <span class=\"screen-reader-text\">Protecteur d&#8217;antenne m\u00e9tallique<\/span><span class=\"meta-nav\"> &#8250;<\/span><\/a><\/div>\n<p><!-- end of .read-more --><\/p>\n","protected":false},"featured_media":44312,"template":"","meta":{"_acf_changed":false},"product_brand":[],"product_cat":[153],"product_tag":[],"class_list":{"0":"post-44318","1":"product","2":"type-product","3":"status-publish","4":"has-post-thumbnail","6":"product_cat-produits-parrot","8":"first","9":"instock","10":"taxable","11":"shipping-taxable","12":"purchasable","13":"product-type-simple"},"acf":[],"_links":{"self":[{"href":"https:\/\/marshallradio.com\/eu\/wp-json\/wp\/v2\/product\/44318","targetHints":{"allow":["GET"]}}],"collection":[{"href":"https:\/\/marshallradio.com\/eu\/wp-json\/wp\/v2\/product"}],"about":[{"href":"https:\/\/marshallradio.com\/eu\/wp-json\/wp\/v2\/types\/product"}],"wp:featuredmedia":[{"embeddable":true,"href":"https:\/\/marshallradio.com\/eu\/wp-json\/wp\/v2\/media\/44312"}],"wp:attachment":[{"href":"https:\/\/marshallradio.com\/eu\/wp-json\/wp\/v2\/media?parent=44318"}],"wp:term":[{"taxonomy":"product_brand","embeddable":true,"href":"https:\/\/marshallradio.com\/eu\/wp-json\/wp\/v2\/product_brand?post=44318"},{"taxonomy":"product_cat","embeddable":true,"href":"https:\/\/marshallradio.com\/eu\/wp-json\/wp\/v2\/product_cat?post=44318"},{"taxonomy":"product_tag","embeddable":true,"href":"https:\/\/marshallradio.com\/eu\/wp-json\/wp\/v2\/product_tag?post=44318"}],"curies":[{"name":"wp","href":"https:\/\/api.w.org\/{rel}","templated":true}]}}