
{"id":44319,"date":"2021-04-27T13:28:41","date_gmt":"2021-04-27T13:28:41","guid":{"rendered":"http:\/\/marshallradio.com\/eu\/product\/metallischer-antennenschutz\/"},"modified":"2021-04-27T13:28:41","modified_gmt":"2021-04-27T13:28:41","slug":"metallischer-antennenschutz","status":"publish","type":"product","link":"https:\/\/marshallradio.com\/eu\/product\/metallischer-antennenschutz\/?lang=de","title":{"rendered":"Metallischer Antennenschutz"},"content":{"rendered":"","protected":false},"excerpt":{"rendered":"<p><strong>DIESER ANTENNENSCHUTZ IST F\u00dcR PERSISTENTE BITER UND GR\u00d6SSERE PARROT-ARTEN. GPS-BEREICH KANN LEICHT REDUZIERT WERDEN.<\/strong><\/p>\n<p>Gr\u00f6\u00dfere Aras haben starke Bisse und k\u00f6nnen besessen davon sein, Fremdk\u00f6rper in ihrer N\u00e4he anzugreifen.<br \/>\nUnsere Papageien-GPS-Sender werden mit dem Standard-Antennenschutz geliefert, der f\u00fcr kleinere Papageien geeignet ist. F\u00fcr V\u00f6gel, die es schwer haben, Gegenst\u00e4nde in Ruhe zu lassen, haben wir einen Antennenschutz aus Aluminium entwickelt, der diesen Bissen widersteht.<br \/>\nDiese metallischen Schutzvorrichtungen k\u00f6nnen jedoch den Empfang von Satellitensignalen und die Systemreichweite geringf\u00fcgig um bis zu 20% verringern.<br \/>\nF\u00fcr kleinere Papageien oder Aras mit milderen Temperamenten empfehlen wir den Standard-Antennenschutz. F\u00fcr diejenigen mit gr\u00f6\u00dferen Aras, mehreren Aras und diejenigen, die At Liberty fliegen, empfehlen wir den bearbeiteten Aluminiumschutz. Zus\u00e4tzlich kann der Aluminiumschutz zur Konditionierung verwendet und dann f\u00fcr den freien Flug leicht auf die Standardversion umgestellt werden.<\/p>\n<div class=\"read-more\"><a href=\"https:\/\/marshallradio.com\/eu\/product\/metallischer-antennenschutz\/?lang=de\">Read more <span class=\"screen-reader-text\">Metallischer Antennenschutz<\/span><span class=\"meta-nav\"> &#8250;<\/span><\/a><\/div>\n<p><!-- end of .read-more --><\/p>\n","protected":false},"featured_media":44313,"template":"","meta":{"_acf_changed":false},"product_brand":[],"product_cat":[154],"product_tag":[],"class_list":{"0":"post-44319","1":"product","2":"type-product","3":"status-publish","4":"has-post-thumbnail","6":"product_cat-papageienprodukte","8":"first","9":"instock","10":"taxable","11":"shipping-taxable","12":"purchasable","13":"product-type-simple"},"acf":[],"_links":{"self":[{"href":"https:\/\/marshallradio.com\/eu\/wp-json\/wp\/v2\/product\/44319","targetHints":{"allow":["GET"]}}],"collection":[{"href":"https:\/\/marshallradio.com\/eu\/wp-json\/wp\/v2\/product"}],"about":[{"href":"https:\/\/marshallradio.com\/eu\/wp-json\/wp\/v2\/types\/product"}],"wp:featuredmedia":[{"embeddable":true,"href":"https:\/\/marshallradio.com\/eu\/wp-json\/wp\/v2\/media\/44313"}],"wp:attachment":[{"href":"https:\/\/marshallradio.com\/eu\/wp-json\/wp\/v2\/media?parent=44319"}],"wp:term":[{"taxonomy":"product_brand","embeddable":true,"href":"https:\/\/marshallradio.com\/eu\/wp-json\/wp\/v2\/product_brand?post=44319"},{"taxonomy":"product_cat","embeddable":true,"href":"https:\/\/marshallradio.com\/eu\/wp-json\/wp\/v2\/product_cat?post=44319"},{"taxonomy":"product_tag","embeddable":true,"href":"https:\/\/marshallradio.com\/eu\/wp-json\/wp\/v2\/product_tag?post=44319"}],"curies":[{"name":"wp","href":"https:\/\/api.w.org\/{rel}","templated":true}]}}