
{"id":44320,"date":"2021-04-27T13:28:41","date_gmt":"2021-04-27T13:28:41","guid":{"rendered":"http:\/\/marshallradio.com\/eu\/product\/protezione-antenna-metallica\/"},"modified":"2021-04-27T13:28:41","modified_gmt":"2021-04-27T13:28:41","slug":"protezione-antenna-metallica","status":"publish","type":"product","link":"https:\/\/marshallradio.com\/eu\/product\/protezione-antenna-metallica\/?lang=it","title":{"rendered":"Protezione antenna metallica"},"content":{"rendered":"","protected":false},"excerpt":{"rendered":"<p><strong>QUESTA PROTEZIONE PER ANTENNA \u00c8 PER I BITER PERSISTENTI E PER LE SPECIE DI PAPPAGALLO PI\u00d9 GRANDI. LA PORTATA GPS PU ESSERE LEGGERMENTE RIDOTTA.<\/strong><\/p>\n<p>Gli Ara pi\u00f9 grandi hanno morsi potenti e possono essere ossessivi nell&#8217;attaccare oggetti estranei nelle loro vicinanze.<br \/>\nI nostri trasmettitori GPS Parrot sono dotati di una protezione per antenna standard adatta per i pappagalli pi\u00f9 piccoli. Per gli uccelli che hanno difficolt\u00e0 a lasciare gli oggetti da soli, abbiamo creato una protezione per antenna in alluminio lavorato che resiste a quei morsi.<br \/>\nTuttavia, queste protezioni metalliche possono ridurre leggermente la ricezione del segnale satellitare e la portata del sistema fino al 20%.<br \/>\nPer i pappagalli pi\u00f9 piccoli o gli Ara dal temperamento pi\u00f9 dolce, consigliamo la protezione per antenna standard. Per quelli con Ara pi\u00f9 grandi, pi\u00f9 Ara e per coloro che praticano il volo At Liberty, consigliamo la protezione in alluminio lavorato. Inoltre, la protezione in alluminio pu\u00f2 essere utilizzata per il condizionamento, quindi facilmente sostituita alla versione standard per il volo libero.<\/p>\n<div class=\"read-more\"><a href=\"https:\/\/marshallradio.com\/eu\/product\/protezione-antenna-metallica\/?lang=it\">Read more <span class=\"screen-reader-text\">Protezione antenna metallica<\/span><span class=\"meta-nav\"> &#8250;<\/span><\/a><\/div>\n<p><!-- end of .read-more --><\/p>\n","protected":false},"featured_media":44314,"template":"","meta":{"_acf_changed":false},"product_brand":[],"product_cat":[155],"product_tag":[],"class_list":{"0":"post-44320","1":"product","2":"type-product","3":"status-publish","4":"has-post-thumbnail","6":"product_cat-prodotti-parrot","8":"first","9":"instock","10":"taxable","11":"shipping-taxable","12":"purchasable","13":"product-type-simple"},"acf":[],"_links":{"self":[{"href":"https:\/\/marshallradio.com\/eu\/wp-json\/wp\/v2\/product\/44320","targetHints":{"allow":["GET"]}}],"collection":[{"href":"https:\/\/marshallradio.com\/eu\/wp-json\/wp\/v2\/product"}],"about":[{"href":"https:\/\/marshallradio.com\/eu\/wp-json\/wp\/v2\/types\/product"}],"wp:featuredmedia":[{"embeddable":true,"href":"https:\/\/marshallradio.com\/eu\/wp-json\/wp\/v2\/media\/44314"}],"wp:attachment":[{"href":"https:\/\/marshallradio.com\/eu\/wp-json\/wp\/v2\/media?parent=44320"}],"wp:term":[{"taxonomy":"product_brand","embeddable":true,"href":"https:\/\/marshallradio.com\/eu\/wp-json\/wp\/v2\/product_brand?post=44320"},{"taxonomy":"product_cat","embeddable":true,"href":"https:\/\/marshallradio.com\/eu\/wp-json\/wp\/v2\/product_cat?post=44320"},{"taxonomy":"product_tag","embeddable":true,"href":"https:\/\/marshallradio.com\/eu\/wp-json\/wp\/v2\/product_tag?post=44320"}],"curies":[{"name":"wp","href":"https:\/\/api.w.org\/{rel}","templated":true}]}}