
{"id":46627,"date":"2022-03-11T17:16:54","date_gmt":"2022-03-11T17:16:54","guid":{"rendered":"https:\/\/marshallradio.com\/eu\/?post_type=product&#038;p=46627"},"modified":"2026-03-26T18:45:43","modified_gmt":"2026-03-26T18:45:43","slug":"marshall-turbo-sistema-gps","status":"publish","type":"product","link":"https:\/\/marshallradio.com\/eu\/product\/marshall-turbo-sistema-gps\/?lang=es","title":{"rendered":"Marshall Turbo Sistema GPS"},"content":{"rendered":"<p><img loading=\"lazy\" decoding=\"async\" class=\"alignnone size-full wp-image-50155\" src=\"https:\/\/marshallradio.com\/uk\/wp-content\/uploads\/sites\/2\/2023\/02\/ES-Guessing-BLK.png\" alt=\"\" width=\"2239\" height=\"177\" \/><\/p>\n<p><img loading=\"lazy\" decoding=\"async\" class=\"alignnone size-full wp-image-50023\" src=\"https:\/\/marshallradio.com\/uk\/wp-content\/uploads\/sites\/2\/2023\/02\/Intro-2.jpg\" alt=\"\" width=\"2249\" height=\"1764\" \/><\/p>\n<p><img loading=\"lazy\" decoding=\"async\" class=\"alignnone size-full wp-image-50147\" src=\"https:\/\/marshallradio.com\/uk\/wp-content\/uploads\/sites\/2\/2023\/02\/ES-Bird-Flying-description2.jpg\" alt=\"\" width=\"2252\" height=\"700\" \/><\/p>\n<p><img loading=\"lazy\" decoding=\"async\" class=\"alignnone size-full wp-image-50159\" src=\"https:\/\/marshallradio.com\/uk\/wp-content\/uploads\/sites\/2\/2023\/02\/ES-Internet-BLK.png\" alt=\"\" width=\"2239\" height=\"183\" \/><\/p>\n<p><img loading=\"lazy\" decoding=\"async\" class=\"alignnone size-full wp-image-34452\" src=\"https:\/\/marshallradio.com\/uk\/wp-content\/uploads\/sites\/2\/2019\/11\/Steve-Firefly-21-e1573147547897.jpg\" alt=\"\" width=\"1950\" height=\"648\" \/><\/p>\n<p><img loading=\"lazy\" decoding=\"async\" class=\"alignnone size-full wp-image-50151\" src=\"https:\/\/marshallradio.com\/uk\/wp-content\/uploads\/sites\/2\/2023\/02\/ES-Components.png\" alt=\"\" width=\"2251\" height=\"733\" \/><\/p>\n<h2>\u00a1RESPONDAMOS TUS PREGUNTAS!<\/h2>\n<hr \/>\n<h3>+ \u00bfQU\u00c9 ES EL SISTEMA GPS?<\/h3>\n<p><img loading=\"lazy\" decoding=\"async\" class=\"alignnone size-full wp-image-49751\" src=\"https:\/\/marshallradio.com\/uk\/wp-content\/uploads\/sites\/2\/2023\/01\/three-components-image-description.png\" alt=\"\" width=\"2249\" height=\"957\" \/><\/p>\n<p><strong>TRANSMISOR TURBO-GPS<\/strong><\/p>\n<p>El transmisor Turbo-GPS tiene el mismo tama\u00f1o, forma y peso que nuestros transmisores de telemetr\u00eda tradicionales, pero tambi\u00e9n alberga un peque\u00f1o receptor GPS. Alimentado por &#8220;tapas&#8221; de bater\u00edas recargables intercambiables, puede comenzar cada vuelo con una carga completa, proporcionando el m\u00e1ximo tiempo de ejecuci\u00f3n y seguridad. Mecanizado con precisi\u00f3n a partir de aluminio aeron\u00e1utico, el transmisor es peque\u00f1o y ligero, a la vez que extremadamente resistente.<\/p>\n<p><strong>POCKETLINK<\/strong><\/p>\n<p>El receptor de datos Pocketlink: recibe los datos GPS de su Turbo GPS y los env\u00eda a su tel\u00e9fono inteligente a trav\u00e9s de Bluetooth. El Pocketlink tiene aproximadamente el tama\u00f1o de una baraja de cartas, est\u00e1 mecanizado en aluminio billet, es resistente al agua e integra una bater\u00eda recargable de alta capacidad para m\u00e1s de 30 horas de uso entre cargas.<\/p>\n<p><strong>APLICACI\u00d3N AEROVISI\u00d3N<\/strong><\/p>\n<p>Vea sus vuelos y estad\u00edsticas en vivo en la aplicaci\u00f3n AeroVision (iOS + Android Beta). Controla el modo de tus transmisores GPS; p\u00f3ngalo en reposo para ahorrar bater\u00eda o aumentar el rendimiento del GPS para obtener lo \u00faltimo en vuelos grabados. AeroVision se ha sometido a a\u00f1os de uso y perfeccionamiento rigurosos, lo que proporciona una experiencia de usuario amigable y f\u00e1cil de usar.<\/p>\n<p>Elija entre im\u00e1genes satelitales, calles o mapas de vista del terreno para ver la ubicaci\u00f3n exacta y la ruta de vuelo de su ave. Adem\u00e1s de las pistas y el mapeo, Marshall GPS proporciona estad\u00edsticas de vuelo (velocidad, altitud, distancia recorrida), as\u00ed como una pr\u00e1ctica funci\u00f3n de br\u00fajula que proporciona la distancia y la direcci\u00f3n a su ave.<\/p>\n<hr \/>\n<h3>+ \u00bfCOMO FUNCIONA?<\/h3>\n<p>Con una vista despejada del cielo, el Turbo-GPS adquiere su posici\u00f3n y luego env\u00eda estos datos a trav\u00e9s de la se\u00f1al de RF (radiofrecuencia) &#8220;Direct Connect&#8221; al PocketLink. Luego, PocketLink reenv\u00eda estos datos a trav\u00e9s de Bluetooth a AeroVision que se ejecuta en su dispositivo inteligente. Un solo PocketLink puede rastrear simult\u00e1neamente hasta 5 transmisores Turbo GPS; perfecto para usuarios con m\u00faltiples p\u00e1jaros y aquellos que vuelan un yeso. Los m\u00faltiples modos de seguimiento se pueden seleccionar f\u00e1cilmente dentro de la aplicaci\u00f3n, lo que permite al usuario personalizar el sistema sobre la marcha para lograr la mayor precisi\u00f3n para el entrenamiento o una mayor duraci\u00f3n de la bater\u00eda para recuperaciones prolongadas.<\/p>\n<p>Una caracter\u00edstica importante del Turbo-GPS es ajustar de forma inteligente la potencia de salida y activar el Modo Turbo (aumentando el rango de seguimiento y al mismo tiempo ralentizando las actualizaciones de GPS) cuando el transmisor vuela fuera del alcance del PocketLink. Turbo proporciona un aumento de 2-3X en el rango, con un impacto m\u00ednimo en la duraci\u00f3n de la bater\u00eda. Cuando el transmisor vuelve al rango de PocketLink, vuelve autom\u00e1ticamente al rango de actualizaci\u00f3n de GPS est\u00e1ndar.<\/p>\n<p>Para un rango a\u00fan mayor cuando el ave est\u00e1 en el suelo, el Turbo-GPS tambi\u00e9n env\u00eda una se\u00f1al de &#8220;pitido&#8221; de telemetr\u00eda tradicional que puede ser rastreada por el <a href=\"https:\/\/marshallradio.com\/eu\/producto\/field-marshall-digital-tracking-receiver-uhf\/?lang=es\">Receptor de radiogoniometr\u00eda UHF Field Marshall<\/a>.<\/p>\n<p>El Pocketlink se puede usar con la antena de campo incluida para una m\u00e1xima portabilidad o conectado al High Gain Omni opcional para un rango extendido mientras se realiza el seguimiento desde el autom\u00f3vil, proporcionando el doble de rango de seguimiento. A <a href=\"https:\/\/marshallradio.com\/eu\/producto\/antena-omnidireccional\/?lang=es\">Omni de alta ganancia<\/a> Se recomienda para todos los usuarios.<\/p>\n<p><strong>ESPECIFICACIONES DEL TRANSMISOR TURBO-GPS<\/strong><\/p>\n<ul>\n<li>Peso: 9 gramos incl. bater\u00eda<\/li>\n<li>Bater\u00eda: bater\u00eda de litio recargable (cambiable por el usuario con repuesto)<\/li>\n<li>Duraci\u00f3n de la bater\u00eda: 2-3 d\u00edas con modos configurables para permitir hasta 7 d\u00edas<\/li>\n<li>Antena: l\u00e1tigo de 7 pulgadas<\/li>\n<\/ul>\n<p><strong>POCKETLINK ESPECIFICACIONES<\/strong><\/p>\n<ul>\n<li>Peso: 250 gramos<\/li>\n<li>Bater\u00eda utilizada: 3.7V LiPo interna (recargable a trav\u00e9s del cable Micro USB provisto)<\/li>\n<li>Duraci\u00f3n de la bater\u00eda: m\u00e1s de 30 horas<\/li>\n<li>Conexi\u00f3n de antena: SMA<\/li>\n<li>Rango de Bluetooth: hasta 50 pies al tel\u00e9fono\/tableta<\/li>\n<\/ul>\n<hr \/>\n<h3>+ \u00bfPOR QU\u00c9 EL SISTEMA GPS DE MARSHALL RADIO ES DIFERENTE A OTROS DISPOSITIVOS GPS PARA CETREROS?<\/h3>\n<p>\u00a1Nada es m\u00e1s r\u00e1pido o m\u00e1s f\u00e1cil de usar para rastrear y recuperar a su ave!<\/p>\n<ul>\n<li>Mayor rango de GPS Direct Connect de cualquier sistema<\/li>\n<li>El dise\u00f1o m\u00e1s peque\u00f1o y resistente, que brinda la experiencia de GPS m\u00e1s confiable posible.<\/li>\n<li>Bater\u00edas intercambiables: comience cada vuelo con una bater\u00eda completamente cargada.<\/li>\n<li>Montaje configurable por el usuario: cambie f\u00e1cilmente de la cola a la espalda, a la pierna o al cuello directamente en el campo.<\/li>\n<li>Conexi\u00f3n RF directa: no depende de torres m\u00f3viles cercanas, por lo que puede usarse en cualquier parte del mundo sin temor a las &#8220;zonas muertas&#8221;. No es necesario mantener una tarjeta SIM, por lo tanto, no se requieren problemas de impermeabilizaci\u00f3n ni costos adicionales por solicitudes de texto, etc. para operarlo. Simple. Confiable.<\/li>\n<li>Actualizaciones de GPS en tiempo real: respuesta no retrasada o irregular esperando un SMS. Ves d\u00f3nde est\u00e1 tu p\u00e1jaro ahora, no solo d\u00f3nde estaba.<\/li>\n<li>Seguimiento en vivo de hasta 5 transmisores, simult\u00e1neamente.<\/li>\n<li>La mejor aplicaci\u00f3n de su clase con mapas sin conexi\u00f3n desarrollados internamente: hace que sea un placer ver el vuelo, no una distracci\u00f3n. Tambi\u00e9n puede compartir sus vuelos en vivo con sus amigos o reproducirlos en 3D.<\/li>\n<li>Garant\u00edas pendientes. Marshall Radio Telemetry garantiza que sus transmisores PocketLinks y GPS Turbo est\u00e1n libres de defectos de mano de obra y materiales durante tres (3) a\u00f1os en piezas mec\u00e1nicas y m\u00f3viles, y tres (3) a\u00f1os en electr\u00f3nica a partir de la fecha de compra.<\/li>\n<li>Servicio de atenci\u00f3n al cliente impecable. Marshall Radio tiene atenci\u00f3n al cliente en todo el mundo con acceso a nuestros grupos de soporte en Facebook, as\u00ed como soporte localizado en EE. UU., Reino Unido, Espa\u00f1a, Alemania y los Emiratos \u00c1rabes Unidos.<\/li>\n<\/ul>\n<hr \/>\n<h3>+ \u00bfC\u00d3MO FUNCIONA SIN SERVICIO CELULAR?<\/h3>\n<p>\u00a1El sistema Marshall GPS puede funcionar en cualquier parte del mundo! Si est\u00e1 utilizando su sistema fuera de la cobertura celular o en \u00e1reas de cobertura irregular, puede descargar los mapas de sus lugares de caza favoritos para usarlos sin conexi\u00f3n.<\/p>\n<p><img loading=\"lazy\" decoding=\"async\" class=\"alignnone size-full wp-image-49985\" src=\"https:\/\/marshallradio.com\/uk\/wp-content\/uploads\/sites\/2\/2023\/02\/GPS-System-Diagram-Illustration-2.png\" alt=\"\" width=\"2240\" height=\"1444\" \/><\/p>\n<p>Conexi\u00f3n RF directa: no depende de torres m\u00f3viles cercanas, por lo que puede usarse en cualquier parte del mundo sin temor a las &#8220;zonas muertas&#8221;. No es necesario mantener una tarjeta SIM, por lo tanto, no se requieren problemas de impermeabilizaci\u00f3n ni costos adicionales por solicitudes de texto, etc. para operarlo. Simple. Confiable.<\/p>\n<p>Actualizaciones de GPS en tiempo real: respuesta no retrasada o irregular esperando un SMS. Ves d\u00f3nde est\u00e1 tu p\u00e1jaro ahora, no solo d\u00f3nde estaba.<\/p>\n<hr \/>\n<h3>+ ART\u00cdCULOS PARA AGREGAR A SU SISTEMA<\/h3>\n<p><strong> \u00bfPor qu\u00e9 querr\u00eda agregar el receptor UHF adicional a su sistema?<\/strong><\/p>\n<p><a href=\"https:\/\/marshallradio.com\/eu\/producto\/field-marshall-digital-tracking-receiver-uhf\/?lang=es\">El receptor de UHF Field Marshall<\/a> le permite rastrear la se\u00f1al de pitido de su transmisor GPS cuando est\u00e1 en &#8220;Modo Plan B&#8221;. Tambi\u00e9n es necesario para rastrear su receptor de telemetr\u00eda regular UHF de respaldo.*<\/p>\n<p>*Marshall siempre recomienda volar con dos transmisores. Un transmisor de telemetr\u00eda tradicional de larga duraci\u00f3n complementa perfectamente el sistema GPS.<\/p>\n<p><strong> \u00bfPor qu\u00e9 querr\u00eda agregar el adicional <a href=\"https:\/\/marshallradio.com\/eu\/producto\/antena-omnidireccional\/?lang=es\">Antena UHF Omni de alta ganancia<\/a>? <\/strong><\/p>\n<p>El uso de la antena Omni de alta ganancia cuando se conecta al Pocketlink aumentar\u00e1 el alcance de 2 a 3 veces el de la antena de campo PocketLink est\u00e1ndar.<\/p>\n<p>El PocketLink utiliza un conector SMA para una conexi\u00f3n r\u00e1pida a la antena UHF Omni de alta ganancia de Marshall.<\/p>\n<p>Tambi\u00e9n disponible como una opci\u00f3n para aquellos que se alejan del autom\u00f3vil es un <a href=\"https:\/\/marshallradio.com\/eu\/producto\/cables-de-repuesto-para-receptores\/?lang=es\">Cable adaptador SMA-SMB<\/a> eso permite que el UHF Yagi en su receptor UHF Field Marshall se use para aumentar el rango mientras est\u00e1 a pie en el campo. Cualquiera de estas opciones de antena proporciona un mayor alcance a su sistema GPS.<\/p>\n<hr \/>\n<h3>+ \u00bfCU\u00c1L ES LA DURACI\u00d3N DE LA BATER\u00cdA?<\/h3>\n<p><strong> \u00bfCu\u00e1l es la duraci\u00f3n t\u00edpica de la bater\u00eda del transmisor Turbo GPS? <\/strong><\/p>\n<p>Los modos configurables por el usuario disponibles en AeroVision permiten que el Turbo GPS funcione hasta una semana con una bater\u00eda recargable. Puede combinar los modos para configurarlos durante varias horas de GPS de alta actualizaci\u00f3n m\u00e1s muchas horas de seguimiento de tasa de actualizaci\u00f3n m\u00e1s baja. Configuraci\u00f3n predeterminada, la duraci\u00f3n de la bater\u00eda es de 2-3 d\u00edas.<\/p>\n<p><strong>\u00bfCu\u00e1l es la duraci\u00f3n t\u00edpica de la bater\u00eda del Pocketlink?<\/strong><\/p>\n<p>La bater\u00eda de litio interna de PocketLink proporciona m\u00e1s de 30 horas de funcionamiento. Se carga a trav\u00e9s de micro-USB. La bater\u00eda interna tiene inteligencia incorporada y no tiene &#8220;memoria&#8221;, lo que le permite dejarla enchufada en el veh\u00edculo en todo momento para permanecer &#8220;llena&#8221; y lista para usar en el campo.<\/p>\n<hr \/>\n<h3>+ \u00bfCU\u00c1L ES EL RANGO T\u00cdPICO?<\/h3>\n<p>El rango de espacio libre var\u00eda seg\u00fan el terreno, la elevaci\u00f3n y los obst\u00e1culos. En promedio, debe esperar:<\/p>\n<ul>\n<li>Rango de seguimiento de datos Turbo GPS: 2 a 100 millas*<\/li>\n<li>Rango de seguimiento Turbo RF: 5 a 200 millas**<\/li>\n<\/ul>\n<p>*Las medidas de distancia se cotizan usando el opcional <a href=\"https:\/\/marshallradio.com\/eu\/producto\/antena-omnidireccional\/?lang=es\">Antena Omni de alta ganancia<\/a>; var\u00eda seg\u00fan el terreno, la altura del ave sobre el suelo y los obst\u00e1culos.<\/p>\n<p>**Al rastrear la se\u00f1al de telemetr\u00eda de &#8220;pitido&#8221; tradicional usando el <a href=\"https:\/\/marshallradio.com\/eu\/producto\/field-marshall-digital-tracking-receiver-uhf\/?lang=es\">Receptor de radiogoniometr\u00eda UHF Field Marshall<\/a>.<\/p>\n<hr \/>\n<h3>+ \u00bfQU\u00c9 ES AEROVISI\u00d3N PREMIUM?<\/h3>\n<p>Funciones premium de Aerovision (disponibles con compras desde la aplicaci\u00f3n) $3.99\/mes o $34.99\/a\u00f1o.<\/p>\n<ul>\n<li>Almacenamiento gigante de mapas sin conexi\u00f3n: en todo el estado\/en todo el pa\u00eds: est\u00e9 preparado y descargue grandes regiones para usar donde la cobertura celular es deficiente.<\/li>\n<li>Reproducci\u00f3n en 3D: revise sus vuelos desde la perspectiva del halc\u00f3n, en relaci\u00f3n con el terreno en 3D directamente en su aplicaci\u00f3n AeroVision.<\/li>\n<li>Apple Watch: deje su tel\u00e9fono en su bolsillo y disfrute de la simplicidad de manos libres de m\u00e9tricas y br\u00fajula, directamente en su mu\u00f1eca.<\/li>\n<li>Apple CarPlay: invaluable para las recuperaciones basadas en autom\u00f3viles, convierta la pantalla habilitada para CarPlay en su veh\u00edculo en la pantalla de seguimiento de halcones definitiva. \u00a1Este es un cambio de juego para esas persecuciones de cola larga!<\/li>\n<\/ul>\n<p><img loading=\"lazy\" decoding=\"async\" class=\"alignnone size-full wp-image-50143\" src=\"https:\/\/marshallradio.com\/uk\/wp-content\/uploads\/sites\/2\/2023\/02\/ES-Aerovision-3D-playback-premium.png\" alt=\"\" width=\"2250\" height=\"864\" \/><\/p>\n<hr \/>\n<h3>+ \u00bfCU\u00c1LES SON LOS M\u00c9TODOS DE MONTAJE?<\/h3>\n<p>El sistema Marshall GPS puede cambiar f\u00e1cilmente las monturas de la cola a la espalda, la pierna o el cuello directamente en el campo. Obtenga m\u00e1s informaci\u00f3n sobre los diferentes <a href=\"https:\/\/marshallradio.com\/eu\/empresa\/metodos-de-montaje\/?lang=es\">m\u00e9todos de montaje<\/a>.<\/p>\n<p><img loading=\"lazy\" decoding=\"async\" class=\"alignnone size-full wp-image-50002\" src=\"https:\/\/marshallradio.com\/uk\/wp-content\/uploads\/sites\/2\/2023\/02\/Images.png\" alt=\"\" width=\"2252\" height=\"699\" \/><\/p>\n<hr \/>\n<h3>+ \u00bfC\u00d3MO QUITO EL MUELLE DE COLA DEL TRANSMISOR GPS?<\/h3>\n<p><strong> Todos los transmisores vienen con un resorte trasero.<\/strong><\/p>\n<p>Para quitar, desenrosque el protector de antena. Hay una arandela azul que sostiene el resorte. Tire del resorte y la arandela hacia abajo, mu\u00e9valo hacia adelante y hacia atr\u00e1s hasta que la arandela y el resorte se suelten. Despu\u00e9s de quitar el resorte, vuelva a instalar la arandela y el protector de antena. Guarde el resorte para convertir f\u00e1cilmente su transmisor para un uso de cola\/Trackpack en el futuro.<\/p>\n<p><img loading=\"lazy\" decoding=\"async\" class=\"alignnone size-full wp-image-50019\" src=\"https:\/\/marshallradio.com\/uk\/wp-content\/uploads\/sites\/2\/2023\/02\/Washer-photo.jpg\" alt=\"\" width=\"2292\" height=\"1020\" \/><\/p>\n<hr \/>\n<h3>+ \u00bfY SI NECESITO AYUDA?<\/h3>\n<p>Echa un vistazo a los &#8220;Videos tutoriales&#8221;. Estos se pueden encontrar dentro de su aplicaci\u00f3n AeroVision cerca de la parte superior en el men\u00fa de configuraci\u00f3n. <a href=\"https:\/\/marshallradio.com\/ww\/videos-2\/videos-tutoriales-es-2\/?lang=es\">Estos videos tambi\u00e9n se pueden encontrar aqu\u00ed<\/a>.<\/p>\n<p>\u00danase a nuestros grupos de Facebook de redes sociales. En estos grupos, puede encontrar ayuda continua y soporte t\u00e9cnico. Obtendr\u00e1 respuestas a preguntas directamente de la empresa, as\u00ed como de otros usuarios con experiencia. (Estos son grupos cerrados y se le har\u00e1n preguntas para unirse al grupo).<\/p>\n<ul>\n<li><a href=\"https:\/\/www.facebook.com\/groups\/421993581592484\">Marshall Cetrer\u00eda<\/a><\/li>\n<li><a href=\"https:\/\/m.facebook.com\/groups\/1503413286649295\">Marshall GPS Flight Group<\/a><\/li>\n<li><a href=\"https:\/\/m.facebook.com\/groups\/682180571938954\">Marshall GPS Support Group<\/a><\/li>\n<\/ul>\n<p>\u00bfNecesita ayuda adicional? Puede comunicarse con nosotros directamente a trav\u00e9s de nuestro <a href=\"https:\/\/marshallradio.com\/eu\/contactenos\/?lang=es\">Cont\u00e1ctenos P\u00e1gina<\/a>.<\/p>\n<hr \/>\n<h3>+ DISPOSITIVOS M\u00d3VILES COMPATIBLES PARA USAR CON EL SISTEMA<\/h3>\n<p><img loading=\"lazy\" decoding=\"async\" class=\"alignnone size-full wp-image-50163\" src=\"https:\/\/marshallradio.com\/uk\/wp-content\/uploads\/sites\/2\/2023\/02\/ES-Smart-Devices-Mobile.png\" alt=\"\" width=\"2274\" height=\"628\" \/><\/p>\n<p><strong>La aplicaci\u00f3n AeroVision 6 en iOS<\/strong> (descargable desde la App Store) requiere<\/p>\n<p>Hardware m\u00ednimo (con iOS 17 o posterior)<\/p>\n<ul>\n<li>iPad Mini: 5.\u00aa generaci\u00f3n o posterior (*habilitado para celulares)<\/li>\n<li>iPad de 6.\u00aa generaci\u00f3n o posterior (*habilitado para celulares)<\/li>\n<li>iPhone: 11 y m\u00e1s reciente<\/li>\n<\/ul>\n<p>Hardware recomendado<\/p>\n<ul>\n<li>iPad Mini (nueva versi\u00f3n 2021) o posterior (*habilitado para celular)<\/li>\n<li>iPhone 12 Max o posterior<\/li>\n<\/ul>\n<p><strong>Aplicaci\u00f3n AeroVision 6 en Android<\/strong> (descargable desde Google Play Store)<\/p>\n<p>Dise\u00f1ada para funcionar en tel\u00e9fonos y tabletas de gama alta, espec\u00edficamente modelos con procesadores r\u00e1pidos, GPS interno, magnet\u00f3metros internos (br\u00fajula), conectividad BTLE y que ejecutan una de las \u00faltimas versiones del sistema operativo Android (11-14)<\/p>\n<p>Dispositivos con soporte oficial<\/p>\n<ul>\n<li>Samsung serie S S21 y posteriores<\/li>\n<li>Samsung serie A A52 y posteriores (las series AoX, A1x, y A2x no son compatibles)<\/li>\n<li>Google Pixel 6 y versiones posteriores<br \/>\nOtros dispositivos pueden funcionar, pero no se pueden garantizar<\/li>\n<\/ul>\n<p>*Nota: Marshall Radio no vende productos Apple y Android. Tambi\u00e9n importante: se requiere una tableta habilitada para celular para que tenga las funciones de GPS necesarias. Sin embargo, no necesita habilitar un plan de datos m\u00f3viles para usar AeroVision.<\/p>\n","protected":false},"excerpt":{"rendered":"<p><strong>Marshall GPS Turbo System viene con los siguientes art\u00edculos con opciones para actualizar<\/strong><\/p>\n<ul>\n<li style=\"list-style-type: none\">\n<ul>\n<li>Un transmisor Turbo-GPS<\/li>\n<li>Un receptor de datos Pocketlink<\/li>\n<li>Varita magn\u00e9tica<\/li>\n<li>Kit cargador (incluye dos bater\u00edas recargables)<\/li>\n<li>Mini Desert Case (opci\u00f3n para actualizar Desert Case con receptor UHF (434) Field Marshall)<\/li>\n<li>Aplicaci\u00f3n AeroVision para ejecutar en su dispositivo celular o tableta<\/li>\n<\/ul>\n<\/li>\n<\/ul>\n<hr \/>\n<details>\n<h3>+ M\u00e1s detalles sobre la configuraci\u00f3n de su sistema<\/h3>\n<h3>Actualizaciones y accesorios opcionales<\/h3>\n<p><strong>M\u00e9todos de montaje<\/strong><br \/>\n<a href=\"https:\/\/marshallradio.com\/eu\/empresa\/metodos-de-montaje\/?lang=es\">Haga clic aqu\u00ed para obtener m\u00e1s informaci\u00f3n sobre los diferentes soportes<\/a><br \/>\n<strong>Bater\u00eda adicional<\/strong><br \/>\nSi tiene m\u00e1s de un ave, se recomienda agregar una bater\u00eda adicional para asegurarse de tener siempre una bater\u00eda de respaldo completamente cargada.<br \/>\n<strong>El receptor del mariscal de campo<\/strong><br \/>\n*Add a <a href=\"https:\/\/marshallradio.com\/eu\/producto\/field-marshall-digital-tracking-receiver-uhf\/?lang=es\">Receptor Marshall de campo<\/a> a su equipo por un paquete de descuento!*<br \/>\n<strong>Antena omnidireccional UHF<\/strong><br \/>\n<a href=\"https:\/\/marshallradio.com\/eu\/producto\/antena-omnidireccional\/?lang=es\">Duplica el alcance de los equipos GPS y UHF<\/a>.<\/p>\n<\/details>\n<hr \/>\n<div class=\"read-more\"><a href=\"https:\/\/marshallradio.com\/eu\/product\/marshall-turbo-sistema-gps\/?lang=es\">Read more <span class=\"screen-reader-text\">Marshall Turbo Sistema GPS<\/span><span class=\"meta-nav\"> &#8250;<\/span><\/a><\/div>\n<p><!-- end of .read-more --><\/p>\n","protected":false},"featured_media":39743,"template":"","meta":{"_acf_changed":false},"product_brand":[],"product_cat":[77],"product_tag":[],"class_list":{"0":"post-46627","1":"product","2":"type-product","3":"status-publish","4":"has-post-thumbnail","6":"product_cat-sistema-gps-es","8":"first","9":"instock","10":"taxable","11":"shipping-taxable","12":"purchasable","13":"product-type-variable"},"acf":[],"_links":{"self":[{"href":"https:\/\/marshallradio.com\/eu\/wp-json\/wp\/v2\/product\/46627","targetHints":{"allow":["GET"]}}],"collection":[{"href":"https:\/\/marshallradio.com\/eu\/wp-json\/wp\/v2\/product"}],"about":[{"href":"https:\/\/marshallradio.com\/eu\/wp-json\/wp\/v2\/types\/product"}],"wp:featuredmedia":[{"embeddable":true,"href":"https:\/\/marshallradio.com\/eu\/wp-json\/wp\/v2\/media\/39743"}],"wp:attachment":[{"href":"https:\/\/marshallradio.com\/eu\/wp-json\/wp\/v2\/media?parent=46627"}],"wp:term":[{"taxonomy":"product_brand","embeddable":true,"href":"https:\/\/marshallradio.com\/eu\/wp-json\/wp\/v2\/product_brand?post=46627"},{"taxonomy":"product_cat","embeddable":true,"href":"https:\/\/marshallradio.com\/eu\/wp-json\/wp\/v2\/product_cat?post=46627"},{"taxonomy":"product_tag","embeddable":true,"href":"https:\/\/marshallradio.com\/eu\/wp-json\/wp\/v2\/product_tag?post=46627"}],"curies":[{"name":"wp","href":"https:\/\/api.w.org\/{rel}","templated":true}]}}