
{"id":47519,"date":"2020-06-01T19:34:11","date_gmt":"2020-06-01T19:34:11","guid":{"rendered":"https:\/\/marshallradio.com\/eu\/product\/services-du-systeme-gps\/"},"modified":"2024-02-15T19:23:05","modified_gmt":"2024-02-15T19:23:05","slug":"services-du-systeme-gps","status":"publish","type":"product","link":"https:\/\/marshallradio.com\/eu\/product\/services-du-systeme-gps\/?lang=fr","title":{"rendered":"Services du syst\u00e8me GPS"},"content":{"rendered":"<p><strong>Services du syst\u00e8me GPS<\/strong> \u20ac115 chaque: comprend une nouvelle antenne, un nouveau ressort arri\u00e8re, des contacts de batterie nettoy\u00e9s de votre ou vos \u00e9metteurs GPS, des contacts de batterie nettoy\u00e9s des bases de chargeur et des tests de performance globale de votre syst\u00e8me GPS complet (Pocketlink, \u00e9metteurs GPS et rechargeables).<\/p>\n<p>Vous serez responsable de l&#8217;exp\u00e9dition de vos articles pour les services.<br \/>\nLes frais de service du syst\u00e8me GPS test\u00e9 ne seront pas annul\u00e9s ou appliqu\u00e9s au(x) remplacement(s) de l&#8217;\u00e9quipement endommag\u00e9 en dehors de notre garantie.<\/p>\n<p>Vous serez factur\u00e9 pour l&#8217;exp\u00e9dition \u00e0 la caisse pour ce service, vous n&#8217;aurez donc pas \u00e0 payer l&#8217;exp\u00e9dition du ou des articles lorsqu&#8217;ils seront pr\u00eats \u00e0 \u00eatre retourn\u00e9s. Si vous souhaitez commander des articles suppl\u00e9mentaires avec l&#8217;achat de ces services, vos articles suppl\u00e9mentaires seront conserv\u00e9s jusqu&#8217;\u00e0 ce que nous puissions vous les renvoyer ensemble. Si vous avez besoin des articles suppl\u00e9mentaires plus t\u00f4t, vous devrez passer une commande s\u00e9par\u00e9e ou vous serez factur\u00e9 pour que ces articles soient envoy\u00e9s s\u00e9par\u00e9ment de vos articles r\u00e9par\u00e9s.<\/p>\n<p><strong>Suggestions entre les saisons<\/strong><br \/>\nCes \u00e9tapes simples pour ranger votre \u00e9quipement pendant la saison morte aideront \u00e0 prolonger la dur\u00e9e de vie de votre \u00e9quipement de suivi.<\/p>\n<p>Inspectez vos antennes et remplacez celles qui sont pli\u00e9es, endommag\u00e9es ou qui pr\u00e9sentent des filaments m\u00e9talliques expos\u00e9s<br \/>\nEnlevez toute salet\u00e9 ou d\u00e9bris du colportage de la saison pr\u00e9c\u00e9dente.<br \/>\nChargez compl\u00e8tement votre PocketLink et les piles rechargeables avant de les ranger pour l&#8217;intersaison.<br \/>\nPlacez les unit\u00e9s GPS dans le Desert Case, o\u00f9 l&#8217;\u00e9quipement sera \u00e0 l&#8217;abri des dommages, puis rangez-les dans un endroit frais et sec.<\/p>\n<p><strong>Si vous achetez nos services, veuillez envoyer vos articles dans les 3 \u00e0 4 semaines suivant la date d&#8217;achat.<\/strong> Si vos articles ne sont pas re\u00e7us dans ce d\u00e9lai, nous essaierons de vous contacter pour des mises \u00e0 jour. Les achats de services seront automatiquement rembours\u00e9s dans un d\u00e9lai de 4 semaines si nous n&#8217;avons pas re\u00e7u vos articles dans ce d\u00e9lai et n&#8217;avons pas re\u00e7u de mise \u00e0 jour. Si vos articles sont envoy\u00e9s apr\u00e8s le traitement d&#8217;un remboursement, vous serez contact\u00e9 pour payer les services re\u00e7us.<\/p>\n<p>Lorsque vous envoyez des articles de r\u00e9paration au Royaume-Uni, veuillez indiquer sur les formulaires de douane qu&#8217;il s&#8217;agit d&#8217;un retour pour r\u00e9paration. Veuillez noter que tous les frais de douane pour les articles envoy\u00e9s \u00e0 Marshall doivent \u00eatre couverts par l&#8217;exp\u00e9diteur. Si les frais de douane ne sont pas pay\u00e9s, cela peut entra\u00eener un retard ou le retour de votre mat\u00e9riel. Si vous rencontrez des probl\u00e8mes ou avez besoin de plus amples informations, veuillez nous contacter et nous vous aiderons \u00e0 travers les formulaires de d\u00e9claration en douane.<br \/>\n<strong>Les douanes doivent d\u00e9clarer uniquement le co\u00fbt de la r\u00e9paration, et non le co\u00fbt total de l&#8217;\u00e9quipement renvoy\u00e9.<\/strong><\/p>\n","protected":false},"excerpt":{"rendered":"<p>Lorsque vous n&#8217;avez pas activement besoin de votre \u00e9quipement, c&#8217;est le moment id\u00e9al pour nous faire v\u00e9rifier, nettoyer et tester votre \u00e9quipement.<\/p>\n<div class=\"read-more\"><a href=\"https:\/\/marshallradio.com\/eu\/product\/services-du-systeme-gps\/?lang=fr\">Read more <span class=\"screen-reader-text\">Services du syst\u00e8me GPS<\/span><span class=\"meta-nav\"> &#8250;<\/span><\/a><\/div>\n<p><!-- end of .read-more --><\/p>\n","protected":false},"featured_media":40256,"template":"","meta":{"_acf_changed":false},"product_brand":[],"product_cat":[143],"product_tag":[],"class_list":{"0":"post-47519","1":"product","2":"type-product","3":"status-publish","4":"has-post-thumbnail","6":"product_cat-prestations-de-service","8":"first","9":"instock","10":"taxable","11":"shipping-taxable","12":"purchasable","13":"product-type-simple"},"acf":[],"_links":{"self":[{"href":"https:\/\/marshallradio.com\/eu\/wp-json\/wp\/v2\/product\/47519","targetHints":{"allow":["GET"]}}],"collection":[{"href":"https:\/\/marshallradio.com\/eu\/wp-json\/wp\/v2\/product"}],"about":[{"href":"https:\/\/marshallradio.com\/eu\/wp-json\/wp\/v2\/types\/product"}],"wp:featuredmedia":[{"embeddable":true,"href":"https:\/\/marshallradio.com\/eu\/wp-json\/wp\/v2\/media\/40256"}],"wp:attachment":[{"href":"https:\/\/marshallradio.com\/eu\/wp-json\/wp\/v2\/media?parent=47519"}],"wp:term":[{"taxonomy":"product_brand","embeddable":true,"href":"https:\/\/marshallradio.com\/eu\/wp-json\/wp\/v2\/product_brand?post=47519"},{"taxonomy":"product_cat","embeddable":true,"href":"https:\/\/marshallradio.com\/eu\/wp-json\/wp\/v2\/product_cat?post=47519"},{"taxonomy":"product_tag","embeddable":true,"href":"https:\/\/marshallradio.com\/eu\/wp-json\/wp\/v2\/product_tag?post=47519"}],"curies":[{"name":"wp","href":"https:\/\/api.w.org\/{rel}","templated":true}]}}