
{"id":47520,"date":"2020-06-01T19:34:11","date_gmt":"2020-06-01T19:34:11","guid":{"rendered":"https:\/\/marshallradio.com\/eu\/product\/gps-systemdienste\/"},"modified":"2024-02-15T19:23:33","modified_gmt":"2024-02-15T19:23:33","slug":"gps-systemdienste","status":"publish","type":"product","link":"https:\/\/marshallradio.com\/eu\/product\/gps-systemdienste\/?lang=de","title":{"rendered":"GPS-Systemdienste"},"content":{"rendered":"<p><strong>GPS-Systemdienste<\/strong> \u20ac115 jeder: umfasst eine neue Antenne, eine neue Heckfeder, gereinigte Batteriekontakte Ihres\/Ihrer GPS-Sender, gereinigte Batteriekontakte der Ladestationen und einen Gesamtleistungstest Ihres vollst\u00e4ndigen GPS-Systems (Pocketlink, GPS-Sender und Akkus).<\/p>\n<p>Sie sind f\u00fcr den Versand Ihrer Artikel f\u00fcr die Dienstleistungen verantwortlich.<br \/>\nDie Servicegeb\u00fchr f\u00fcr das getestete GPS-System wird nicht erlassen oder auf den Ersatz besch\u00e4digter Ger\u00e4te au\u00dferhalb unserer Garantie angewendet.<\/p>\n<p>Die Versandkosten f\u00fcr diesen Service werden Ihnen an der Kasse in Rechnung gestellt, sodass Sie nicht f\u00fcr den Versand der Artikel bezahlen m\u00fcssen, wenn sie zur R\u00fcckgabe bereit sind. Wenn Sie beim Kauf dieser Dienste zus\u00e4tzliche Artikel bestellen m\u00f6chten, werden Ihre zus\u00e4tzlichen Artikel zur\u00fcckgehalten, bis wir sie alle zusammen an Sie zur\u00fccksenden k\u00f6nnen. Wenn Sie die zus\u00e4tzlichen Artikel fr\u00fcher ben\u00f6tigen, m\u00fcssen Sie eine separate Bestellung aufgeben oder es wird Ihnen berechnet, dass diese Artikel separat von Ihren gewarteten Artikeln versendet werden.<\/p>\n<p><strong>Vorschl\u00e4ge f\u00fcr die Zwischensaison<\/strong><br \/>\nDiese einfachen Schritte zur Aufbewahrung Ihrer Ausr\u00fcstung w\u00e4hrend der Nebensaison tragen dazu bei, die Lebensdauer Ihrer Ortungsausr\u00fcstung zu verl\u00e4ngern.<\/p>\n<p>\u00dcberpr\u00fcfen Sie Ihre Antennen und ersetzen Sie alle, die geknickt oder besch\u00e4digt sind oder freiliegende Metalldr\u00e4hte aufweisen<br \/>\nEntfernen Sie jeglichen Schmutz oder Ablagerungen von der Vorsaison.<br \/>\nLaden Sie Ihren PocketLink und die wiederaufladbaren Batterien vollst\u00e4ndig auf, bevor Sie ihn f\u00fcr die Nebensaison einlagern.<br \/>\nPlatzieren Sie die GPS-Ger\u00e4te im Desert Case, wo die Ausr\u00fcstung sicher vor Besch\u00e4digungen ist, und lagern Sie sie dann an einem k\u00fchlen und trockenen Ort.<\/p>\n<p><strong>Wenn Sie unsere Dienstleistungen in Anspruch nehmen, senden Sie Ihre Artikel bitte innerhalb von 3-4 Wochen ab Kaufdatum ein.<\/strong> Wenn Ihre Artikel nicht innerhalb dieser Zeit eingehen, werden wir versuchen, Sie f\u00fcr Aktualisierungen zu kontaktieren. Servicek\u00e4ufe werden innerhalb von 4 Wochen automatisch zur\u00fcckerstattet, wenn wir Ihre Artikel nicht innerhalb dieser Zeit erhalten und keine Aktualisierung erhalten haben. Wenn Ihre Artikel nach Bearbeitung einer R\u00fcckerstattung eingesandt werden, werden Sie kontaktiert, um die erhaltenen Dienstleistungen zu bezahlen.<\/p>\n<p>Wenn Sie Reparaturartikel in das Vereinigte K\u00f6nigreich versenden, geben Sie bitte auf den Zollformularen an, dass es sich um eine R\u00fccksendung zur Reparatur handelt. Bitte beachten Sie, dass alle Zollgeb\u00fchren f\u00fcr Artikel, die an Marshall gesendet werden, vom Absender zu tragen sind. Wenn die Zollgeb\u00fchren nicht bezahlt werden, kann es zu Verz\u00f6gerungen oder zur R\u00fccksendung Ihrer Ausr\u00fcstung kommen. Wenn Sie Probleme haben oder weitere Informationen ben\u00f6tigen, kontaktieren Sie uns bitte und wir helfen Ihnen bei der Beantragung der Zollanmeldungsformulare.<br \/>\n<strong>Der Zoll sollte nur die Kosten der Reparatur angeben, nicht die Gesamtkosten der zur\u00fcckgesandten Ausr\u00fcstung.<\/strong><\/p>\n","protected":false},"excerpt":{"rendered":"<p>Wenn Sie Ihre Ausr\u00fcstung nicht aktiv ben\u00f6tigen, ist es eine gute Zeit, Ihre Ausr\u00fcstung von uns \u00fcberpr\u00fcfen, reinigen und testen zu lassen.<\/p>\n<div class=\"read-more\"><a href=\"https:\/\/marshallradio.com\/eu\/product\/gps-systemdienste\/?lang=de\">Read more <span class=\"screen-reader-text\">GPS-Systemdienste<\/span><span class=\"meta-nav\"> &#8250;<\/span><\/a><\/div>\n<p><!-- end of .read-more --><\/p>\n","protected":false},"featured_media":40257,"template":"","meta":{"_acf_changed":false},"product_brand":[],"product_cat":[144],"product_tag":[],"class_list":{"0":"post-47520","1":"product","2":"type-product","3":"status-publish","4":"has-post-thumbnail","6":"product_cat-dienstleistungen","8":"first","9":"instock","10":"taxable","11":"shipping-taxable","12":"purchasable","13":"product-type-simple"},"acf":[],"_links":{"self":[{"href":"https:\/\/marshallradio.com\/eu\/wp-json\/wp\/v2\/product\/47520","targetHints":{"allow":["GET"]}}],"collection":[{"href":"https:\/\/marshallradio.com\/eu\/wp-json\/wp\/v2\/product"}],"about":[{"href":"https:\/\/marshallradio.com\/eu\/wp-json\/wp\/v2\/types\/product"}],"wp:featuredmedia":[{"embeddable":true,"href":"https:\/\/marshallradio.com\/eu\/wp-json\/wp\/v2\/media\/40257"}],"wp:attachment":[{"href":"https:\/\/marshallradio.com\/eu\/wp-json\/wp\/v2\/media?parent=47520"}],"wp:term":[{"taxonomy":"product_brand","embeddable":true,"href":"https:\/\/marshallradio.com\/eu\/wp-json\/wp\/v2\/product_brand?post=47520"},{"taxonomy":"product_cat","embeddable":true,"href":"https:\/\/marshallradio.com\/eu\/wp-json\/wp\/v2\/product_cat?post=47520"},{"taxonomy":"product_tag","embeddable":true,"href":"https:\/\/marshallradio.com\/eu\/wp-json\/wp\/v2\/product_tag?post=47520"}],"curies":[{"name":"wp","href":"https:\/\/api.w.org\/{rel}","templated":true}]}}