
{"id":47522,"date":"2020-06-01T19:34:11","date_gmt":"2020-06-01T19:34:11","guid":{"rendered":"https:\/\/marshallradio.com\/eu\/product\/servicios-del-sistema-gps\/"},"modified":"2026-05-05T18:48:35","modified_gmt":"2026-05-05T18:48:35","slug":"servicios-del-sistema-gps","status":"publish","type":"product","link":"https:\/\/marshallradio.com\/eu\/product\/servicios-del-sistema-gps\/?lang=es","title":{"rendered":"Servicios del sistema GPS"},"content":{"rendered":"<p><strong>Servicios del sistema GPS<\/strong> \u20ac120 cada: incluye antena nueva, muelle trasero nuevo, contactos de bater\u00eda limpios de su(s) transmisor(es) GPS, contactos de bater\u00eda limpios de las bases del cargador y prueba de rendimiento general de su sistema GPS completo (Pocketlink, transmisores GPS y recargables).<\/p>\n<p>Usted ser\u00e1 responsable de enviar sus art\u00edculos para los servicios.<br \/>\nLa tarifa de servicio del sistema GPS probado no se eximir\u00e1 ni se aplicar\u00e1 a los reemplazos de equipos da\u00f1ados fuera de nuestra garant\u00eda.<\/p>\n<p>Se le cobrar\u00e1 el env\u00edo al finalizar la compra por este servicio, por lo que no tendr\u00e1 que pagar el env\u00edo de los art\u00edculos cuando est\u00e9n listos para ser devueltos. Si desea pedir art\u00edculos adicionales con la compra de estos servicios, sus art\u00edculos adicionales se retendr\u00e1n hasta que podamos envi\u00e1rselos todos juntos. Si necesita los art\u00edculos adicionales antes, deber\u00e1 realizar un pedido por separado o se le cobrar\u00e1 por estos art\u00edculos que se enviar\u00e1n por separado de sus art\u00edculos reparados.<\/p>\n<p><strong>Sugerencias entre temporadas<\/strong><br \/>\nEstos sencillos pasos para almacenar su equipo durante la temporada baja ayudar\u00e1n a prolongar la vida \u00fatil de su equipo de rastreo.<\/p>\n<p>Inspeccione sus antenas y reemplace las que est\u00e9n torcidas, da\u00f1adas o que muestren filamentos de metal expuestos.<br \/>\nRetire cualquier suciedad o escombros de la cetrer\u00eda de la temporada anterior.<br \/>\nCargue completamente su PocketLink y las bater\u00edas recargables antes de guardarlas para la temporada baja.<br \/>\nColoque las unidades GPS en la caja del desierto, donde el equipo estar\u00e1 a salvo de da\u00f1os, luego gu\u00e1rdelo en un lugar fresco y seco.<\/p>\n<p><strong>Si compra nuestros servicios, env\u00ede sus art\u00edculos dentro de 3 a 4 semanas a partir de la fecha de compra.<\/strong> Si sus art\u00edculos no se reciben dentro de ese tiempo, intentaremos comunicarnos con usted para obtener actualizaciones. Las compras de servicios se reembolsar\u00e1n autom\u00e1ticamente en 4 semanas si no hemos recibido sus art\u00edculos dentro de ese tiempo y no hemos recibido una actualizaci\u00f3n. Si sus art\u00edculos se env\u00edan despu\u00e9s de que se haya procesado un reembolso, se le contactar\u00e1 para pagar los servicios recibidos.<\/p>\n<p>Cuando env\u00ede cualquier art\u00edculo de reparaci\u00f3n al Reino Unido, indique en los formularios de aduanas que se trata de una devoluci\u00f3n para reparaci\u00f3n. Tenga en cuenta que todos los aranceles aduaneros de los art\u00edculos enviados a Marshall ser\u00e1n cubiertos por el remitente. Si no se pagan los derechos de aduana, esto puede provocar un retraso o la devoluci\u00f3n de su equipo. Si tiene alg\u00fan problema o necesita m\u00e1s informaci\u00f3n, cont\u00e1ctenos y lo ayudaremos con los formularios de declaraci\u00f3n de aduanas.<br \/>\n<strong>La Aduana solo debe declarar el costo de la reparaci\u00f3n, no el costo total del equipo que se devuelve.<\/strong><\/p>\n","protected":false},"excerpt":{"rendered":"<p>Cuando no necesita activamente su equipo, es un buen momento para que revisemos, limpie y pruebe su equipo.<\/p>\n<div class=\"read-more\"><a href=\"https:\/\/marshallradio.com\/eu\/product\/servicios-del-sistema-gps\/?lang=es\">Read more <span class=\"screen-reader-text\">Servicios del sistema GPS<\/span><span class=\"meta-nav\"> &#8250;<\/span><\/a><\/div>\n<p><!-- end of .read-more --><\/p>\n","protected":false},"featured_media":40259,"template":"","meta":{"_acf_changed":false},"product_brand":[],"product_cat":[146],"product_tag":[],"class_list":{"0":"post-47522","1":"product","2":"type-product","3":"status-publish","4":"has-post-thumbnail","6":"product_cat-servicios","8":"first","9":"instock","10":"taxable","11":"shipping-taxable","12":"purchasable","13":"product-type-simple"},"acf":[],"_links":{"self":[{"href":"https:\/\/marshallradio.com\/eu\/wp-json\/wp\/v2\/product\/47522","targetHints":{"allow":["GET"]}}],"collection":[{"href":"https:\/\/marshallradio.com\/eu\/wp-json\/wp\/v2\/product"}],"about":[{"href":"https:\/\/marshallradio.com\/eu\/wp-json\/wp\/v2\/types\/product"}],"wp:featuredmedia":[{"embeddable":true,"href":"https:\/\/marshallradio.com\/eu\/wp-json\/wp\/v2\/media\/40259"}],"wp:attachment":[{"href":"https:\/\/marshallradio.com\/eu\/wp-json\/wp\/v2\/media?parent=47522"}],"wp:term":[{"taxonomy":"product_brand","embeddable":true,"href":"https:\/\/marshallradio.com\/eu\/wp-json\/wp\/v2\/product_brand?post=47522"},{"taxonomy":"product_cat","embeddable":true,"href":"https:\/\/marshallradio.com\/eu\/wp-json\/wp\/v2\/product_cat?post=47522"},{"taxonomy":"product_tag","embeddable":true,"href":"https:\/\/marshallradio.com\/eu\/wp-json\/wp\/v2\/product_tag?post=47522"}],"curies":[{"name":"wp","href":"https:\/\/api.w.org\/{rel}","templated":true}]}}