
{"id":49789,"date":"2023-03-15T17:15:31","date_gmt":"2023-03-15T17:15:38","guid":{"rendered":"https:\/\/marshallradio.com\/eu\/?post_type=product&#038;p=49789"},"modified":"2023-03-15T18:03:38","modified_gmt":"2023-03-15T18:03:38","slug":"rt-emetteur-vhf","status":"publish","type":"product","link":"https:\/\/marshallradio.com\/eu\/product\/rt-emetteur-vhf\/?lang=fr","title":{"rendered":"RT \u00e9metteur VHF"},"content":{"rendered":"<p>&nbsp;<\/p>\n<p><b>M\u00c9THODES DE MONTAGE &#8211; Convertible pour une polyvalence maximale<\/b><\/p>\n<p>\u00c0 l&#8217;aide du ressort de queue inclus, le RT peut \u00eatre fix\u00e9 au pont \u00e0 l&#8217;aide de la taille appropri\u00e9e <a href=\"https:\/\/marshallradio.com\/eu\/produit\/queues-de-marshall-en-aluminium\/?lang=fr\">cordier<\/a> ou mont\u00e9 sur le <a href=\"https:\/\/marshallradio.com\/eu\/produit\/systeme-de-montage-sur-rail\/?lang=fr\">TrackPack<\/a>.<\/p>\n<p>Vous pouvez \u00e9galement sp\u00e9cifier soit le support de jambe (couvercle de style Bewitt, \u00e9galement adapt\u00e9 au montage sur le cou)\u00a0; ou le syst\u00e8me Marshall EZ twist pour un montage de jambe sans tracas et d&#8217;une seule main sur votre raptor. Les ressorts de queue peuvent \u00eatre facilement retir\u00e9s\/install\u00e9s pour passer des configurations de queue \u00e0 jambe. Les ressorts arri\u00e8re et les antennes sont \u00e9galement facilement rempla\u00e7ables pour maintenir votre \u00e9metteur en parfait \u00e9tat de fonctionnement pour les ann\u00e9es \u00e0 venir.<\/p>\n<p><strong>LED PLEINE COULEUR<\/strong><\/p>\n<p>Super efficace, le RT utilise la derni\u00e8re technologie LED multicolore pour vous donner l&#8217;\u00e9tat de l&#8217;\u00e9metteur en un coup d&#8217;\u0153il.<\/p>\n<p>Chaque couleur indique :<\/p>\n<ul>\n<li>VERT = alimentation et fonctionnement normaux<\/li>\n<li>JAUNE = mode batterie faible, il est temps de changer la batterie<\/li>\n<li>ROUGE = Batterie presque d\u00e9charg\u00e9e (moins de 24\u00a0heures restantes)<\/li>\n<\/ul>\n<p><strong>INTERRUPTEUR MAGN\u00c9TIQUE<\/strong><\/p>\n<p>Avec l&#8217;interrupteur magn\u00e9tique marche\/arr\u00eat, les piles peuvent \u00eatre laiss\u00e9es \u00e0 l&#8217;int\u00e9rieur des \u00e9metteurs jusqu&#8217;\u00e0 ce qu&#8217;elles aient besoin d&#8217;\u00eatre chang\u00e9es. Pour allumer, appuyez simplement sur l&#8217;aimant sur le couvercle ou le corps de l&#8217;\u00e9metteur jusqu&#8217;\u00e0 ce que vous voyiez trois clignotements rapides de LED (avec 3 bips sur votre r\u00e9cepteur UHF), ce qui vous indique que l&#8217;\u00e9metteur est allum\u00e9 et en marche. Faites de m\u00eame pour \u00e9teindre l&#8217;\u00e9metteur. Si l&#8217;aimant est perdu, l&#8217;\u00e9metteur peut toujours \u00eatre allum\u00e9 et \u00e9teint manuellement en retirant la batterie.<strong><br \/>\n<\/strong><\/p>\n<p><strong>ANTENNE<\/strong><\/p>\n<p>Le RT VHF est r\u00e9gl\u00e9 pour une antenne de 9,5&#8243; de longueur moyenne, offrant le meilleur \u00e9quilibre entre une port\u00e9e optimale et une longueur courte pour la s\u00e9curit\u00e9.<\/p>\n<p>&nbsp;<\/p>\n<p><strong>Les \u00e9metteurs de t\u00e9l\u00e9m\u00e9trie RT VHF sont compatibles avec nos batteries rechargeables.<\/strong><\/p>\n<p>L&#8217;utilisation de batteries rechargeables avec votre RT offre une port\u00e9e de suivi encore plus grande et permet \u00e0 chaque vol de commencer avec une batterie pleine, ce qui donne un temps de r\u00e9cup\u00e9ration maximal en cas de besoin. Pour acheter cette option, <a href=\"https:\/\/marshallradio.com\/eu\/produit\/rt-gps-rechargeable-battery-kit\/?lang=fr\">cliquez ici pour nos kits de chargeur.<\/a> Dans les notes \u00e0 la caisse, veuillez noter si le kit de chargeur est pour votre RT afin que nous puissions au mieux correspondre \u00e0 la couleur de votre \u00e9metteur. Si vous avez d\u00e9j\u00e0 une base de chargeur, vous pouvez simplement acheter une seule batterie rechargeable<a href=\"https:\/\/marshallradio.com\/eu\/produit\/piles-rechargeables-supplementaires\/?lang=fr\">ici.<\/a> Si vous avez d\u00e9j\u00e0 les batteries rechargeables pour votre GPS, la m\u00eame batterie peut \u00eatre utilis\u00e9e avec votre RT. La dur\u00e9e de vie de la batterie est de 7 \u00e0 10 jours.<\/p>\n<p>&nbsp;<\/p>\n<p><strong>\u00c0 QUEL TYPE DE GAMME PEUT-ON VOUS ATTENDRE\u00a0?<\/strong><\/p>\n<p>Nous avons test\u00e9 ces \u00e9metteurs avec une bonne ligne de vis\u00e9e du signal \u00e0 plus de 70 milles. Mais les mesures importantes sont au sol et sur le terrain de chasse r\u00e9el o\u00f9 il y a des obstacles et d&#8217;autres conditions qui affectent n\u00e9gativement le signal. Et dans toutes les situations que vous rencontrerez, le RT VHF fournira la meilleure port\u00e9e possible.<\/p>\n","protected":false},"excerpt":{"rendered":"<p>\u00c9tablissant la nouvelle norme de t\u00e9l\u00e9m\u00e9trie VHF, le nouveau RT VHF est notre \u00e9metteur de t\u00e9l\u00e9m\u00e9trie traditionnel le plus robuste et le plus polyvalent. Il offre une s\u00e9curit\u00e9 maximale lors de la r\u00e9cup\u00e9ration de votre oiseau. Disponible pour une utilisation dans n&#8217;importe quelle configuration de montage (jambe, queue, sac \u00e0 dos ou montage sur le cou), le RT peut \u00eatre command\u00e9 sur le canal de votre choix dans la bande 216-218 MHz.<\/p>\n<p>Le nouveau RT remplace les anciens RT Plus et PowerMax, offrant une autonomie \u00e9gale au PowerMax, avec une dur\u00e9e de vie de la batterie sup\u00e9rieure, des options de jambe\/queue, une robustesse sup\u00e9rieure et des fonctionnalit\u00e9s modernes telles que la LED couleur et une efficacit\u00e9 sup\u00e9rieure.<\/p>\n<p>Pour les grands faucons et faucons, nous recommandons l&#8217;utilisation du RT comme \u00e9metteur de suivi principal ou comme \u00e9metteur secondaire id\u00e9al longue dur\u00e9e\/longue port\u00e9e lorsqu&#8217;il est utilis\u00e9 avec le GPS Marshall.<\/p>\n<div class=\"read-more\"><a href=\"https:\/\/marshallradio.com\/eu\/product\/rt-emetteur-vhf\/?lang=fr\">Read more <span class=\"screen-reader-text\">RT \u00e9metteur VHF<\/span><span class=\"meta-nav\"> &#8250;<\/span><\/a><\/div>\n<p><!-- end of .read-more --><\/p>\n","protected":false},"featured_media":49849,"template":"","meta":{"_acf_changed":false},"product_brand":[],"product_cat":[85],"product_tag":[],"class_list":{"0":"post-49789","1":"product","2":"type-product","3":"status-publish","4":"has-post-thumbnail","6":"product_cat-emetteurs","8":"first","9":"instock","10":"taxable","11":"shipping-taxable","12":"purchasable","13":"product-type-variable"},"acf":[],"_links":{"self":[{"href":"https:\/\/marshallradio.com\/eu\/wp-json\/wp\/v2\/product\/49789","targetHints":{"allow":["GET"]}}],"collection":[{"href":"https:\/\/marshallradio.com\/eu\/wp-json\/wp\/v2\/product"}],"about":[{"href":"https:\/\/marshallradio.com\/eu\/wp-json\/wp\/v2\/types\/product"}],"wp:featuredmedia":[{"embeddable":true,"href":"https:\/\/marshallradio.com\/eu\/wp-json\/wp\/v2\/media\/49849"}],"wp:attachment":[{"href":"https:\/\/marshallradio.com\/eu\/wp-json\/wp\/v2\/media?parent=49789"}],"wp:term":[{"taxonomy":"product_brand","embeddable":true,"href":"https:\/\/marshallradio.com\/eu\/wp-json\/wp\/v2\/product_brand?post=49789"},{"taxonomy":"product_cat","embeddable":true,"href":"https:\/\/marshallradio.com\/eu\/wp-json\/wp\/v2\/product_cat?post=49789"},{"taxonomy":"product_tag","embeddable":true,"href":"https:\/\/marshallradio.com\/eu\/wp-json\/wp\/v2\/product_tag?post=49789"}],"curies":[{"name":"wp","href":"https:\/\/api.w.org\/{rel}","templated":true}]}}